{"id":5506,"date":"2023-05-29T11:04:06","date_gmt":"2023-05-29T09:04:06","guid":{"rendered":"https:\/\/old.zdravlje.co.rs\/o-nama\/"},"modified":"2024-04-04T11:41:02","modified_gmt":"2024-04-04T09:41:02","slug":"o-nama","status":"publish","type":"page","link":"https:\/\/old.zdravlje.co.rs\/sr\/o-nama\/","title":{"rendered":"O nama"},"content":{"rendered":"<p><section id=\"development\"  class=\"boldSection topSemiSpaced bottomSmallSpaced gutter boxed inherit\" ><div class=\"port\"><div class=\"boldCell\"><div class=\"boldCellInner\"><div class=\"boldRow \" ><div class=\"boldRowInner\"><div class=\"rowItem col-md-4 col-ms-12 btTextLeft\"  data-width=\"4\"><div class=\"rowItemContent\" ><div class=\"btText\" ><\/p>\n<h3>CDMO &#8211; Organizacija ugovorne proizvodnje i razvoja<\/h3>\n<p>\n<\/div><\/div><\/div><div class=\"rowItem col-md-8 col-ms-12 btTextLeft\"  data-width=\"8\"><div class=\"rowItemContent\" ><div class=\"btText\" ><\/p>\n<p>Zdravlje u okviru svog poslovanja potpuno integri\u0161e razvoj, proizvodnju i distribuciju biofarmaceutskih preparata sa dokazanim iskustvom dugim 70 godina. Od aprila 2021. godine smo u vlasni\u0161tvu i pod rukovodstvom Frontier Baystone-a, specijalizovanog farmaceutskog investitora i operatera sa sedi\u0161tem u Ujedinjenom Kraljevstvu, koji se sastoji od veterana biofarmaceutske industrije sa iskustvom u izgradnji uspe\u0161nih multinacionalnih kompanija. Zapo\u0161ljavamo vi\u0161e od 360 ljudi i snabdevamo preko 40 zemalja \u0161irom sveta (obuhvatajuc\u0301i Evropu, Ujedinjeno Kraljevstvo, Latinsku Ameriku, Azijsko-pacifi\u010dki region i Afriku) farmaceutskim proizvodima visokog kvaliteta iz na\u0161ih proizvodnih pogona u skladu sa dobrom proizvo\u0111a\u010dkom praksom (EU GMP sertifikat).<\/p>\n<p>\n<\/div><\/div><\/div><\/div><\/div><\/div><\/div><\/div><\/section><section id=\"development\"  class=\"boldSection topSemiSpaced bottomSmallSpaced gutter boxed inherit\" ><div class=\"port\"><div class=\"boldCell\"><div class=\"boldCellInner\"><div class=\"boldRow \" ><div class=\"boldRowInner\"><div class=\"rowItem col-md-6 col-sm-12 btTextLeft\"  data-width=\"6\"><div class=\"rowItemContent\" ><div class=\"bpgPhoto btDefaultHoverType\" ><div class = \"btImage\"><img decoding=\"async\" src=\"https:\/\/old.zdravlje.co.rs\/wp-content\/uploads\/2023\/06\/AboutUs_1.jpeg\" alt=\"\" title=\"\"><\/div><\/div><\/div><\/div><div class=\"rowItem col-md-6 col-sm-12 btTextLeft\"  data-width=\"6\"><div class=\"rowItemContent\" ><div class=\"bpgPhoto btDefaultHoverType\" ><div class = \"btImage\"><img decoding=\"async\" src=\"https:\/\/old.zdravlje.co.rs\/wp-content\/uploads\/2023\/06\/AboutUs_22.jpeg\" alt=\"\" title=\"\"><\/div><\/div><\/div><\/div><\/div><\/div><\/div><\/div><\/div><\/section><section id=\"portfolio\"  class=\"boldSection topSemiSpaced bottomSmallSpaced gutter boxed inherit\" ><div class=\"port\"><div class=\"boldCell\"><div class=\"boldCellInner\"><div class=\"boldRow \" ><div class=\"boldRowInner\"><div class=\"rowItem col-md-4 col-ms-12 btTextLeft\"  data-width=\"4\"><div class=\"rowItemContent\" ><div class=\"btText\" ><\/p>\n<h3>Portfolio<\/h3>\n<p>\n<\/div><\/div><\/div><div class=\"rowItem col-md-8 col-ms-12 btTextLeft\"  data-width=\"8\"><div class=\"rowItemContent\" ><div class=\"btText\" ><\/p>\n<p>Na\u0161a strategija je da odgovorimo na nezadovoljene medicinske potrebe kroz isporuku inovativnih i diferenciranih proizvoda na rastuc\u0301im tr\u017ei\u0161tima u centralnoj i isto\u010dnoj Evropi. Fokusirani smo na preparate koji se izdaju na recept i dodatke ishrani, kao i na terapije za hroni\u010dna oboljenja i terapije za uska terapeutska podru\u010dja.<\/p>\n<p>\n<\/div><\/div><\/div><\/div><\/div><\/div><\/div><\/div><\/section><section id=\"partnerships\"  class=\"boldSection topSemiSpaced bottomSmallSpaced gutter boxed inherit\" ><div class=\"port\"><div class=\"boldCell\"><div class=\"boldCellInner\"><div class=\"boldRow \" ><div class=\"boldRowInner\"><div class=\"rowItem col-md-4 col-ms-12 btTextLeft\"  data-width=\"4\"><div class=\"rowItemContent\" ><div class=\"btText\" ><\/p>\n<h3>Usluge<\/h3>\n<p>\n<\/div><\/div><\/div><div class=\"rowItem col-md-8 col-ms-12 btTextLeft\"  data-width=\"8\"><div class=\"rowItemContent\" ><div class=\"btText\" ><\/p>\n<p>Mi smo partner od poverenja kompanijama koje tra\u017ee pouzdane usluge razvoja i proizvodnje visokog kvaliteta i one koje \u017eele da pristupe tr\u017ei\u0161tima visoke vrednosti \u0161irom centralne i isto\u010dne Evrope, biv\u0161e Jugoslavije i ZND.<\/p>\n<p>\n<\/div><\/div><\/div><\/div><\/div><\/div><\/div><\/div><\/section><section id=\"development\"  class=\"boldSection topSemiSpaced bottomSmallSpaced gutter boxed inherit\" ><div class=\"port\"><div class=\"boldCell\"><div class=\"boldCellInner\"><div class=\"boldRow \" ><div class=\"boldRowInner\"><div class=\"rowItem col-md-4 col-ms-12 btTextLeft\"  data-width=\"4\"><div class=\"rowItemContent\" ><div class=\"bpgPhoto btDefaultHoverType\" ><div class = \"btImage\"><img decoding=\"async\" src=\"https:\/\/old.zdravlje.co.rs\/wp-content\/uploads\/2023\/06\/About_03.jpeg\" alt=\"\" title=\"\"><\/div><\/div><\/div><\/div><div class=\"rowItem col-md-4 col-ms-12 btTextLeft\"  data-width=\"4\"><div class=\"rowItemContent\" ><div class=\"bpgPhoto btDefaultHoverType\" ><div class = \"btImage\"><img decoding=\"async\" src=\"https:\/\/old.zdravlje.co.rs\/wp-content\/uploads\/2023\/06\/About_05.jpeg\" alt=\"\" title=\"\"><\/div><\/div><\/div><\/div><div class=\"rowItem col-md-4 col-ms-12 btTextLeft\"  data-width=\"4\"><div class=\"rowItemContent\" ><div class=\"bpgPhoto btDefaultHoverType\" ><div class = \"btImage\"><img decoding=\"async\" src=\"https:\/\/old.zdravlje.co.rs\/wp-content\/uploads\/2023\/07\/About_04-new.jpg\" alt=\"\" title=\"\"><\/div><\/div><\/div><\/div><\/div><\/div><\/div><\/div><\/div><\/section><section id=\"biotechnology\"  class=\"boldSection topSemiSpaced bottomSpaced gutter boxed inherit\" ><div class=\"port\"><div class=\"boldCell\"><div class=\"boldCellInner\"><div class=\"boldRow \" ><div class=\"boldRowInner\"><div class=\"rowItem col-md-4 col-ms-12 btTextLeft\"  data-width=\"4\"><div class=\"rowItemContent\" ><div class=\"btText\" ><\/p>\n<h3>Biotehnologija<\/h3>\n<p>\n<\/div><\/div><\/div><div class=\"rowItem col-md-8 col-ms-12 btTextLeft\"  data-width=\"8\"><div class=\"rowItemContent\" ><div class=\"btText\" ><\/p>\n<p>Pokre\u0107emo razli\u010dite biotehnolo\u0161ke i biolo\u0161ke projekte s ciljem da inovativne terapije budu dostupnije pacijentima u Evropi, kao i u zemljama u razvoju. Na\u0161 glavni fokus uklju\u010duje monoklonska antitela, vakcine, insulin, krvne derivate i imunoterapije.<\/p>\n<p>\n<\/div><\/div><\/div><\/div><\/div><\/div><\/div><\/div><\/section><\/p>\n","protected":false},"excerpt":{"rendered":"","protected":false},"author":4,"featured_media":5305,"parent":0,"menu_order":0,"comment_status":"closed","ping_status":"closed","template":"","meta":{"footnotes":""},"class_list":["post-5506","page","type-page","status-publish","has-post-thumbnail","hentry"],"_links":{"self":[{"href":"https:\/\/old.zdravlje.co.rs\/sr\/wp-json\/wp\/v2\/pages\/5506","targetHints":{"allow":["GET"]}}],"collection":[{"href":"https:\/\/old.zdravlje.co.rs\/sr\/wp-json\/wp\/v2\/pages"}],"about":[{"href":"https:\/\/old.zdravlje.co.rs\/sr\/wp-json\/wp\/v2\/types\/page"}],"author":[{"embeddable":true,"href":"https:\/\/old.zdravlje.co.rs\/sr\/wp-json\/wp\/v2\/users\/4"}],"replies":[{"embeddable":true,"href":"https:\/\/old.zdravlje.co.rs\/sr\/wp-json\/wp\/v2\/comments?post=5506"}],"version-history":[{"count":3,"href":"https:\/\/old.zdravlje.co.rs\/sr\/wp-json\/wp\/v2\/pages\/5506\/revisions"}],"predecessor-version":[{"id":5853,"href":"https:\/\/old.zdravlje.co.rs\/sr\/wp-json\/wp\/v2\/pages\/5506\/revisions\/5853"}],"wp:featuredmedia":[{"embeddable":true,"href":"https:\/\/old.zdravlje.co.rs\/sr\/wp-json\/wp\/v2\/media\/5305"}],"wp:attachment":[{"href":"https:\/\/old.zdravlje.co.rs\/sr\/wp-json\/wp\/v2\/media?parent=5506"}],"curies":[{"name":"wp","href":"https:\/\/api.w.org\/{rel}","templated":true}]}}