{"id":5508,"date":"2023-05-29T11:25:24","date_gmt":"2023-05-29T09:25:24","guid":{"rendered":"https:\/\/old.zdravlje.co.rs\/bioloski\/"},"modified":"2024-04-04T12:23:58","modified_gmt":"2024-04-04T10:23:58","slug":"bioloski","status":"publish","type":"page","link":"https:\/\/old.zdravlje.co.rs\/sr\/bioloski\/","title":{"rendered":"Biolo\u0161ki lekovi"},"content":{"rendered":"<section id=\"bt_section69f49bfecb70d\"  class=\"boldSection topSemiSpaced bottomSemiSpaced gutter boxed inherit\" ><div class=\"port\"><div class=\"boldCell\"><div class=\"boldCellInner\"><div class=\"boldRow \" ><div class=\"boldRowInner\"><div class=\"rowItem col-md-6 col-sm-12 btTextLeft inherit\"  data-width=\"6\"><div class=\"rowItemContent\" ><div class=\"btText\" ><\/p>\n<p>Biolo\u0161ka terapija, koja se tako\u0111e naziva i biolo\u0161ki lekovi, predstavlja klasu lekova koji se uzgajaju i zatim pre\u010di\u0161c\u0301avaju od \u017eivih organizama kao \u0161to su c\u0301elijske kulture bakterija, kvasca, biljnih ili \u017eivotinjskih c\u0301elija. Biolo\u0161ki lekovi su raznovrsna grupa lekova koja uklju\u010duje vakcine, faktore rasta, imunomodulatore, monoklonska antitela, insulin i krvne derivate. Ono \u0161to biolo\u0161ke lekove razlikuje od drugih lekova je to \u0161to su to proteini pre\u010di\u0161c\u0301eni od sistema \u017eivih kultura ili krvi, dok se drugi lekovi smatraju \u201emalim molekulima\u201c i napravljeni su sinteti\u010dki (npr. hemikalije) ili pre\u010di\u0161c\u0301eni od biljaka.<\/p>\n<p>\n<\/div><\/div><\/div><div class=\"rowItem col-md-6 col-sm-12 btTextLeft inherit\"  data-width=\"6\"><div class=\"rowItemContent\" ><div class=\"btText\" ><\/p>\n<h5>Regkirona 60 mg\/mL koncentrat za rastvor za infuziju (INN: regdanvimab).<\/h5>\n<p>Aktivna supstanca Regkirone je regdanvimab. To je monoklonsko antitelo koje se koristi za le\u010denje COVID-19, bolesti izazvane virusom SARS-CoV-2.<br \/>\nKompanija Zdravlje je dobila licencu za ovaj proizvod za nekoliko teritorija od Celltrion Healthcare-a, svetskog lidera na polju biolo\u0161kih lekova.<\/p>\n<p>\n<\/div><\/div><\/div><\/div><\/div><\/div><\/div><\/div><\/section>\n","protected":false},"excerpt":{"rendered":"","protected":false},"author":4,"featured_media":5305,"parent":0,"menu_order":0,"comment_status":"closed","ping_status":"closed","template":"","meta":{"footnotes":""},"class_list":["post-5508","page","type-page","status-publish","has-post-thumbnail","hentry"],"_links":{"self":[{"href":"https:\/\/old.zdravlje.co.rs\/sr\/wp-json\/wp\/v2\/pages\/5508","targetHints":{"allow":["GET"]}}],"collection":[{"href":"https:\/\/old.zdravlje.co.rs\/sr\/wp-json\/wp\/v2\/pages"}],"about":[{"href":"https:\/\/old.zdravlje.co.rs\/sr\/wp-json\/wp\/v2\/types\/page"}],"author":[{"embeddable":true,"href":"https:\/\/old.zdravlje.co.rs\/sr\/wp-json\/wp\/v2\/users\/4"}],"replies":[{"embeddable":true,"href":"https:\/\/old.zdravlje.co.rs\/sr\/wp-json\/wp\/v2\/comments?post=5508"}],"version-history":[{"count":2,"href":"https:\/\/old.zdravlje.co.rs\/sr\/wp-json\/wp\/v2\/pages\/5508\/revisions"}],"predecessor-version":[{"id":5863,"href":"https:\/\/old.zdravlje.co.rs\/sr\/wp-json\/wp\/v2\/pages\/5508\/revisions\/5863"}],"wp:featuredmedia":[{"embeddable":true,"href":"https:\/\/old.zdravlje.co.rs\/sr\/wp-json\/wp\/v2\/media\/5305"}],"wp:attachment":[{"href":"https:\/\/old.zdravlje.co.rs\/sr\/wp-json\/wp\/v2\/media?parent=5508"}],"curies":[{"name":"wp","href":"https:\/\/api.w.org\/{rel}","templated":true}]}}