{"id":5512,"date":"2023-05-29T11:38:25","date_gmt":"2023-05-29T09:38:25","guid":{"rendered":"https:\/\/old.zdravlje.co.rs\/saglasnost\/"},"modified":"2024-06-17T16:12:19","modified_gmt":"2024-06-17T14:12:19","slug":"saglasnost","status":"publish","type":"page","link":"https:\/\/old.zdravlje.co.rs\/sr\/saglasnost\/","title":{"rendered":"Uskla\u0111enost poslovanja"},"content":{"rendered":"<section id=\"bt_section69f49cd3847af\"  class=\"boldSection topSemiSpaced gutter boxed inherit\" ><div class=\"port\"><div class=\"boldCell\"><div class=\"boldCellInner\"><div class=\"boldRow \" ><div class=\"boldRowInner\"><div class=\"rowItem col-md-8 col-ms-12 btTextLeft animate animate-fadein inherit\"  data-width=\"8\"><div class=\"rowItemContent\" ><div class=\"btClear btSeparator topSmallSpaced noBorder\" ><hr><\/div><div class=\"btText\" ><\/p>\n<p>Kodeks pona\u0161anja sadr\u017ei na\u010dela kojima se vodimo. Svako od nas bi trebalo da poznaje, razume i primenjuje ova na\u010dela u svakodnevnom radu, bez obzira na svoju poziciju ili funkciju u kompaniji. Ovaj referentni dokument je ovde da podr\u017ei svakog u Zdravlju kako bismo ostali verni na\u0161oj posve\u0107enosti ljudima, pacijentima, lekarima, nau\u010dnicima, partnerima, investitorima i \u0161iroj dru\u0161tvenoj zajednici.<\/p>\n<p>\n<\/div><div class=\"btClear btSeparator topSemiSpaced noBorder\" ><hr><\/div><a href=\"https:\/\/old.zdravlje.co.rs\/wp-content\/uploads\/2024\/04\/ZDRAVLJE_Kodeks-ponasanja_SRB_2024_Bez-datuma.pdf\" class=\"btBtn btBtn btnOutlineStyle btnNormalColor btnMedium btnFullWidth btnRightPosition btnIco\" ><span class=\"btnInnerText\">Preuzmi Kodeks pona\u0161anja<\/span><span class=\"btIco \"><span  data-ico-fa=\"&#xf107;\" class=\"btIcoHolder\"><\/span><\/span><\/a><div class=\"btClear btSeparator topSmallSpaced noBorder\" ><hr><\/div><a href=\"https:\/\/old.zdravlje.co.rs\/wp-content\/uploads\/2024\/04\/KODEKS-ZA-BORBU-PROTIV-KORUPCIJE-I-MITA_Zdravlje_25April2024.pdf\" class=\"btBtn btBtn btnOutlineStyle btnNormalColor btnMedium btnFullWidth btnRightPosition btnIco\" ><span class=\"btnInnerText\">Kodeks za borbu protiv korupcije i mita<\/span><span class=\"btIco \"><span  data-ico-fa=\"&#xf107;\" class=\"btIcoHolder\"><\/span><\/span><\/a><div class=\"btClear btSeparator topSmallSpaced noBorder\" ><hr><\/div><a href=\"https:\/\/old.zdravlje.co.rs\/wp-content\/uploads\/2024\/06\/Human-Rights-and-working-conditions-statement.pdf\" class=\"btBtn btBtn btnOutlineStyle btnNormalColor btnMedium btnFullWidth btnRightPosition btnIco\" ><span class=\"btnInnerText\">Human Rights and Working Conditions Statements<\/span><span class=\"btIco \"><span  data-ico-fa=\"&#xf107;\" class=\"btIcoHolder\"><\/span><\/span><\/a><\/div><\/div><div class=\"rowItem col-md-4 col-ms-12 btTextLeft animate animate-fadein inherit\"  data-width=\"4\"><div class=\"rowItemContent\" ><div class=\"btClear btSeparator topSmallSpaced noBorder\" ><hr><\/div><div class=\"bpgPhoto btDefaultHoverType\" ><div class = \"btImage\"><img decoding=\"async\" src=\"https:\/\/old.zdravlje.co.rs\/wp-content\/uploads\/2023\/06\/Nalsovna.jpg\" alt=\"\" title=\"\"><\/div><\/div><div class=\"btClear btSeparator topSmallSpaced bottomSemiSpaced noBorder\" ><hr><\/div><\/div><\/div><\/div><\/div><\/div><\/div><\/div><\/section>\n","protected":false},"excerpt":{"rendered":"","protected":false},"author":4,"featured_media":5305,"parent":0,"menu_order":0,"comment_status":"closed","ping_status":"closed","template":"","meta":{"footnotes":""},"class_list":["post-5512","page","type-page","status-publish","has-post-thumbnail","hentry"],"_links":{"self":[{"href":"https:\/\/old.zdravlje.co.rs\/sr\/wp-json\/wp\/v2\/pages\/5512","targetHints":{"allow":["GET"]}}],"collection":[{"href":"https:\/\/old.zdravlje.co.rs\/sr\/wp-json\/wp\/v2\/pages"}],"about":[{"href":"https:\/\/old.zdravlje.co.rs\/sr\/wp-json\/wp\/v2\/types\/page"}],"author":[{"embeddable":true,"href":"https:\/\/old.zdravlje.co.rs\/sr\/wp-json\/wp\/v2\/users\/4"}],"replies":[{"embeddable":true,"href":"https:\/\/old.zdravlje.co.rs\/sr\/wp-json\/wp\/v2\/comments?post=5512"}],"version-history":[{"count":5,"href":"https:\/\/old.zdravlje.co.rs\/sr\/wp-json\/wp\/v2\/pages\/5512\/revisions"}],"predecessor-version":[{"id":5993,"href":"https:\/\/old.zdravlje.co.rs\/sr\/wp-json\/wp\/v2\/pages\/5512\/revisions\/5993"}],"wp:featuredmedia":[{"embeddable":true,"href":"https:\/\/old.zdravlje.co.rs\/sr\/wp-json\/wp\/v2\/media\/5305"}],"wp:attachment":[{"href":"https:\/\/old.zdravlje.co.rs\/sr\/wp-json\/wp\/v2\/media?parent=5512"}],"curies":[{"name":"wp","href":"https:\/\/api.w.org\/{rel}","templated":true}]}}