{"id":5518,"date":"2022-04-17T17:27:46","date_gmt":"2022-04-17T15:27:46","guid":{"rendered":"https:\/\/old.zdravlje.co.rs\/informacije-o-obradi-licnih-podataka\/"},"modified":"2022-04-17T17:27:46","modified_gmt":"2022-04-17T15:27:46","slug":"informacije-o-obradi-licnih-podataka","status":"publish","type":"page","link":"https:\/\/old.zdravlje.co.rs\/sr\/informacije-o-obradi-licnih-podataka\/","title":{"rendered":"Informacije o obradi li\u010dnih podataka"},"content":{"rendered":"<section id=\"bt_section69f49efa81a8f\"  class=\"boldSection gutter \" ><div class=\"port\"><div class=\"boldCell\"><div class=\"boldCellInner\"><div class=\"boldRow \" ><div class=\"boldRowInner\"><div class=\"rowItem col-md-12 col-ms-12  btTextLeft\"  data-width=\"12\"><div class=\"rowItemContent\" ><div class=\"btClear btSeparator bottomSpaced noBorder\" ><hr><\/div><div class=\"btText\" ><\/p>\n<p>Informacija o obradi li\u010dnih podataka odnosi se na obradu podataka o li\u010dnosti od strane rukovaoca Zdravlje.<\/p>\n<p>Zdravlje\u00a0obra\u0111uje li\u010dne podatke sledec\u0301ih fizi\u010dkih lica: zaposlenih, stru\u010dnih saradnika, poslovnih partnera, kandidata koji se prijavljuju za posao u\u00a0Zdravlju, lica koja posec\u0301uju veb stranicu i zvani\u010dne stranice\u00a0Zdravlja\u00a0na dru\u0161tvenim mre\u017eama, kao i li\u010dne podatke drugih lica kojima\u00a0Zdravlje dolazi u vezi sa obavljanjem delatnosti.<\/p>\n<p>Zdravlje\u00a0obra\u0111uje li\u010dne podatke koji su mu potrebni za redovno poslovanje, u zavisnosti od konkretnih poslovnih potreba, a to su: ime i prezime, adresa, datum i mesto ro\u0111enja, mati\u010dni broj, zanimanje i stepen obrazovanja, podaci o ve\u0161tinama i radnom iskustvu, podaci o ocenama rada, podacima o znanju stranih jezika, obukama, e-mail adresi, broju telefona, broju \u017eiro ra\u010duna, visini zarade, odnosno naknade koju lice ostvaruje, visini bonusa i drugih primanja kao i druge podatke o ste\u010denim licima. od\u00a0Zdravlje\u00a0u okviru registrovane aktivnosti.<\/p>\n<p><strong>Obrada podataka radi ispunjenja ugovornih obaveza<\/strong><\/p>\n<p>Zdravlje je rukovalac li\u010dnih podataka fizi\u010dkih lica (zaposlenih\/lica anga\u017eovanih po nekom drugom pravnom osnovu\/poslovnih partnera), uklju\u010dujuc\u0301i i podatke o zdravstvenom stanju, koji se prikupljaju i obra\u0111uju u cilju ispunjenja obaveza iz ugovora zaklju\u010denog radi obavljanja poslova. svoju registrovanu delatnost. Obrada podataka se vr\u0161i na osnovu navedenih ugovora i bez prikupljanja i obrade li\u010dnih podataka lica,\u00a0Zdravlje\u00a0nije u moguc\u0301nosti da ispunjava svoje obaveze iz ugovora koje zaklju\u010duje radi obavljanja registrovane delatnosti. Ove podatke Zdravlje \u010duva trajno u oblasti rada i u drugim oblastima sve dok postoji osnov za njihovu obradu, uz primenu svih adekvatnih tehni\u010dkih i organizacionih mera za\u0161tite podataka u skladu sa zakonom i internim aktima\u00a0Zdravlja.<\/p>\n<p>Zdravlje\u00a0prosleduje li\u010dne podatke: 1) svojim akcionarima i zaposlenima koji, u skladu sa zakonom i prirodom posla koji obavljaju, moraju da imaju pristup tim podacima, kao i trec\u0301im licima sa kojima\u00a0Zdravlje\u00a0ima ugovor i u svrhu ispunjenja obaveza iz ugovora; 2) ovla\u0161c\u0301eni dr\u017eavni organi na njihov zahtev; 3) ovla\u0161c\u0301eno dru\u0161tvo za reviziju koje je\u00a0Zdravlje\u00a0u obavezi da anga\u017euje u skladu sa odredbama zakona; 4) poslovni partneri radi ispunjenja zaklju\u010denih ugovora.<\/p>\n<p>Prenos podataka se vr\u0161i na osnovu adekvatnih mera za\u0161tite preduzetih u vidu standardne ugovorne klauzule, osim u slu\u010daju prenosa podataka ovla\u0161c\u0301enim dr\u017eavnim organima kojima se podaci dostavljaju na osnovu zakona.<\/p>\n<p><strong>Obrada podataka u cilju ispunjavanja zakonskih obaveza<\/strong><\/p>\n<p>Zdravlje\u00a0obra\u0111uje li\u010dne podatke lica u svrhu ispunjavanja zakonskih obaveza. Podaci koji se obra\u0111uju u ovu svrhu \u010duvaju se najmanje u zakonskom roku ili dok postoji osnov za obradu podataka.<\/p>\n<p><strong>Obrada podataka u marketin\u0161ke svrhe<\/strong><\/p>\n<p>Zdravlje\u00a0obra\u0111uje li\u010dne podatke, kao \u0161to su: ime i prezime, broj telefona, e-mail adresa, adresa stanovanja u cilju informisanja o promocijama i ponudama proizvoda i usluga, samo na osnovu prethodne saglasnosti. Zdravlje\u00a0podatke koje obra\u0111uje u svrhu ponude proizvoda i usluga i informisanja o promotivnim akcijama \u010duva pet godina, odnosno do oduzimanja odobrenja, uz primenu svih adekvatnih tehni\u010dkih i organizacionih mera za\u0161tite podataka u skladu sa zakonom i internim aktima Zdravlje.<\/p>\n<p><strong>Prava lica \u010diji se podaci obra\u0111uju<\/strong><\/p>\n<p>U skladu sa Zakonom o za\u0161titi podataka o li\u010dnosti, lice \u010diji se podaci obra\u0111uju ima sledec\u0301a prava:<\/p>\n<ul>\n<li>pravo pristupa;<\/li>\n<li>pravo na ispravku i dopunu;<\/li>\n<li>pravo na brisanje;<\/li>\n<li>pravo na ograni\u010denje obrade podataka;<\/li>\n<li>pravo na prenosivost podataka;<\/li>\n<li>prekid obrade (\u017ealbe), pravo protiv dono\u0161enja odluka na osnovu automatizovane obrade.<\/li>\n<\/ul>\n<p>Ako se obrada podataka o li\u010dnosti vr\u0161i na osnovu prethodno date saglasnosti, ta saglasnost mo\u017ee biti opozvana u bilo kom trenutku u skladu sa Zakonom o za\u0161titi podataka o li\u010dnosti.<\/p>\n<p>Opoziv saglasnosti nec\u0301e uticati na prihvatljivost obrade na osnovu saglasnosti pre opoziva.<\/p>\n<p><span style=\"font-weight: 400;\">Ukoliko smatrate da je obrada podataka o li\u010dnosti izvr\u0161ena suprotno odredbama Zakona o za\u0161titi podataka o li\u010dnosti, imate pravo da podnesete pritu\u017ebu Povereniku za informacije od javnog zna\u010daja i za\u0161titu podataka o li\u010dnosti. (e-mail: <\/span><a href=\"mailto:office@poverenik.rs\"><span style=\"font-weight: 400;\">office@poverenik.rs<\/span><\/a><span style=\"font-weight: 400;\">).<\/span><\/p>\n<p>Za pitanja u vezi sa obradom va\u0161ih podataka, mo\u017eete nas kontaktirati putem sledec\u0301ih sredstava komunikacije:<\/p>\n<ul>\n<li style=\"font-weight: 400;\" aria-level=\"1\"><span style=\"font-weight: 400;\">E-mail: <\/span><a href=\"mailto:info@zdravlje.co.rs\"><span style=\"font-weight: 400;\">info@zdravlje.co.rs<\/span><\/a><span style=\"font-weight: 400;\">;<\/span><\/li>\n<li style=\"font-weight: 400;\" aria-level=\"1\"><span style=\"font-weight: 400;\">Tel: (+381) 16 202 132;<\/span><\/li>\n<li style=\"font-weight: 400;\" aria-level=\"1\"><span style=\"font-weight: 400;\">E-mail za: Zdravlje AD Leskovac, HR Department, Vlajkova 199, 16000 Leskovac.<\/span><\/li>\n<\/ul>\n<p>\n<\/div><div class=\"btClear btSeparator bottomSpaced noBorder\" ><hr><\/div><\/div><\/div><\/div><\/div><\/div><\/div><\/div><\/section>\n","protected":false},"excerpt":{"rendered":"","protected":false},"author":1,"featured_media":5305,"parent":0,"menu_order":0,"comment_status":"closed","ping_status":"closed","template":"","meta":{"footnotes":""},"class_list":["post-5518","page","type-page","status-publish","has-post-thumbnail","hentry"],"_links":{"self":[{"href":"https:\/\/old.zdravlje.co.rs\/sr\/wp-json\/wp\/v2\/pages\/5518","targetHints":{"allow":["GET"]}}],"collection":[{"href":"https:\/\/old.zdravlje.co.rs\/sr\/wp-json\/wp\/v2\/pages"}],"about":[{"href":"https:\/\/old.zdravlje.co.rs\/sr\/wp-json\/wp\/v2\/types\/page"}],"author":[{"embeddable":true,"href":"https:\/\/old.zdravlje.co.rs\/sr\/wp-json\/wp\/v2\/users\/1"}],"replies":[{"embeddable":true,"href":"https:\/\/old.zdravlje.co.rs\/sr\/wp-json\/wp\/v2\/comments?post=5518"}],"version-history":[{"count":0,"href":"https:\/\/old.zdravlje.co.rs\/sr\/wp-json\/wp\/v2\/pages\/5518\/revisions"}],"wp:featuredmedia":[{"embeddable":true,"href":"https:\/\/old.zdravlje.co.rs\/sr\/wp-json\/wp\/v2\/media\/5305"}],"wp:attachment":[{"href":"https:\/\/old.zdravlje.co.rs\/sr\/wp-json\/wp\/v2\/media?parent=5518"}],"curies":[{"name":"wp","href":"https:\/\/api.w.org\/{rel}","templated":true}]}}