{"id":5522,"date":"2023-05-29T11:28:39","date_gmt":"2023-05-29T09:28:39","guid":{"rendered":"https:\/\/old.zdravlje.co.rs\/farmakovigilancija\/"},"modified":"2024-04-10T13:41:17","modified_gmt":"2024-04-10T11:41:17","slug":"farmakovigilanca","status":"publish","type":"page","link":"https:\/\/old.zdravlje.co.rs\/sr\/farmakovigilanca\/","title":{"rendered":"Farmakovigilanca"},"content":{"rendered":"<p><section id=\"bt_section69f49cd287b23\"  class=\"boldSection topSmallSpaced bottomSmallSpaced gutter boxed inherit\" ><div class=\"port\"><div class=\"boldCell\"><div class=\"boldCellInner\"><div class=\"boldRow \" ><div class=\"boldRowInner\"><div class=\"rowItem col-md-12 col-ms-12  btTextLeft\"  data-width=\"12\"><div class=\"rowItemContent\" ><header class=\"header btClear medium  regular\" ><div class=\"dash\"><h3><span class=\"headline\">Prijavljivanje ne\u017eeljenih reakcija na lekove<\/span><\/h3><\/div><\/header><div class=\"btTabs tabsVertical\"><ul class=\"tabsHeader\"><li><span>\u0160ta je ne\u017eeljena reakcija na lek?<\/span><\/li><li><span>Za\u0161to treba da prijavite ne\u017eeljenu reakciju na lek?<\/span><\/li><li><span>Kako prijaviti ne\u017eeljenu reakciju na lek?<\/span><\/li><\/ul><div class=\"tabPanes accordionPanes\"><div class=\"tabPane\">\n\t\t\t<div class=\"tabAccordionTitle\"><span>\u0160ta je ne\u017eeljena reakcija na lek?<\/span><\/div>\n\t\t\t<div class=\"tabAccordionContent\"><div class=\"btText\" ><\/p>\n<p>Svaka \u0161tetna i nenamerno izazvana reakcija na lek koja se pojavila pri primeni uobi\u010dajne doze leka kod ljudi (u svrhu le\u010denja, spre\u010davanja bolesti, postavljanja dijagnoze, obnove, pobolj\u0161anja ili promene fiziolo\u0161ke funkcije) ili pri primeni bilo koje doze leka u toku klini\u010dkog ispitivanja.<\/p>\n<p>\n<\/div><\/div>\n\t\t<\/div><div class=\"tabPane\">\n\t\t\t<div class=\"tabAccordionTitle\"><span>Za\u0161to treba da prijavite ne\u017eeljenu reakciju na lek?<\/span><\/div>\n\t\t\t<div class=\"tabAccordionContent\"><div class=\"btText\" ><\/p>\n<p>Prijavljivanje ne\u017eeljenih reakcija na lek za koji je Zdravlje nosilac dozvole dovodi do novih uvida u njegov bezbednosni profil, a za na\u0161u kompaniju bezbednost pacijenata je od najvec\u0301e va\u017enosti.<\/p>\n<p>Na\u0161a je eti\u010dka i regulatorna odgovornost da pratimo bezbednost lekova tokom <span class=\"ui-provider a b c d e f g h i j k l m n o p q r s t u v w x y z ab ac ae af ag ah ai aj ak\" dir=\"ltr\">njihovog \u017eivotnog ciklusa<\/span> \u2013 poznatog kao <span class=\"ui-provider a b c d e f g h i j k l m n o p q r s t u v w x y z ab ac ae af ag ah ai aj ak\" dir=\"ltr\">farmakovigilanca.<\/span><\/p>\n<p>Pravovremeno izve\u0161tavanje regulatornim telima je klju\u010dno za omoguc\u0301avanje uskla\u0111enosti sa regulatornim zahtevima.<\/p>\n<p>\n<\/div><\/div>\n\t\t<\/div><div class=\"tabPane\">\n\t\t\t<div class=\"tabAccordionTitle\"><span>Kako prijaviti ne\u017eeljenu reakciju na lek?<\/span><\/div>\n\t\t\t<div class=\"tabAccordionContent\"><div class=\"btText\" ><\/p>\n<p>Ne\u017eeljenu reakciju na lek Zdravlja mo\u017eete prijaviti tako \u0161to \u0107ete popuniti obrazac i poslati ga na e-mail adresu: <a href=\"mailto:farmakovigilanca@zdravlje.co.rs\">farmakovigilanca@zdravlje.co.rs<\/a><\/p>\n<p><a href=\"https:\/\/old.zdravlje.co.rs\/sr\/farmakovigilanca\/obrazac-nrl\/\" rel=\"attachment wp-att-5895\">Obrazac NRL<\/a><\/p>\n<p>\n<\/div><\/div>\n\t\t<\/div><\/div><\/div><\/div><\/div><\/div><\/div><\/div><\/div><\/div><\/section><section id=\"bt_section69f49cd2887ea\"  class=\"boldSection topSemiSpaced bottomSemiSpaced gutter boxed inherit\" ><div class=\"port\"><div class=\"boldCell\"><div class=\"boldCellInner\"><div class=\"boldRow \" ><div class=\"boldRowInner\"><div class=\"rowItem col-md-12 col-ms-12  btTextLeft\"  data-width=\"12\"><div class=\"rowItemContent\" ><a href=\"#\" class=\"btBtn btBtn btnOutlineStyle btnAccentColor btnMedium btnFullWidth btnRightPosition btnNoIcon\" ><span class=\"btnInnerText\">Za hitna pitanja iz oblasti farmakovigilance pozovite broj +381 60 790 25 80.<\/span><\/a><\/div><\/div><\/div><\/div><\/div><\/div><\/div><\/section><\/p>\n","protected":false},"excerpt":{"rendered":"","protected":false},"author":4,"featured_media":5305,"parent":0,"menu_order":0,"comment_status":"closed","ping_status":"closed","template":"","meta":{"footnotes":""},"class_list":["post-5522","page","type-page","status-publish","has-post-thumbnail","hentry"],"_links":{"self":[{"href":"https:\/\/old.zdravlje.co.rs\/sr\/wp-json\/wp\/v2\/pages\/5522","targetHints":{"allow":["GET"]}}],"collection":[{"href":"https:\/\/old.zdravlje.co.rs\/sr\/wp-json\/wp\/v2\/pages"}],"about":[{"href":"https:\/\/old.zdravlje.co.rs\/sr\/wp-json\/wp\/v2\/types\/page"}],"author":[{"embeddable":true,"href":"https:\/\/old.zdravlje.co.rs\/sr\/wp-json\/wp\/v2\/users\/4"}],"replies":[{"embeddable":true,"href":"https:\/\/old.zdravlje.co.rs\/sr\/wp-json\/wp\/v2\/comments?post=5522"}],"version-history":[{"count":4,"href":"https:\/\/old.zdravlje.co.rs\/sr\/wp-json\/wp\/v2\/pages\/5522\/revisions"}],"predecessor-version":[{"id":5897,"href":"https:\/\/old.zdravlje.co.rs\/sr\/wp-json\/wp\/v2\/pages\/5522\/revisions\/5897"}],"wp:featuredmedia":[{"embeddable":true,"href":"https:\/\/old.zdravlje.co.rs\/sr\/wp-json\/wp\/v2\/media\/5305"}],"wp:attachment":[{"href":"https:\/\/old.zdravlje.co.rs\/sr\/wp-json\/wp\/v2\/media?parent=5522"}],"curies":[{"name":"wp","href":"https:\/\/api.w.org\/{rel}","templated":true}]}}