{"id":5523,"date":"2022-04-26T19:54:15","date_gmt":"2022-04-26T17:54:15","guid":{"rendered":"https:\/\/old.zdravlje.co.rs\/recept\/"},"modified":"2024-04-04T12:22:23","modified_gmt":"2024-04-04T10:22:23","slug":"recept","status":"publish","type":"page","link":"https:\/\/old.zdravlje.co.rs\/sr\/recept\/","title":{"rendered":"Preparati koji se izdaju na recept"},"content":{"rendered":"<section id=\"bt_section69f49a35b26b4\"  class=\"boldSection topSemiSpaced bottomSemiSpaced gutter boxed inherit\" ><div class=\"port\"><div class=\"boldCell\"><div class=\"boldCellInner\"><div class=\"boldRow \" ><div class=\"boldRowInner\"><div class=\"rowItem col-md-12 col-ms-12  btTextLeft\"  data-width=\"12\"><div class=\"rowItemContent\" ><div class=\"btText\" ><\/p>\n<p>Gradimo diferenciran i napredan portfolio usmeren na re\u0161avanje nezadovoljenih medicinskih potreba na ciljnim tr\u017ei\u0161tima. Na\u0161i preparati koji se izdaju na recept dele se na preparate za hroni\u010dna stanja i terapije za uska terapeutska podru\u010dja:<\/p>\n<p>\n<\/div><div class=\"btClear btSeparator topSmallSpaced bottomSmallSpaced noBorder\" ><hr><\/div><\/div><\/div><\/div><\/div><div class=\"boldRow \" ><div class=\"boldRowInner\"><div class=\"rowItem col-md-6 col-sm-12 btTextLeft\"  data-width=\"6\"><div class=\"rowItemContent\" ><div class=\"btText\" ><\/p>\n<h3><i class=\"fas fa-tablets\"><\/i><\/h3>\n<h3>Preparati za hroni\u010dna stanja<\/h3>\n<ul>\n<li>Centralni nervni sistem (neurologija, psihijatrija, bol)<\/li>\n<li>Onkologija<\/li>\n<li>Metaboli\u010dki preparati (dijabetes i gojaznost)<\/li>\n<li>Kardiologija i antikoagulansi<\/li>\n<li>Respiratorni problemi<\/li>\n<\/ul>\n<p>\n<\/div><\/div><\/div><div class=\"rowItem col-md-6 col-sm-12 btTextLeft\"  data-width=\"6\"><div class=\"rowItemContent\" ><div class=\"btText\" ><\/p>\n<h3><i class=\"fas fa-tablets\"><\/i><br \/>\nTerapije za uska terapeutska podru\u010dja<\/h3>\n<ul>\n<li>Zdravlje \u017eena<\/li>\n<li>Dermatologija<\/li>\n<li>Urologija<\/li>\n<li>Injekcione forme<\/li>\n<\/ul>\n<p>\n<\/div><\/div><\/div><\/div><\/div><\/div><\/div><\/div><\/section>\n","protected":false},"excerpt":{"rendered":"","protected":false},"author":1,"featured_media":5305,"parent":0,"menu_order":0,"comment_status":"closed","ping_status":"closed","template":"","meta":{"footnotes":""},"class_list":["post-5523","page","type-page","status-publish","has-post-thumbnail","hentry"],"_links":{"self":[{"href":"https:\/\/old.zdravlje.co.rs\/sr\/wp-json\/wp\/v2\/pages\/5523","targetHints":{"allow":["GET"]}}],"collection":[{"href":"https:\/\/old.zdravlje.co.rs\/sr\/wp-json\/wp\/v2\/pages"}],"about":[{"href":"https:\/\/old.zdravlje.co.rs\/sr\/wp-json\/wp\/v2\/types\/page"}],"author":[{"embeddable":true,"href":"https:\/\/old.zdravlje.co.rs\/sr\/wp-json\/wp\/v2\/users\/1"}],"replies":[{"embeddable":true,"href":"https:\/\/old.zdravlje.co.rs\/sr\/wp-json\/wp\/v2\/comments?post=5523"}],"version-history":[{"count":3,"href":"https:\/\/old.zdravlje.co.rs\/sr\/wp-json\/wp\/v2\/pages\/5523\/revisions"}],"predecessor-version":[{"id":5862,"href":"https:\/\/old.zdravlje.co.rs\/sr\/wp-json\/wp\/v2\/pages\/5523\/revisions\/5862"}],"wp:featuredmedia":[{"embeddable":true,"href":"https:\/\/old.zdravlje.co.rs\/sr\/wp-json\/wp\/v2\/media\/5305"}],"wp:attachment":[{"href":"https:\/\/old.zdravlje.co.rs\/sr\/wp-json\/wp\/v2\/media?parent=5523"}],"curies":[{"name":"wp","href":"https:\/\/api.w.org\/{rel}","templated":true}]}}