{"id":5576,"date":"2022-04-13T14:33:54","date_gmt":"2022-04-13T12:33:54","guid":{"rendered":"https:\/\/old.zdravlje.co.rs\/vizija\/"},"modified":"2024-04-10T15:40:36","modified_gmt":"2024-04-10T13:40:36","slug":"vizija","status":"publish","type":"page","link":"https:\/\/old.zdravlje.co.rs\/sr\/vizija\/","title":{"rendered":"Vizija"},"content":{"rendered":"<p><section id=\"bt_section69f49cce23b17\"  class=\"boldSection topSemiSpaced bottomSemiSpaced gutter boxed inherit\" ><div class=\"port\"><div class=\"boldCell\"><div class=\"boldCellInner\"><div class=\"boldRow \" ><div class=\"boldRowInner\"><div class=\"rowItem col-md-6 col-sm-12 btTextCenter animate animate-fadein inherit btNoPadding\"  data-width=\"6\"><div class=\"rowItemContent\" ><div class=\"bpgPhoto btDefaultHoverType\" ><div class = \"btImage\"><img decoding=\"async\" src=\"https:\/\/old.zdravlje.co.rs\/wp-content\/uploads\/2023\/06\/Vision-1280x1080.jpg\" alt=\"\" title=\"\"><\/div><\/div><div class=\"btClear btSeparator bottomSmallSpaced noBorder\" ><hr><\/div><\/div><\/div><div class=\"rowItem col-md-6 col-sm-12 btTextLeft animate animate-fadein inherit btDoublePadding\"  data-width=\"6\"><div class=\"rowItemContent\" ><div class=\"btClear btSeparator noBorder\" ><hr><\/div><header class=\"header btClear medium  regular\" ><div class=\"dash\"><h3><span class=\"headline\"> <b class=\"animate\">Zdravlje Leskovac<\/b> <\/span><\/h3><\/div><\/header><div class=\"btClear btSeparator topSmallSpaced bottomSmallSpaced noBorder\" ><hr><\/div><div class=\"btText\" ><\/p>\n<p>Zdravlje je jedan od lidera u farmaceutskoj industriji jugoisto\u010dne Evrope. Zdravlje ima 70 godina dugu istoriju proizvodnje prvoklasnih farmaceutskih proizvoda po najvi\u0161im svetskim standardima. Od 1. aprila 2021. godine, Zdravlje nastavlja svoj put kao nezavisna farmaceutska kompanija u vlasni\u0161tvu Frontier Pharma i Baistone Group, iskusnih britanskih i ameri\u010dkih farmaceutskih investitora i preduzetnika.<\/p>\n<p>Na\u0161i visoko kvalifikovani i posvec\u0301eni zaposleni izra\u0111uju proizvode vrhunskog kvaliteta u skladu sa doma\u0107im, evropskim i svetskim standardima dobre proizvo\u0111a\u010dke prakse. Ponosni smo na nasle\u0111e u pru\u017eanju efikasnih i bezbednih proizvoda po pristupa\u010dnim cenama na\u0161im cenjenim potro\u0161a\u010dima \u0161irom sveta.<\/p>\n<div id=\"gtx-trans\" style=\"position: absolute; left: 270px; top: -15px;\">\n<div class=\"gtx-trans-icon\"><\/div>\n<\/div>\n<p>\n<\/div><\/div><\/div><\/div><\/div><\/div><\/div><\/div><\/section><section id=\"bt_section69f49cce24568\"  class=\"boldSection gutter \" ><div class=\"port\"><div class=\"boldCell\"><div class=\"boldCellInner\"><div class=\"boldRow \" ><div class=\"boldRowInner\"><div class=\"rowItem col-md-6 col-sm-12 btTextLeft\"  data-width=\"6\"><div class=\"rowItemContent\" ><div class=\"btText\" ><\/p>\n<h3 style=\"text-align: center;\"><i class=\"fas fa-building\"><\/i><br \/>\nNa\u0161a vizija<\/h3>\n<div class=\"servicesItem btIcoDefaultColorIcon btIcoMediumSizeIcon \">\n<div class=\"sTxt\">\n<header class=\"header btClear small\">\n<div class=\"btSubTitle\" style=\"text-align: center;\">Na\u0161a vizija je da budemo pouzdan farmaceutski lider izgra\u0111en na temeljima kvaliteta, inovativnosti i poverenja.<\/div>\n<\/header>\n<\/div>\n<\/div>\n<p>\n<\/div><\/div><\/div><div class=\"rowItem col-md-6 col-sm-12 btTextLeft\"  data-width=\"6\"><div class=\"rowItemContent\" ><div class=\"btText\" ><\/p>\n<h3 style=\"text-align: center;\"><i class=\"fas fa-arrow-right\"><\/i><br \/>\nNa\u0161a misija<\/h3>\n<p style=\"text-align: center;\">Na\u0161a misija je da omoguc\u0301imo najvi\u0161i nivo klini\u010dke izvrsnosti u<span class=\"ui-provider a b c d e f g h i j k l m n o p q r s t u v w x y z ab ac ae af ag ah ai aj ak\" dir=\"ltr\">z puno poverenje partnera, lekara i pacijenata.<\/span><\/p>\n<p style=\"text-align: center;\">Da postupamo sa integritetom i odr\u017eavamo najvi\u0161e standarde kvaliteta, etike i uskla\u0111enosti.<\/p>\n<p style=\"text-align: center;\">Da ostanemo po\u017eeljni poslodavac u Srbiji sa veoma motivisanom i dobro obu\u010denom radnom snagom.<\/p>\n<p style=\"text-align: center;\">Da budemo dosledni u nastojanjima da pro\u0161irimo domet i moguc\u0301nosti.<\/p>\n<p style=\"text-align: center;\">Da ostanemo fleksibilni i da brzo reagujemo na dinami\u010dno tr\u017ei\u0161te.<\/p>\n<p style=\"text-align: center;\">Da podr\u017eimo zajednice u kojima poslujemo i osiguramo odr\u017eivi rast.<\/p>\n<p>\n<\/div><div class=\"btClear btSeparator bottomSemiSpaced noBorder\" ><hr><\/div><\/div><\/div><\/div><\/div><\/div><\/div><\/div><\/section><\/p>\n","protected":false},"excerpt":{"rendered":"","protected":false},"author":1,"featured_media":5305,"parent":0,"menu_order":0,"comment_status":"closed","ping_status":"closed","template":"","meta":{"footnotes":""},"class_list":["post-5576","page","type-page","status-publish","has-post-thumbnail","hentry"],"_links":{"self":[{"href":"https:\/\/old.zdravlje.co.rs\/sr\/wp-json\/wp\/v2\/pages\/5576","targetHints":{"allow":["GET"]}}],"collection":[{"href":"https:\/\/old.zdravlje.co.rs\/sr\/wp-json\/wp\/v2\/pages"}],"about":[{"href":"https:\/\/old.zdravlje.co.rs\/sr\/wp-json\/wp\/v2\/types\/page"}],"author":[{"embeddable":true,"href":"https:\/\/old.zdravlje.co.rs\/sr\/wp-json\/wp\/v2\/users\/1"}],"replies":[{"embeddable":true,"href":"https:\/\/old.zdravlje.co.rs\/sr\/wp-json\/wp\/v2\/comments?post=5576"}],"version-history":[{"count":8,"href":"https:\/\/old.zdravlje.co.rs\/sr\/wp-json\/wp\/v2\/pages\/5576\/revisions"}],"predecessor-version":[{"id":5909,"href":"https:\/\/old.zdravlje.co.rs\/sr\/wp-json\/wp\/v2\/pages\/5576\/revisions\/5909"}],"wp:featuredmedia":[{"embeddable":true,"href":"https:\/\/old.zdravlje.co.rs\/sr\/wp-json\/wp\/v2\/media\/5305"}],"wp:attachment":[{"href":"https:\/\/old.zdravlje.co.rs\/sr\/wp-json\/wp\/v2\/media?parent=5576"}],"curies":[{"name":"wp","href":"https:\/\/api.w.org\/{rel}","templated":true}]}}