{"id":5578,"date":"2022-08-13T21:57:31","date_gmt":"2022-08-13T19:57:31","guid":{"rendered":"https:\/\/old.zdravlje.co.rs\/vioplex-t\/"},"modified":"2024-03-18T17:41:10","modified_gmt":"2024-03-18T16:41:10","slug":"vioplex-t","status":"publish","type":"page","link":"https:\/\/old.zdravlje.co.rs\/sr\/vioplex-t\/","title":{"rendered":"Vioplex-T"},"content":{"rendered":"<p><section id=\"bt_section69f4b22bae866\"  class=\"boldSection topLargeSpaced bottomExtraSmallSpaced gutter boxed inherit\" ><div class=\"port\"><div class=\"boldCell\"><div class=\"boldCellInner\"><div class=\"boldRow  btTripleRowSpacing\" ><div class=\"boldRowInner\"><div class=\"rowItem col-md-6 col-sm-12 btTextCenter animate animate-fadein btBottomVertical btDoublePadding\"  data-width=\"6\"><div class=\"rowItemContent\" ><div class=\"bpgPhoto btDefaultHoverType\" ><div class = \"btImage\"><img decoding=\"async\" src=\"https:\/\/old.zdravlje.co.rs\/wp-content\/uploads\/2023\/06\/vioplex.png\" alt=\"\" title=\"\"><\/div><\/div><div class=\"btClear btSeparator bottomSemiSpaced noBorder\" ><hr><\/div><\/div><\/div><div class=\"rowItem col-md-6 col-sm-12 btTextLeft animate animate-fadein btMiddleVertical btDoublePadding\"  data-width=\"6\"><div class=\"rowItemContent\" ><div class=\"btClear btSeparator topSpaced noBorder\" ><hr><\/div><header class=\"header btClear extralarge  bold\" ><div class=\"dash\"><h1><span class=\"headline\"><b class=\"animate\">Vioplex-T <\/b><\/span><\/h1><\/div><div class=\"btSubTitle\">Sprej u prahu<br \/><br>Lokalni antibiotik \u0161irokog spektra<br \/><br>Neomicin + Bacitracin (1338,22 i.j.\/g + 103,80 i.j.\/g)<\/div><\/header><div class=\"btClear btSeparator topSmallSpaced noBorder\" ><hr><\/div><\/div><\/div><\/div><\/div><\/div><\/div><\/div><\/section><section id=\"bt_section69f4b22baf08f\"  class=\"boldSection gutter boxed inherit\" ><div class=\"port\"><div class=\"boldCell\"><div class=\"boldCellInner\"><div class=\"boldRow \" ><div class=\"boldRowInner\"><div class=\"rowItem col-md-12 col-ms-12  btTextLeft animate animate-fadein inherit btNoPadding\"  data-width=\"12\"><div class=\"rowItemContent\" ><div class=\"btText\" ><\/p>\n<p>Vioplex-T, lokalni antibiotik \u0161irokog spektra za dermatolo\u0161ku upotrebu, koristi se za lokalni tretman bakterijskih infekcija ko\u017ee kod povreda podlo\u017enih riziku od infekcije, kao i u hirur\u0161kim zahvatima. To je kombinacija dva antibiotika: Neomicin + Bacitracin (1338,22 i.j.\/g + 103,80 i.j.\/g).<\/p>\n<p>Primena: Dva do tri puta dnevno prskati obolelo mesto na ko\u017ei sa udaljenosti od 20-25 cm. Lek koristiti najvi\u0161e sedam dana.<\/p>\n<p><a href=\"https:\/\/www.vioplex-t.rs\/\">https:\/\/www.vioplex-t.rs\/<\/a><\/p>\n<p>\n<\/div><div class=\"btClear btSeparator topSemiSpaced noBorder\" ><hr><\/div><\/div><\/div><\/div><\/div><\/div><\/div><\/div><\/section><\/p>\n","protected":false},"excerpt":{"rendered":"","protected":false},"author":1,"featured_media":5305,"parent":0,"menu_order":0,"comment_status":"closed","ping_status":"closed","template":"","meta":{"footnotes":""},"class_list":["post-5578","page","type-page","status-publish","has-post-thumbnail","hentry"],"_links":{"self":[{"href":"https:\/\/old.zdravlje.co.rs\/sr\/wp-json\/wp\/v2\/pages\/5578","targetHints":{"allow":["GET"]}}],"collection":[{"href":"https:\/\/old.zdravlje.co.rs\/sr\/wp-json\/wp\/v2\/pages"}],"about":[{"href":"https:\/\/old.zdravlje.co.rs\/sr\/wp-json\/wp\/v2\/types\/page"}],"author":[{"embeddable":true,"href":"https:\/\/old.zdravlje.co.rs\/sr\/wp-json\/wp\/v2\/users\/1"}],"replies":[{"embeddable":true,"href":"https:\/\/old.zdravlje.co.rs\/sr\/wp-json\/wp\/v2\/comments?post=5578"}],"version-history":[{"count":3,"href":"https:\/\/old.zdravlje.co.rs\/sr\/wp-json\/wp\/v2\/pages\/5578\/revisions"}],"predecessor-version":[{"id":5765,"href":"https:\/\/old.zdravlje.co.rs\/sr\/wp-json\/wp\/v2\/pages\/5578\/revisions\/5765"}],"wp:featuredmedia":[{"embeddable":true,"href":"https:\/\/old.zdravlje.co.rs\/sr\/wp-json\/wp\/v2\/media\/5305"}],"wp:attachment":[{"href":"https:\/\/old.zdravlje.co.rs\/sr\/wp-json\/wp\/v2\/media?parent=5578"}],"curies":[{"name":"wp","href":"https:\/\/api.w.org\/{rel}","templated":true}]}}