{"id":5584,"date":"2022-04-17T17:22:57","date_gmt":"2022-04-17T15:22:57","guid":{"rendered":"https:\/\/old.zdravlje.co.rs\/uslovi-koriscenja\/"},"modified":"2023-08-27T21:50:53","modified_gmt":"2023-08-27T19:50:53","slug":"uslovi-koriscenja","status":"publish","type":"page","link":"https:\/\/old.zdravlje.co.rs\/sr\/uslovi-koriscenja\/","title":{"rendered":"Uslovi kori\u0161\u0107enja"},"content":{"rendered":"<section id=\"bt_section69f49ec20c9a7\"  class=\"boldSection gutter \" ><div class=\"port\"><div class=\"boldCell\"><div class=\"boldCellInner\"><div class=\"boldRow \" ><div class=\"boldRowInner\"><div class=\"rowItem col-md-12 col-ms-12  btTextLeft\"  data-width=\"12\"><div class=\"rowItemContent\" ><div class=\"btClear btSeparator bottomSpaced noBorder\" ><hr><\/div><div class=\"btText\" ><\/p>\n<p>Svi posetioci prezentacije sajta vvv.zdravlje.co.rs, pristupom i pregledanjem ove veb stranice prihvataju sledec\u0301e uslove kori\u0161c\u0301enja:<\/p>\n<p><strong>Informativne svrhe<\/strong><\/p>\n<p>Internet prezentacije vvv.zdravlje.co.rs, sve njihove stranice i sve prezentovane informacije imaju isklju\u010divo informativnu i edukativnu svrhu. Opisi pojedinih proizvoda na ovom sajtu sadr\u017ee samo osnovne podatke iz letaka koji je zvani\u010dno odobren od strane Ministarstva zdravlja Republike Srbije i koji je sastavni deo materijala za pakovanje. Navedene informacije ne mogu zameniti ni informacije koje su sadr\u017eane u deklaraciji proizvoda, niti uputstva koja pacijent dobija od svog lekara, farmaceuta ili druge kvalifikovane osobe. Pre upotrebe bilo kog proizvoda navedenog na vvv.zdravlje.co.rs, pacijenti se moraju konsultovati sa lekarom, farmaceutom ili drugim kvalifikovanim licem, a Zdravlje ne mo\u017ee ni na koji na\u010din biti odgovoran za upotrebu proizvoda suprotno uputstvima dobijenim iz ovih lica.<\/p>\n<p>Prilikom dono\u0161enja odluke o propisivanju lekova, medicinskih ili drugih proizvoda, zdravstveni radnici treba da se oslanjaju isklju\u010divo na podatke o leku sadr\u017eane u sa\u017eetku opisa svojstava leka i uputstvu o leku odobrenom za upotrebu u Republici Srbiji, a ne na sadr\u017eaj ove stranice ili internet stranice kojima je moguc\u0301e pristupiti sa ove stranice.<\/p>\n<p><strong>Ograni\u010denje odgovornosti<\/strong><\/p>\n<p>Zdravlje ula\u017ee razumne napore da uklju\u010di ta\u010dne i a\u017eurne informacije u sadr\u017eaj ove veb stranice, ali ne daje nikakve izjave ili garancije (izri\u010dite ili implicirane) u pogledu ta\u010dnosti ili potpunosti takvih informacija. Zdravlje nije odgovoran za kori\u0161c\u0301enje ove veb stranice ili bilo koje druge veb stranice povezane sa ovom veb lokacijom. Zdravlje zadr\u017eava pravo da promeni sadr\u017eaj ove veb stranice u bilo kom trenutku i bez prethodne najave.<\/p>\n<p>Svi korisnici ove veb stranice saglasni su da pristupe ovoj veb stranici i svim stranicama povezanim sa ovom veb lokacijom na sopstveni rizik. Ni Zdravlje niti bilo koje trec\u0301e lice uklju\u010deno u dizajn, proizvodnju ili odr\u017eavanje ove veb stranice ili bilo koje internet stranice povezane sa ovom veb lokacijom nec\u0301e biti odgovorni ni na koji na\u010din za bilo kakvu indirektnu, direktnu, slu\u010dajnu, posledi\u010dnu ili bilo koju drugu \u0161tetu koja mo\u017ee nastati usled pristupa , kori\u0161c\u0301enje ili nemoguc\u0301nost kori\u0161c\u0301enja ove veb stranice ili bilo koje veb stranice povezane sa njim, kao i za bilo kakve gre\u0161ke ili propuste u njegovom sadr\u017eaju.<\/p>\n<p>Nijedna informacija koju posetioci veb sajta po\u0161alju Zdravlju putem interneta ili e-po\u0161te nec\u0301e se smatrati poverljivom, \u010dak i u situaciji kada po\u0161iljalac informacije izri\u010dito ka\u017ee da je informacija poverljiva, a Zdravlje zadr\u017eava pravo dalje distribucije, kori\u0161c\u0301enja ili uklju\u010divanja takvih informacija u sadr\u017eaj svoje veb stranice ili ga potpuno ignorisati.<\/p>\n<p>Zdravlje ni na koji na\u010din nec\u0301e zahtevati od posetilaca sajta da mu u bilo kojoj situaciji dostave poverljive informacije niti preuzima odgovornost za posledice koje mogu proizac\u0301i iz \u010dinjenice da su posetioci sajta dobrovoljno i na sopstvenu inicijativu poslali odre\u0111ene informacije. Navedena ograni\u010denja izuzimaju informacije koje se odnose na farmakovigilancu proizvoda Zdravlje, informacije koje imaju karakter li\u010dnih podataka kao i informacije koje imaju karakter upozorenja sa kojima c\u0301e Zdravlje postupati u skladu sa propisima koji ure\u0111uju ovu oblast.<\/p>\n<p><strong>Veze ka drugim veb lokacijama<\/strong><\/p>\n<p>Zdravlje nema kontrolu i nije odgovoran za sadr\u017eaj informacija na veb lokacijama trec\u0301ih strana ili za kori\u0161c\u0301enje tih veb lokacija, \u010dak i ako je pristup tim sajtovima omoguc\u0301en sa ove veb stranice. Zdravlje ne snosi odgovornost, niti daje korisnicima ove veb stranice bilo kakve garancije u pogledu ta\u010dnosti, pouzdanosti, a\u017eurnosti i, uop\u0161te, bilo kakvog drugog kvaliteta informacija sadr\u017eanih na tim veb stranicama.<\/p>\n<p><strong>Prava intelektualne svojine<\/strong><\/p>\n<p>Sve informacije, grafi\u010dki prikazi, vizuelna i dizajnerska re\u0161enja, fajlovi, prilozi i nazivi proizvoda na vvv.zdravlje.co.rs za\u0161tic\u0301eni su kao autorska dela ili subjekti prava intelektualne svojine. Svako njihovo nezakonito kori\u0161c\u0301enje bez odgovarajuc\u0301e prethodne saglasnosti Zdravlja, Zdravlje c\u0301e tretirati kao povredu svojih prava i preduzeti sve zakonom dostupne mere da sankcioni\u0161e lica koja u\u010dine takvu povredu. Sve fotografije na vvv.zdravlje.co.rs predstavljaju samo simboli\u010dne ilustracije i poti\u010du iz arhive Zdravlja ili su preuzete sa specijalizovanih sajtova koji nude fotografije pod uslovima koje odredi nosilac prava na fotografije.<\/p>\n<p>Informacije koje se nalaze na vvv.zdravlje.co.rs mogu se koristiti u obrazovne, nau\u010dne i nekomercijalne svrhe, ali uz obavezu navo\u0111enja porekla informacije i Zdravlja, kao njegovog isklju\u010divog vlasnika. Zdravlje zadr\u017eava pravo da preduzme sve pravne i \u010dinjeni\u010dne radnje kako bi spre\u010dio dalju distribuciju ovih informacija i zatra\u017eio eventualnu \u0161tetu prouzrokovanu njihovim nezakonitim i\/ili neodobrenim kori\u0161c\u0301enjem.<\/p>\n<p><strong>Nadle\u017eno pravo<\/strong><\/p>\n<p>Ovi Uslovi kori\u0161c\u0301enja su regulisani zakonima Republike Srbije.<\/p>\n<p>\n<\/div><div class=\"btClear btSeparator bottomSpaced noBorder\" ><hr><\/div><\/div><\/div><\/div><\/div><\/div><\/div><\/div><\/section>\n","protected":false},"excerpt":{"rendered":"","protected":false},"author":1,"featured_media":5305,"parent":0,"menu_order":0,"comment_status":"closed","ping_status":"closed","template":"","meta":{"footnotes":""},"class_list":["post-5584","page","type-page","status-publish","has-post-thumbnail","hentry"],"_links":{"self":[{"href":"https:\/\/old.zdravlje.co.rs\/sr\/wp-json\/wp\/v2\/pages\/5584","targetHints":{"allow":["GET"]}}],"collection":[{"href":"https:\/\/old.zdravlje.co.rs\/sr\/wp-json\/wp\/v2\/pages"}],"about":[{"href":"https:\/\/old.zdravlje.co.rs\/sr\/wp-json\/wp\/v2\/types\/page"}],"author":[{"embeddable":true,"href":"https:\/\/old.zdravlje.co.rs\/sr\/wp-json\/wp\/v2\/users\/1"}],"replies":[{"embeddable":true,"href":"https:\/\/old.zdravlje.co.rs\/sr\/wp-json\/wp\/v2\/comments?post=5584"}],"version-history":[{"count":1,"href":"https:\/\/old.zdravlje.co.rs\/sr\/wp-json\/wp\/v2\/pages\/5584\/revisions"}],"predecessor-version":[{"id":5585,"href":"https:\/\/old.zdravlje.co.rs\/sr\/wp-json\/wp\/v2\/pages\/5584\/revisions\/5585"}],"wp:featuredmedia":[{"embeddable":true,"href":"https:\/\/old.zdravlje.co.rs\/sr\/wp-json\/wp\/v2\/media\/5305"}],"wp:attachment":[{"href":"https:\/\/old.zdravlje.co.rs\/sr\/wp-json\/wp\/v2\/media?parent=5584"}],"curies":[{"name":"wp","href":"https:\/\/api.w.org\/{rel}","templated":true}]}}