{"id":5590,"date":"2023-06-06T09:59:53","date_gmt":"2023-06-06T07:59:53","guid":{"rendered":"https:\/\/old.zdravlje.co.rs\/lanac-nabavke\/"},"modified":"2024-03-18T16:22:54","modified_gmt":"2024-03-18T15:22:54","slug":"lanac-nabavke","status":"publish","type":"page","link":"https:\/\/old.zdravlje.co.rs\/sr\/lanac-nabavke\/","title":{"rendered":"Lanac snabdevanja"},"content":{"rendered":"<section id=\"bt_section69f49cccd4dbe\"  class=\"boldSection topSemiSpaced gutter boxed inherit\" ><div class=\"port\"><div class=\"boldCell\"><div class=\"boldCellInner\"><div class=\"boldRow \" ><div class=\"boldRowInner\"><div class=\"rowItem col-md-6 col-sm-12 btTextLeft animate animate-fadein inherit\"  data-width=\"6\"><div class=\"rowItemContent\" ><div class=\"btClear btSeparator topSmallSpaced noBorder\" ><hr><\/div><div class=\"btText\" ><\/p>\n<p>Cilj nam je da dopremo do svakog pacijenta preko na\u0161e mre\u017ee u centralnoj i isto\u010dnoj Evropi, a koji se nalaze u Srbiji, Bugarskoj, Poljskoj, Rumuniji, Hrvatskoj, Bosni i Hercegovini, Crnoj Gori i Severnoj Makedoniji.<br \/>\nPrilago\u0111en pristup od proizvodnje do uvoza, ispitivanja i pu\u0161tanja na tr\u017ei\u0161te EU je ono \u0161to nas \u010dini po\u017eeljnim partnerom.<br \/>\nNa\u0161 lanac distribucije i snabdevanja prepoznaje zna\u010daj kvaliteta i bezbednosti na\u0161ih proizvoda i zbog toga je ceo na\u0161 sistem od proizvodnje do isporuke pacijentima uskla\u0111en sa dobrom proizvo\u0111a\u010dkom praksom, dobrom praksom distribucije i skladi\u0161tenja i lokalnim zahtevima.<br \/>\nNa\u0161 lanac snabdevanja se bavi nizom aktivnosti uklju\u010dujuc\u0301i upravljanje zalihama, logistiku, skladi\u0161tenje, strate\u0161ku nabavku i uvoz\/izvoz.<\/p>\n<p>\n<\/div><div class=\"btClear btSeparator topSemiSpaced noBorder\" ><hr><\/div><\/div><\/div><div class=\"rowItem col-md-6 col-sm-12 btTextLeft animate animate-fadein inherit\"  data-width=\"6\"><div class=\"rowItemContent\" ><div class=\"btClear btSeparator topSmallSpaced noBorder\" ><hr><\/div><div class=\"bpgPhoto btDefaultHoverType\" ><div class = \"btImage\"><img decoding=\"async\" src=\"https:\/\/old.zdravlje.co.rs\/wp-content\/uploads\/2023\/06\/Supply-Chain.jpeg\" alt=\"\" title=\"\"><\/div><\/div><div class=\"btClear btSeparator topSmallSpaced bottomSemiSpaced noBorder\" ><hr><\/div><\/div><\/div><\/div><\/div><\/div><\/div><\/div><\/section>\n","protected":false},"excerpt":{"rendered":"","protected":false},"author":4,"featured_media":5305,"parent":0,"menu_order":0,"comment_status":"closed","ping_status":"closed","template":"","meta":{"footnotes":""},"class_list":["post-5590","page","type-page","status-publish","has-post-thumbnail","hentry"],"_links":{"self":[{"href":"https:\/\/old.zdravlje.co.rs\/sr\/wp-json\/wp\/v2\/pages\/5590","targetHints":{"allow":["GET"]}}],"collection":[{"href":"https:\/\/old.zdravlje.co.rs\/sr\/wp-json\/wp\/v2\/pages"}],"about":[{"href":"https:\/\/old.zdravlje.co.rs\/sr\/wp-json\/wp\/v2\/types\/page"}],"author":[{"embeddable":true,"href":"https:\/\/old.zdravlje.co.rs\/sr\/wp-json\/wp\/v2\/users\/4"}],"replies":[{"embeddable":true,"href":"https:\/\/old.zdravlje.co.rs\/sr\/wp-json\/wp\/v2\/comments?post=5590"}],"version-history":[{"count":3,"href":"https:\/\/old.zdravlje.co.rs\/sr\/wp-json\/wp\/v2\/pages\/5590\/revisions"}],"predecessor-version":[{"id":5756,"href":"https:\/\/old.zdravlje.co.rs\/sr\/wp-json\/wp\/v2\/pages\/5590\/revisions\/5756"}],"wp:featuredmedia":[{"embeddable":true,"href":"https:\/\/old.zdravlje.co.rs\/sr\/wp-json\/wp\/v2\/media\/5305"}],"wp:attachment":[{"href":"https:\/\/old.zdravlje.co.rs\/sr\/wp-json\/wp\/v2\/media?parent=5590"}],"curies":[{"name":"wp","href":"https:\/\/api.w.org\/{rel}","templated":true}]}}