{"id":5592,"date":"2023-05-29T11:34:08","date_gmt":"2023-05-29T09:34:08","guid":{"rendered":"https:\/\/old.zdravlje.co.rs\/drustvena-odgovornost\/"},"modified":"2024-09-24T10:29:18","modified_gmt":"2024-09-24T08:29:18","slug":"drustvena-odgovornost","status":"publish","type":"page","link":"https:\/\/old.zdravlje.co.rs\/sr\/drustvena-odgovornost\/","title":{"rendered":"Dru\u0161tvena odgovornost"},"content":{"rendered":"<p><section id=\"bt_section69f49cccd48dc\"  class=\"boldSection topSemiSpaced gutter boxed inherit\" ><div class=\"port\"><div class=\"boldCell\"><div class=\"boldCellInner\"><div class=\"boldRow \" ><div class=\"boldRowInner\"><div class=\"rowItem col-md-6 col-sm-12 btTextLeft animate animate-fadein inherit\"  data-width=\"6\"><div class=\"rowItemContent\" ><div class=\"btClear btSeparator topSmallSpaced noBorder\" ><hr><\/div><div class=\"btText\" ><\/p>\n<p>Dru\u0161tvena odgovornost Zdravlja AD duboko je ukorenjena u 70-godi\u0161njoj lokalnoj tradiciji i najvi\u0161oj svesti i posve\u0107enosti menad\u017ementa i svih zaposlenih u na\u0161oj kompaniji. Zdravlje se ponosi najboljim praksama u raznim inicijativama koje su dru\u0161tveno odgovorne, a koje smo realizovali kako bismo unapredili zdravlje, blagostanje, kvalitet \u017eivota i \u017eivotnu sredinu u lokalnoj zajednici u kojoj poslujemo. To posti\u017eemo kroz na\u0161e sopstvene projekte i podr\u017eavanjem izvodljivih inicijativa za pobolj\u0161anje zdravih \u017eivotnih stilova, obrazovanja, sporta, kulture i umetnosti.<\/p>\n<h6><strong>Za\u0161tita \u017eivotne sredine, zdravlje, bezbednost i odr\u017eivi razvoj<br \/>\n&#8211;<\/strong><\/h6>\n<p>U skladu sa na\u0161om Vizijom i Misijom Zdravlja i na\u0161om Politikom o za\u0161titi \u017eivotne sredine, zdravlja, bezbednosti i odr\u017eivog razvoja, odgovorni smo prema na\u0161im zaposlenima, klijentima i pacijentima, kao i prema zajednici u kojoj \u017eivimo i poslujemo, kao lideri u za\u0161titi \u017eivotne sredine, zdravlja, bezbednosti i odr\u017eivosti.<br \/>\nU skladu s tim, posve\u0107eni smo preuzimanju odgovornosti, kontinuiranom pobolj\u0161anju na\u0161ih postignu\u0107a u oblasti \u017eivotne sredine, zdravlja i bezbednosti i ostvarivanju na\u0161eg dugoro\u010dnog cilja:<\/p>\n<p><strong>Bez povreda, incidenata i zaga\u0111enja \u017eivotne sredine, uz smanjenje kori\u0161\u0107enja prirodnih resursa.<\/strong><\/p>\n<p>\n<\/div><div class=\"btClear btSeparator topSemiSpaced noBorder\" ><hr><\/div><\/div><\/div><div class=\"rowItem col-md-6 col-sm-12 btTextLeft animate animate-fadein inherit\"  data-width=\"6\"><div class=\"rowItemContent\" ><div class=\"btClear btSeparator topSmallSpaced noBorder\" ><hr><\/div><div class=\"bpgPhoto btDefaultHoverType\" ><div class = \"btImage\"><img decoding=\"async\" src=\"https:\/\/old.zdravlje.co.rs\/wp-content\/uploads\/2023\/06\/social-responsibility.jpg\" alt=\"\" title=\"\"><\/div><\/div><\/div><\/div><\/div><\/div><\/div><\/div><\/div><\/section><section id=\"bt_section69f49cccd55d6\"  class=\"boldSection topSmallSpaced bottomSmallSpaced gutter boxed inherit\" ><div class=\"port\"><div class=\"boldCell\"><div class=\"boldCellInner\"><div class=\"boldRow \" ><div class=\"boldRowInner\"><div class=\"rowItem col-md-6 col-sm-12 btTextLeft animate animate-fadein inherit\"  data-width=\"6\"><div class=\"rowItemContent\" ><div class=\"btText\" ><\/p>\n<p>Kompanija Zdravlje je sertifikovana od strane EcoVadis-a, globalno priznate organizacije za ocenjivanje odr\u017eivosti, \u0161to nas svrstava me\u0111u top 35% kompanija koje su ocenjene \u0161irom sveta za svoju odr\u017eivost. EcoVadis ocenjuje kompanije na osnovu 21 kriterijuma, uklju\u010duju\u0107i uticaj na \u017eivotnu sredinu, prava zaposlenih i ljudska prava, etiku i odr\u017eivu nabavku. Ova sertifikacija odra\u017eava na\u0161u kontinuiranu posve\u0107enost odr\u017eavanju visokih standarda u ovim oblastima.<\/p>\n<p>Iako smo veoma ponosni na ovaj uspeh, vidimo ga kao prvi korak u na\u0161em putovanju ka odr\u017eivosti. Potpuno smo posve\u0107eni daljem unapre\u0111enju u ovoj oblasti i dodatnom integrisanju ESG principa u na\u0161e poslovanje u narednim godinama, u skladu sa na\u0161im osnovnim vrednostima \u2013 kvalitet, inovativnost i poverenje.<\/p>\n<p>\n<\/div><\/div><\/div><div class=\"rowItem col-md-6 col-sm-12 btTextLeft animate animate-fadein inherit\"  data-width=\"6\"><div class=\"rowItemContent\" ><div class=\"btClear btSeparator topSmallSpaced noBorder\" ><hr><\/div><div class=\"bpgPhoto btDefaultHoverType\" ><div class = \"btImage\"><img decoding=\"async\" src=\"https:\/\/old.zdravlje.co.rs\/wp-content\/uploads\/2024\/09\/EcoVadis.png\" alt=\"\" title=\"\"><\/div><\/div><\/div><\/div><\/div><\/div><\/div><\/div><\/div><\/section><section id=\"bt_section69f49cccd5fe1\"  class=\"boldSection topSmallSpaced bottomSemiSpaced gutter boxed inherit\" ><div class=\"port\"><div class=\"boldCell\"><div class=\"boldCellInner\"><div class=\"boldRow \" ><div class=\"boldRowInner\"><div class=\"rowItem col-md-12 col-ms-12  btTextLeft\"  data-width=\"12\"><div class=\"rowItemContent\" ><div class=\"btClear btSeparator topSmallSpaced noBorder\" ><hr><\/div><div class=\"btText\" ><\/p>\n<h6>Ponosni smo na na\u0161 trenutni rezultat koji odra\u017eava na\u0161u zajedni\u010dku odgovornost prema zdravlju i bezbednosti na\u0161ih zaposlenih.<\/h6>\n<p>\n<\/div><\/div><\/div><\/div><\/div><\/div><\/div><\/div><\/section><section id=\"bt_section69f49cccd6440\"  class=\"boldSection topSemiSpaced bottomSemiSpaced gutter boxed inherit\" ><div class=\"port\"><div class=\"boldCell\"><div class=\"boldCellInner\"><div class=\"boldRow \" ><div class=\"boldRowInner\"><div class=\"rowItem col-md-8 col-ms-12 btTextLeft animate animate-fadein inherit\"  data-width=\"8\"><div class=\"rowItemContent\" ><div class=\"btClear btSeparator topSmallSpaced noBorder\" ><hr><\/div><a href=\"https:\/\/old.zdravlje.co.rs\/wp-content\/uploads\/2024\/06\/AOP-2024-Program-for-achieving-EHS-objective-and-targets20.pdf\" class=\"btBtn btBtn btnOutlineStyle btnNormalColor btnMedium btnFullWidth btnRightPosition btnIco\" ><span class=\"btnInnerText\">AOP 2024 Program for achieving EHS objective and targets<\/span><span class=\"btIco \"><span  data-ico-fa=\"&#xf107;\" class=\"btIcoHolder\"><\/span><\/span><\/a><div class=\"btClear btSeparator topSmallSpaced noBorder\" ><hr><\/div><a href=\"https:\/\/old.zdravlje.co.rs\/wp-content\/uploads\/2024\/06\/Zdravlje-EHS-Policy-Statement-Jun-2021_ENG_SRB_Final-signed.pdf\" class=\"btBtn btBtn btnOutlineStyle btnNormalColor btnMedium btnFullWidth btnRightPosition btnIco\" ><span class=\"btnInnerText\">Zdravlje EHS Policy Statement<\/span><span class=\"btIco \"><span  data-ico-fa=\"&#xf107;\" class=\"btIcoHolder\"><\/span><\/span><\/a><\/div><\/div><div class=\"rowItem col-md-4 col-ms-12 btTextLeft animate animate-fadein inherit\"  data-width=\"4\"><div class=\"rowItemContent\" ><\/div><\/div><\/div><\/div><\/div><\/div><\/div><\/section><\/p>\n","protected":false},"excerpt":{"rendered":"","protected":false},"author":4,"featured_media":5305,"parent":0,"menu_order":0,"comment_status":"closed","ping_status":"closed","template":"","meta":{"footnotes":""},"class_list":["post-5592","page","type-page","status-publish","has-post-thumbnail","hentry"],"_links":{"self":[{"href":"https:\/\/old.zdravlje.co.rs\/sr\/wp-json\/wp\/v2\/pages\/5592","targetHints":{"allow":["GET"]}}],"collection":[{"href":"https:\/\/old.zdravlje.co.rs\/sr\/wp-json\/wp\/v2\/pages"}],"about":[{"href":"https:\/\/old.zdravlje.co.rs\/sr\/wp-json\/wp\/v2\/types\/page"}],"author":[{"embeddable":true,"href":"https:\/\/old.zdravlje.co.rs\/sr\/wp-json\/wp\/v2\/users\/4"}],"replies":[{"embeddable":true,"href":"https:\/\/old.zdravlje.co.rs\/sr\/wp-json\/wp\/v2\/comments?post=5592"}],"version-history":[{"count":10,"href":"https:\/\/old.zdravlje.co.rs\/sr\/wp-json\/wp\/v2\/pages\/5592\/revisions"}],"predecessor-version":[{"id":6084,"href":"https:\/\/old.zdravlje.co.rs\/sr\/wp-json\/wp\/v2\/pages\/5592\/revisions\/6084"}],"wp:featuredmedia":[{"embeddable":true,"href":"https:\/\/old.zdravlje.co.rs\/sr\/wp-json\/wp\/v2\/media\/5305"}],"wp:attachment":[{"href":"https:\/\/old.zdravlje.co.rs\/sr\/wp-json\/wp\/v2\/media?parent=5592"}],"curies":[{"name":"wp","href":"https:\/\/api.w.org\/{rel}","templated":true}]}}