{"id":5596,"date":"2023-05-21T20:23:45","date_gmt":"2023-05-21T18:23:45","guid":{"rendered":"https:\/\/old.zdravlje.co.rs\/usluge-2\/"},"modified":"2025-01-23T13:56:34","modified_gmt":"2025-01-23T12:56:34","slug":"usluge-2","status":"publish","type":"page","link":"https:\/\/old.zdravlje.co.rs\/sr\/usluge-2\/","title":{"rendered":"Usluge"},"content":{"rendered":"<p><section id=\"bt_section69f49ccd991c0\"  class=\"boldSection topSpaced bottomSemiSpaced gutter boxed inherit\" ><div class=\"port\"><div class=\"boldCell\"><div class=\"boldCellInner\"><div class=\"boldRow \" ><div class=\"boldRowInner\"><div class=\"rowItem col-md-12 col-ms-12  btTextLeft inherit btDoublePadding\"  data-width=\"12\"><div class=\"rowItemContent\" ><div class=\"btText\" ><\/p>\n<h5>Pru\u017eamo sveobuhvatno poslovno re\u0161enje po principu \u201eklju\u010d u ruke\u201c za komercijalni pristup tr\u017ei\u0161tu srednje i isto\u010dne Evrope. Otvoreni\u00a0 smo ka saradnji sa partnerima sa kojima mo\u017eemo rasti dugoro\u010dno.<\/h5>\n<p>\n<\/div><\/div><\/div><\/div><\/div><\/div><\/div><\/div><\/section><section id=\"bt_section69f49ccd99431\"  class=\"boldSection topSemiSpaced bottomSemiSpaced btLightSkin gutter boxed inherit\" style=\"background-color:rgb(247,247,247)  !important;\"><div class=\"port\"><div class=\"boldCell\"><div class=\"boldCellInner\"><div class=\"boldRow \" ><div class=\"boldRowInner\"><div class=\"rowItem col-md-4 col-ms-12 btTextLeft\"  data-width=\"4\"><div class=\"rowItemContent\" ><div class=\"btText\" ><\/p>\n<h4 style=\"text-align: center;\"><i class=\"fas fa-handshake\"><\/i><\/h4>\n<h6 style=\"text-align: center;\"><strong>Osnovni principi partnerstva:<br \/>\n&#8211;<\/strong><\/h6>\n<p style=\"text-align: center;\">Uskla\u0111enost<br \/>\nKorisni\u010dka usluga<br \/>\nDugoro\u010dna izvrsnost<br \/>\nJednostavnost i fleksibilnost<br \/>\nOdsustvo sukoba<\/p>\n<p>\n<\/div><\/div><\/div><div class=\"rowItem col-md-4 col-ms-12 btTextLeft\"  data-width=\"4\"><div class=\"rowItemContent\" ><div class=\"btText\" ><\/p>\n<h4 style=\"text-align: center;\"><i class=\"fas fa-pills\"><\/i><\/h4>\n<h6 style=\"text-align: center;\"><strong>Fokus proizvoda<br \/>\n&#8211;<\/strong><\/h6>\n<p style=\"text-align: center;\"><strong>Proizvodi na recept (Rx)<\/strong> u bolni\u010dkim i maloprodajnim okru\u017eenjima (preparati za uska terapeutska podru\u010dja, preparati za hroni\u010dna i retka stanja)<br \/>\n<strong>Dodaci ishrani<\/strong> uklju\u010dujuc\u0301i preparate koji se ne izdaju na recept, dodatke ishrani i medicinska sredstva<br \/>\n<strong>Biolo\u0161ki lekovi<\/strong> uklju\u010dujuc\u0301i monoklonska antitela, imunoterapije, vakcine, krvnu plazmu i insulin<\/p>\n<p>\n<\/div><\/div><\/div><div class=\"rowItem col-md-4 col-ms-12 btTextLeft\"  data-width=\"4\"><div class=\"rowItemContent\" ><div class=\"btText\" ><\/p>\n<h4 style=\"text-align: center;\"><i class=\"fas fa-map-location-dot\"><\/i><\/h4>\n<h6 style=\"text-align: center;\"><strong>Fokus teritorija<\/strong><br \/>\n<strong><br \/>\n&#8211;<\/strong><\/h6>\n<p style=\"text-align: center;\">Biv\u0161a Jugoslavija (tr\u017ei\u0161ta Evropske unije i van Evropske unije)<br \/>\nSrednja i isto\u010dna Evrope<br \/>\nZND<br \/>\nBliski istok i Afrika<\/p>\n<p>\n<\/div><\/div><\/div><\/div><\/div><\/div><\/div><\/div><\/section><section id=\"bt_section69f49ccd99b03\"  class=\"boldSection topSemiSpaced bottomSemiSpaced gutter boxed inherit\" ><div class=\"port\"><div class=\"boldCell\"><div class=\"boldCellInner\"><div class=\"boldRow \" ><div class=\"boldRowInner\"><div class=\"rowItem col-md-4 col-ms-12 btTextLeft\"  data-width=\"4\"><div class=\"rowItemContent\" ><div class=\"bpgPhoto btDefaultHoverType\" ><div class = \"btImage\"><img decoding=\"async\" src=\"https:\/\/old.zdravlje.co.rs\/wp-content\/uploads\/2023\/06\/Social-Responsibility.jpeg\" alt=\"\" title=\"\"><\/div><\/div><\/div><\/div><div class=\"rowItem col-md-8 col-ms-12 btTextLeft\"  data-width=\"8\"><div class=\"rowItemContent\" ><div class=\"btText\" ><\/p>\n<ul>\n<li>Obezbe\u0111ivanje pristupa tr\u017ei\u0161tu i dobijanje cene (kompletna strategija za utvr\u0111ivanje cene leka i stavljanje leka na listu lekova)<\/li>\n<li>Regulatorna pitanja (registracije i odr\u017eavanje dozvole za Rx (lekove na recept) kao i za OTC lekove koji se izdaju bez recepta)<\/li>\n<li>Medicinska pitanja (saradnja sa zdravstvenim radnicima, Klju\u010dnim medicinskim ekspertima, i komunikacija nau\u010dnih podataka)<\/li>\n<li>Farmakovigilanca (blagovremena i a\u017eurna farmakovigilanca lekova i bezbednost pacijenata)<\/li>\n<li>Marketing i prodaja (sveobuhvatna podr\u0161ka marketingu i prodaji na razli\u010ditim medijima i ciljevima)<\/li>\n<li>Distribucija i logistika (koordinacija jedinstvene isporuke u regionu po standardima GDP)<\/li>\n<li>Ozna\u010davanje lekova i pakovanja (sekundarno pakovanje i usluge pakovanja koje ispunjavaju lokalne zahteve)<\/li>\n<li>Finansije, fakturisanje i naplata (brzo fakturisanje i naplata kako bi se osigurala optimalna obrtna sredstva)<\/li>\n<li>Upravljanje rizicima i uskla\u0111enost (fokusiran pristup upravljanju rizicima i uskla\u0111enosti)<\/li>\n<li>Razvoj poslovanja i analiza tr\u017ei\u0161ta (kori\u0161\u0107enje znanja i iskustva sa tr\u017ei\u0161ta kako bi se otkrile nove prilike)<\/li>\n<li>Klini\u010dka ispitivanja (podr\u0161ka regionalnim klini\u010dkim ispitivanjima za nove proizvode)<\/li>\n<\/ul>\n<p>\n<\/div><\/div><\/div><\/div><\/div><\/div><\/div><\/div><\/section><\/p>\n","protected":false},"excerpt":{"rendered":"","protected":false},"author":4,"featured_media":5305,"parent":0,"menu_order":0,"comment_status":"closed","ping_status":"closed","template":"","meta":{"footnotes":""},"class_list":["post-5596","page","type-page","status-publish","has-post-thumbnail","hentry"],"_links":{"self":[{"href":"https:\/\/old.zdravlje.co.rs\/sr\/wp-json\/wp\/v2\/pages\/5596","targetHints":{"allow":["GET"]}}],"collection":[{"href":"https:\/\/old.zdravlje.co.rs\/sr\/wp-json\/wp\/v2\/pages"}],"about":[{"href":"https:\/\/old.zdravlje.co.rs\/sr\/wp-json\/wp\/v2\/types\/page"}],"author":[{"embeddable":true,"href":"https:\/\/old.zdravlje.co.rs\/sr\/wp-json\/wp\/v2\/users\/4"}],"replies":[{"embeddable":true,"href":"https:\/\/old.zdravlje.co.rs\/sr\/wp-json\/wp\/v2\/comments?post=5596"}],"version-history":[{"count":6,"href":"https:\/\/old.zdravlje.co.rs\/sr\/wp-json\/wp\/v2\/pages\/5596\/revisions"}],"predecessor-version":[{"id":6464,"href":"https:\/\/old.zdravlje.co.rs\/sr\/wp-json\/wp\/v2\/pages\/5596\/revisions\/6464"}],"wp:featuredmedia":[{"embeddable":true,"href":"https:\/\/old.zdravlje.co.rs\/sr\/wp-json\/wp\/v2\/media\/5305"}],"wp:attachment":[{"href":"https:\/\/old.zdravlje.co.rs\/sr\/wp-json\/wp\/v2\/media?parent=5596"}],"curies":[{"name":"wp","href":"https:\/\/api.w.org\/{rel}","templated":true}]}}