{"id":5600,"date":"2023-06-06T22:30:58","date_gmt":"2023-06-06T20:30:58","guid":{"rendered":"https:\/\/old.zdravlje.co.rs\/kvalitet-2\/"},"modified":"2024-03-18T16:27:21","modified_gmt":"2024-03-18T15:27:21","slug":"kvalitet-2","status":"publish","type":"page","link":"https:\/\/old.zdravlje.co.rs\/sr\/kvalitet-2\/","title":{"rendered":"Kvalitet"},"content":{"rendered":"<p><section id=\"bt_section69f49d19a5d46\"  class=\"boldSection topSemiSpaced gutter boxed inherit\" ><div class=\"port\"><div class=\"boldCell\"><div class=\"boldCellInner\"><div class=\"boldRow \" ><div class=\"boldRowInner\"><div class=\"rowItem col-md-12 col-ms-12  btTextLeft animate animate-fadein inherit\"  data-width=\"12\"><div class=\"rowItemContent\" ><div class=\"btClear btSeparator topSmallSpaced noBorder\" ><hr><\/div><div class=\"btText\" ><\/p>\n<p>Zdravlje ima 70 godina iskustva u isporuci proizvoda najvi\u0161eg kvaliteta, u skladu sa najstro\u017eim standardima.<\/p>\n<p>\n<\/div><div class=\"btClear btSeparator topSemiSpaced noBorder\" ><hr><\/div><\/div><\/div><\/div><\/div><div class=\"boldRow \" ><div class=\"boldRowInner\"><div class=\"rowItem col-md-6 col-sm-12 btTextLeft animate animate-fadein inherit\"  data-width=\"6\"><div class=\"rowItemContent\" ><div class=\"btClear btSeparator topSmallSpaced noBorder\" ><hr><\/div><div class=\"btText\" ><\/p>\n<h6><strong>Uskla\u0111enost kvaliteta<br \/>\n&#8211;<\/strong><\/h6>\n<p>Uskla\u0111enost kvaliteta kompanije Zdravlje obuhvata funkcije za osiguranje i kontrolu kvaliteta, sofisticirane fiziko-hemijske i mikrobiolo\u0161ke laboratorije i usluge sistema kvaliteta.<\/p>\n<h6><strong>Osiguranje kontrole kvaliteta<br \/>\n&#8211;<\/strong><\/h6>\n<p>Visok nivo obezbe\u0111enja kvaliteta, efikasnosti i bezbednosti proizvoda. Pregledi kvaliteta proizvoda pripremaju se za nosioce dozvole za stavljanje u promet u skladu sa regulatornim zahtevima koristec\u0301i statisti\u010dku metodologiju i pokrivajuc\u0301i kriti\u010dne atribute kvaliteta, sposobnost procesa i postulat za kontinuiranu verifikaciju procesa.<\/p>\n<h6><strong>Uskla\u0111enost sa dobrom proizvo\u0111a\u010dkom praksom i sistemi kvaliteta<br \/>\n&#8211;<\/strong><\/h6>\n<p>Sa visokim nivoom iskustva i kvalifikovanog osoblja, obezbe\u0111ujemo uskla\u0111enost dobavlja\u010da i izvo\u0111a\u010da kroz reviziju sistema upravljanja planiranjem, u\u010dinkom, prac\u0301enjem korektivnih i preventivnih mera (CAPA) i njihove efektivnosti.<\/p>\n<p>\n<\/div><div class=\"btClear btSeparator topSemiSpaced noBorder\" ><hr><\/div><\/div><\/div><div class=\"rowItem col-md-6 col-sm-12 btTextLeft animate animate-fadein inherit\"  data-width=\"6\"><div class=\"rowItemContent\" ><div class=\"btClear btSeparator topSmallSpaced noBorder\" ><hr><\/div><div class=\"bpgPhoto btDefaultHoverType\" ><div class = \"btImage\"><img decoding=\"async\" src=\"https:\/\/old.zdravlje.co.rs\/wp-content\/uploads\/2023\/06\/Zdravlje_Quality-01-1.jpeg\" alt=\"\" title=\"\"><\/div><\/div><\/div><\/div><\/div><\/div><div class=\"boldRow \" ><div class=\"boldRowInner\"><div class=\"rowItem col-md-6 col-sm-12 btTextLeft animate animate-fadein inherit\"  data-width=\"6\"><div class=\"rowItemContent\" ><div class=\"btClear btSeparator topSmallSpaced noBorder\" ><hr><\/div><div class=\"bpgPhoto btDefaultHoverType\" ><div class = \"btImage\"><img decoding=\"async\" src=\"https:\/\/old.zdravlje.co.rs\/wp-content\/uploads\/2023\/06\/Zdravlje-Leskovac-LAB.jpg\" alt=\"\" title=\"\"><\/div><\/div><div class=\"btClear btSeparator topSemiSpaced noBorder\" ><hr><\/div><\/div><\/div><div class=\"rowItem col-md-6 col-sm-12 btTextLeft animate animate-fadein inherit\"  data-width=\"6\"><div class=\"rowItemContent\" ><div class=\"btClear btSeparator topSmallSpaced noBorder\" ><hr><\/div><div class=\"btText\" ><\/p>\n<h6><strong>Laboratorije<br \/>\n&#8211;<\/strong><\/h6>\n<p>Primenom nau\u010dno zasnovane metodologije, visoko sofisticirane opreme i kvalifikovanog osoblja, laboratorije obavljaju sva neophodna ispitivanja za:<\/p>\n<ul>\n<li>Ekscipijense (pomo\u0107ne supstance)<\/li>\n<li>Aktivne farmaceutske sastojke (API)<\/li>\n<li>Prenos analiti\u010dkih metoda<\/li>\n<li>Studije stabilnosti<\/li>\n<li>Poluproizvode<\/li>\n<li>Proizvodnju i pakovanje<\/li>\n<\/ul>\n<p>\n<\/div><\/div><\/div><\/div><\/div><\/div><\/div><\/div><\/section><section id=\"bt_section69f49d19a7672\"  class=\"boldSection gutter \" ><div class=\"port\"><div class=\"boldCell\"><div class=\"boldCellInner\"><div class=\"boldRow \" ><div class=\"boldRowInner\"><div class=\"rowItem col-md-12 col-ms-12  btTextLeft\"  data-width=\"12\"><div class=\"rowItemContent\" ><div class=\"btClear btSeparator topSmallSpaced noBorder\" ><hr><\/div><\/div><\/div><\/div><\/div><\/div><\/div><\/div><\/section><\/p>\n","protected":false},"excerpt":{"rendered":"","protected":false},"author":4,"featured_media":5305,"parent":0,"menu_order":0,"comment_status":"closed","ping_status":"closed","template":"","meta":{"footnotes":""},"class_list":["post-5600","page","type-page","status-publish","has-post-thumbnail","hentry"],"_links":{"self":[{"href":"https:\/\/old.zdravlje.co.rs\/sr\/wp-json\/wp\/v2\/pages\/5600","targetHints":{"allow":["GET"]}}],"collection":[{"href":"https:\/\/old.zdravlje.co.rs\/sr\/wp-json\/wp\/v2\/pages"}],"about":[{"href":"https:\/\/old.zdravlje.co.rs\/sr\/wp-json\/wp\/v2\/types\/page"}],"author":[{"embeddable":true,"href":"https:\/\/old.zdravlje.co.rs\/sr\/wp-json\/wp\/v2\/users\/4"}],"replies":[{"embeddable":true,"href":"https:\/\/old.zdravlje.co.rs\/sr\/wp-json\/wp\/v2\/comments?post=5600"}],"version-history":[{"count":1,"href":"https:\/\/old.zdravlje.co.rs\/sr\/wp-json\/wp\/v2\/pages\/5600\/revisions"}],"predecessor-version":[{"id":5757,"href":"https:\/\/old.zdravlje.co.rs\/sr\/wp-json\/wp\/v2\/pages\/5600\/revisions\/5757"}],"wp:featuredmedia":[{"embeddable":true,"href":"https:\/\/old.zdravlje.co.rs\/sr\/wp-json\/wp\/v2\/media\/5305"}],"wp:attachment":[{"href":"https:\/\/old.zdravlje.co.rs\/sr\/wp-json\/wp\/v2\/media?parent=5600"}],"curies":[{"name":"wp","href":"https:\/\/api.w.org\/{rel}","templated":true}]}}