{"id":5601,"date":"2023-04-04T20:44:38","date_gmt":"2023-04-04T18:44:38","guid":{"rendered":"https:\/\/old.zdravlje.co.rs\/q10-250-mg\/"},"modified":"2024-03-18T17:27:00","modified_gmt":"2024-03-18T16:27:00","slug":"q10-250-mg","status":"publish","type":"page","link":"https:\/\/old.zdravlje.co.rs\/sr\/q10-250-mg\/","title":{"rendered":"Q10 250 mg"},"content":{"rendered":"<section id=\"bt_section69f4b3c48d1cd\"  class=\"boldSection topSpaced bottomSpaced gutter boxed inherit\" ><div class=\"port\"><div class=\"boldCell\"><div class=\"boldCellInner\"><div class=\"boldRow \" ><div class=\"boldRowInner\"><div class=\"rowItem col-md-6 col-sm-12 btTextCenter animate animate-fadein inherit btNoPadding\"  data-width=\"6\"><div class=\"rowItemContent\" ><div class=\"bpgPhoto btDefaultHoverType\" ><div class = \"btImage\"><img decoding=\"async\" src=\"https:\/\/old.zdravlje.co.rs\/wp-content\/uploads\/2022\/06\/Q10_Providna-pozadina-1280x1280.png\" alt=\"\" title=\"\"><\/div><\/div><div class=\"btClear btSeparator bottomSemiSpaced noBorder\" ><hr><\/div><\/div><\/div><div class=\"rowItem col-md-6 col-sm-12 btTextLeft animate animate-fadein btMiddleVertical btDoublePadding\"  data-width=\"6\"><div class=\"rowItemContent\" ><div class=\"btClear btSeparator topSemiSpaced noBorder\" ><hr><\/div><header class=\"header btClear extralarge  bold\" ><div class=\"dash\"><h1><span class=\"headline\"><b class=\"animate\">Q10 250 mg<\/b><\/span><\/h1><\/div><div class=\"btSubTitle\">Dodatak ishrani na bazi koenzima Q10 od 250 mg<\/div><\/header><div class=\"btClear btSeparator topSmallSpaced noBorder\" ><hr><\/div><\/div><\/div><\/div><\/div><div class=\"boldRow \" ><div class=\"boldRowInner\"><div class=\"rowItem col-md-12 col-ms-12  btTextLeft\"  data-width=\"12\"><div class=\"rowItemContent\" ><div class=\"btTabs tabsVertical\"><ul class=\"tabsHeader\"><li><span>Preporu\u010duje se:<\/span><\/li><li><span>Sastav:<\/span><\/li><\/ul><div class=\"tabPanes accordionPanes\"><div class=\"tabPane\">\n\t\t\t<div class=\"tabAccordionTitle\"><span>Preporu\u010duje se:<\/span><\/div>\n\t\t\t<div class=\"tabAccordionContent\"><div class=\"btText\" ><\/p>\n<ul>\n<li>Kao dopuna koenzima Q10 u svakodnevnoj ishrani.<\/li>\n<li>Sr\u010danim bolesnicima za pobolj\u0161anje kvaliteta \u017eivota.<\/li>\n<li>Kod stresnih stanja i te\u017eih fizi\u010dkih napora.<\/li>\n<li>Osobama nakon \u010detrdesete godine \u017eivota.<\/li>\n<li>Za odr\u017eavanje optimalnog nivoa krvnog pritiska.<\/li>\n<li>Kao dodatak ishrani za prevenciju ateroskleroze.<\/li>\n<li>Kod hroni\u010dnog umora<\/li>\n<li>Osobama koje su na terapiji statinima.<\/li>\n<li>Starijim osobama.<\/li>\n<li>Za za\u0161titu organizma od \u0161tetnih dejstava slobodnih radikala &#8211; Pru\u017ea antioksidantnu podr\u0161ku.<\/li>\n<li>Kao podr\u0161ka zdravom starenju i zdravlju srca ovim va\u017enim dodatkom ishrani.<\/li>\n<li>Kao podr\u0161ka proizvodnji c\u0301elijske energije.<\/li>\n<\/ul>\n<p>Namenjen samo odraslima.<\/p>\n<p>Koenzim Q10 (CoQ-10) je vitalni antioksidans koji se nalazi u va\u0161em srcu, jetri i bubrezima.<br \/>\nNivo CoQ-10 s godinama mo\u017ee opasti, a na isti uti\u010de uzimanje statina.<br \/>\nNa nivoe tako\u0111e uti\u010du ve\u017ebanje i stresori iz okoline.<br \/>\nDostupan u pakovanju od 30 kapsula.<\/p>\n<p>\n<\/div><\/div>\n\t\t<\/div><div class=\"tabPane\">\n\t\t\t<div class=\"tabAccordionTitle\"><span>Sastav:<\/span><\/div>\n\t\t\t<div class=\"tabAccordionContent\"><div class=\"btText\" ><\/p>\n<table width=\"339\">\n<tbody>\n<tr>\n<td width=\"125\">Aktivni sastojci<\/td>\n<td width=\"12\"><\/td>\n<td width=\"137\">Preporu\u010dena koli\u010dina po jednom dnevna doza (1 kapsula)<\/td>\n<td width=\"64\">% NRV<\/td>\n<\/tr>\n<tr>\n<td width=\"125\"><strong>Coenzyme Q10<\/strong><\/td>\n<td width=\"12\"><\/td>\n<td width=\"137\">250mg<\/td>\n<td width=\"64\">**<\/td>\n<\/tr>\n<\/tbody>\n<\/table>\n<table width=\"125\">\n<tbody>\n<tr>\n<td width=\"125\">NRV &#8211; Nutritional Reference Value (Nutritivna referentna vrednost)<\/td>\n<\/tr>\n<tr>\n<td width=\"125\">**-Nutritivna referentna vrednost nije utvr\u0111ena<\/td>\n<\/tr>\n<\/tbody>\n<\/table>\n<p>\n<\/div><\/div>\n\t\t<\/div><\/div><\/div><div class=\"btText\" ><\/p>\n<p><strong>Na\u010din primene<\/strong>: Jedna kapsula sa vodom dnevno, uz obrok.<\/p>\n<p>\n<\/div><\/div><\/div><\/div><\/div><\/div><\/div><\/div><\/section>\n","protected":false},"excerpt":{"rendered":"","protected":false},"author":4,"featured_media":5305,"parent":0,"menu_order":0,"comment_status":"closed","ping_status":"closed","template":"","meta":{"footnotes":""},"class_list":["post-5601","page","type-page","status-publish","has-post-thumbnail","hentry"],"_links":{"self":[{"href":"https:\/\/old.zdravlje.co.rs\/sr\/wp-json\/wp\/v2\/pages\/5601","targetHints":{"allow":["GET"]}}],"collection":[{"href":"https:\/\/old.zdravlje.co.rs\/sr\/wp-json\/wp\/v2\/pages"}],"about":[{"href":"https:\/\/old.zdravlje.co.rs\/sr\/wp-json\/wp\/v2\/types\/page"}],"author":[{"embeddable":true,"href":"https:\/\/old.zdravlje.co.rs\/sr\/wp-json\/wp\/v2\/users\/4"}],"replies":[{"embeddable":true,"href":"https:\/\/old.zdravlje.co.rs\/sr\/wp-json\/wp\/v2\/comments?post=5601"}],"version-history":[{"count":1,"href":"https:\/\/old.zdravlje.co.rs\/sr\/wp-json\/wp\/v2\/pages\/5601\/revisions"}],"predecessor-version":[{"id":5762,"href":"https:\/\/old.zdravlje.co.rs\/sr\/wp-json\/wp\/v2\/pages\/5601\/revisions\/5762"}],"wp:featuredmedia":[{"embeddable":true,"href":"https:\/\/old.zdravlje.co.rs\/sr\/wp-json\/wp\/v2\/media\/5305"}],"wp:attachment":[{"href":"https:\/\/old.zdravlje.co.rs\/sr\/wp-json\/wp\/v2\/media?parent=5601"}],"curies":[{"name":"wp","href":"https:\/\/api.w.org\/{rel}","templated":true}]}}