{"id":5603,"date":"2022-04-13T19:36:12","date_gmt":"2022-04-13T17:36:12","guid":{"rendered":"https:\/\/old.zdravlje.co.rs\/politika-privatnosti\/"},"modified":"2024-04-10T15:09:21","modified_gmt":"2024-04-10T13:09:21","slug":"politika-privatnosti","status":"publish","type":"page","link":"https:\/\/old.zdravlje.co.rs\/sr\/politika-privatnosti\/","title":{"rendered":"Politika privatnosti"},"content":{"rendered":"<section id=\"bt_section69f49ec2108d4\"  class=\"boldSection topSemiSpaced gutter boxed inherit\" ><div class=\"port\"><div class=\"boldCell\"><div class=\"boldCellInner\"><div class=\"boldRow \" ><div class=\"boldRowInner\"><div class=\"rowItem col-md-12 col-ms-12  btTextLeft animate animate-fadein inherit btDoublePadding\"  data-width=\"12\"><div class=\"rowItemContent\" ><div class=\"btClear btSeparator topSmallSpaced bottomSmallSpaced noBorder\" ><hr><\/div><div class=\"btText\" ><\/p>\n<p>Zdravlje po\u0161tuje sve zakonske odredbe o za\u0161titi podataka. Za\u0161tita privatnosti posetilaca ovog sajta je veoma va\u017ena za Zdravlje. Zdravlje, kao kontrolor podataka, odgovorno je za sadr\u017eaj koji se nalazi na njegovoj veb stranici.<\/p>\n<p>Zdravlje posluje u skladu sa poslovnim principima koji po\u0161tuju najvi\u0161e standarde za\u0161tite privatnosti. Zdravlje\u00a0Pravilnikom o za\u0161titi podataka o li\u010dnosti\u00a0ure\u0111uje se na\u010din prikupljanja i obrade podataka o li\u010dnosti koji se odnose na zaposlene, poslovne partnere i druga lica u skladu sa Zakonom o za\u0161titi podataka o li\u010dnosti (\u201eSlu\u017ebeni glasnik RS\u201d, br. 87\/2018) i drugim propisima koji ure\u0111uje za\u0161titu podataka o li\u010dnosti.<\/p>\n<p><strong>Prikupljanje li\u010dnih podataka<\/strong><\/p>\n<p>Prikupljanje li\u010dnih podataka prilikom pregledanja sajta vvv.zdravlje.co.rs (u daljem tekstu: sajt) je anonimno i tom prilikom se ne prikupljaju podaci koji bi omoguc\u0301ili va\u0161u li\u010dnu identifikaciju kao \u0161to su ime, adresa, broj telefona ili e-mail. adresa (u daljem tekstu: li\u010dni podaci).<\/p>\n<p>Posebno c\u0301emo naglasiti kada su nam potrebni va\u0161i li\u010dni podaci da bismo pru\u017eili uslugu ili realizovali transakciju koju ste tra\u017eili. Li\u010dni podaci koje prikupljamo preko veb stranice mogu uklju\u010divati va\u0161e ime, adresu, telefon, adresu e-po\u0161te i druge informacije po potrebi. Zdravlje mo\u017ee automatski prikupljati informacije o va\u0161em ra\u010dunaru preko svoje veb stranice. Ove informacije mogu uklju\u010divati tip pretra\u017eiva\u010da, ime domena, vreme pristupa, adrese veb lokacija i sli\u010dno. Zdravlje mo\u017ee koristiti ove podatke kako bi nudio svoje proizvode i usluge, odr\u017eavao i unapre\u0111ivao njihov kvalitet i prikupljao statistiku u vezi sa kori\u0161c\u0301enjem svoje veb stranice.<\/p>\n<p>Uno\u0161enjem ili slanjem li\u010dnih podataka putem veb-sajta Zdravlje potvr\u0111ujete da ste svoje li\u010dne podatke dobrovoljno u\u010dinili dostupnim (saglasnost) i da dozvoljavate da se oni koriste u svrhu za koju su dati. Zdravlje prikuplja isklju\u010divo u svrhu postupanja po va\u0161em zahtevu, a podatke mogu koristiti samo zaposleni u Zdravlju, a dostavljeni podaci predstavljaju minimum informacija koji su nam potrebni za ovu svrhu.<\/p>\n<p>Prikupljene podatke Zdravlje obra\u0111uje sa istom svrhom za koju su i dati, a to je analiza posec\u0301enosti sajta i pru\u017eanje adekvatnih informacija svojim klijentima o proizvodima i uslugama iz svoje ponude. Zdravlje mo\u017ee da koristi prikupljene podatke za pobolj\u0161anje korisni\u010dkog servisa, olak\u0161ava kori\u0161c\u0301enje veb stranice eliminisanjem potrebe za ponovnim uno\u0161enjem istih podataka, kao i za prilago\u0111avanje veb stranice va\u0161im potrebama i interesovanjima.<\/p>\n<p>Zdravlje, kao kontrolor i obra\u0111iva\u010d podataka, preduzima neophodne tehni\u010dke, kadrovske i organizacione mere za\u0161tite podataka, u skladu sa utvr\u0111enim standardima i procedurama, koje su neophodne za za\u0161titu va\u0161ih li\u010dnih podataka od gubitka, uni\u0161tenja, neovla\u0161c\u0301enog pristupa, promene, objavljivanja i bilo kakvog druge zloupotrebe.<\/p>\n<p>Ako ste mla\u0111i od 15 godina, pribavite saglasnost roditelja\/zakonskog staratelja pre dostavljanja li\u010dnih podataka Zdravlju.<\/p>\n<p><strong>Politika kola\u010dic\u0301a (kola\u010dic\u0301i)<\/strong><\/p>\n<p>U cilju pobolj\u0161anja va\u0161eg korisni\u010dkog iskustva prilikom pregledanja veb stranice Zdravlje, \u017eelimo da vas obavestimo da ova veb lokacija na va\u0161em ra\u010dunaru \u010duva malu koli\u010dinu informacija koje se nazivaju kola\u010dic\u0301i. Kori\u0161c\u0301enjem ove veb stranice saglasni ste sa upotrebom kola\u010dic\u0301a. Ako ih blokirate, i dalje c\u0301ete moc\u0301i da vidite stranicu, ali sa ograni\u010denom funkcionalno\u0161c\u0301u.<\/p>\n<p><strong>\u0160ta je kola\u010dic\u0301?<\/strong><\/p>\n<p>Kola\u010dic\u0301 je informacija postavljena na li\u010dni ra\u010dunar ili mobilni ure\u0111aj dok pregledate veb lokaciju koju ste posetili. Kola\u010dic\u0301i su lak\u0161i za kori\u0161c\u0301enje, jer olak\u0161avaju pode\u0161avanja Interneta (jezika ili adrese) tako \u0161to ih aktiviraju kada ponovo u\u010ditate stranicu. Na ovaj na\u010din informacije su prilago\u0111ene va\u0161im potrebama i uobi\u010dajenim na\u010dinima kori\u0161c\u0301enja, odnosno pobolj\u0161avaju va\u0161e korisni\u010dko iskustvo prilikom pregledavanja veb stranice Zdravlje.<\/p>\n<p>Pored ovih jednostavnih informacija vezanih za lak\u0161e upravljanje, kola\u010dic\u0301i mogu da \u010duvaju i veliku koli\u010dinu li\u010dnih podataka, za koje prvo morate dati saglasnost. Ako niste dali svoju saglasnost, kola\u010dic\u0301i ne mogu pristupiti datotekama na va\u0161em ra\u010dunaru.<\/p>\n<p>Kola\u010dic\u0301i nam tako\u0111e omoguc\u0301avaju da pratimo saobrac\u0301aj i saobrac\u0301aj na na\u0161oj veb stranici (koristec\u0301i alate kao \u0161to je Google analitika). Sve informacije prikupljene na ovaj na\u010din pomoc\u0301u kola\u010dic\u0301a se akumuliraju i anonimne su i ne dele se ni sa jednim drugim subjektima.<\/p>\n<p><strong>Da li ova veb lokacija koristi kola\u010dic\u0301e?<\/strong><\/p>\n<p>Da, ova veb lokacija koristi kola\u010dic\u0301e kako bi vam pru\u017eila jednostavnije i bolje korisni\u010dko iskustvo.<\/p>\n<p>Koje kola\u010dic\u0301e koristi ova veb lokacija?<\/p>\n<p><span style=\"font-weight: 400;\">\u2013 Privremeni kola\u010dic\u0301i (Session cookies) \u2013 koji c\u0301e se automatski izbrisati kada zatvorite pretra\u017eiva\u010d u kojem radite.<\/span><\/p>\n<p>Privremeni kola\u010dic\u0301i ili kola\u010dic\u0301i sesije se uklanjaju sa va\u0161eg li\u010dnog ra\u010dunara ili mobilnog ure\u0111aja kada zatvorite pregleda\u010d koji ste koristili za pregled sajta. Uz pomoc\u0301 ovih kola\u010dic\u0301a, sajt prikuplja privremene podatke.<\/p>\n<p><span style=\"font-weight: 400;\">\u2013 Marketin\u0161ki kola\u010dic\u0301i \u2013 ovi, obi\u010dno kola\u010dic\u0301i trec\u0301ih strana, koriste se za prikazivanje oglasa\/oglasa koji su relevantni za vas. Tako\u0111e c\u0301e ograni\u010diti broj prikaza odre\u0111enog oglasa i meriti efikasnost va\u0161ih oglasnih kampanja. Kola\u010dic\u0301i pamte va\u0161e posete i pona\u0161anje na sajtu.<\/span><\/p>\n<p>Kola\u010dic\u0301i za ogla\u0161avanje trec\u0301ih strana i usluge koje koristimo uklju\u010duju, na primer: Google Ads, Facebook Pixel.<\/p>\n<p><strong>Kako onemoguc\u0301iti kola\u010dic\u0301e?<\/strong><\/p>\n<p>Sve ove informacije mogu se \u010duvati na va\u0161em ra\u010dunaru ili mobilnom ure\u0111aju samo ako vi to dozvolite \u2013 veb lokacija ne mo\u017ee pristupiti informacijama koje im niste dali, niti mo\u017ee pristupiti drugom sadr\u017eaju na va\u0161em ra\u010dunaru ili mobilnom ure\u0111aju.<\/p>\n<p>Onemoguc\u0301avanje kola\u010dic\u0301a spre\u010dava vas da prikupljate kola\u010dic\u0301e na svom ra\u010dunaru ili mobilnom ure\u0111aju. Pode\u0161avanja kola\u010dic\u0301a se mogu konfigurisati i promeniti u internet pretra\u017eiva\u010du po va\u0161em izboru.<\/p>\n<p><strong>Odricanje od odgovornosti<\/strong><\/p>\n<p><span style=\"font-weight: 400;\">U izuzetnom slu\u010daju gre\u0161ke na nekoj od stranica veb-sajta Zdravlje, Zdravlje c\u0301e nastojati da je ispravi \u0161to je pre moguc\u0301e i da a\u017eurira sadr\u017eaj svoje veb stranice. <\/span><\/p>\n<p><span style=\"font-weight: 400;\">Zbog moguc\u0301nosti eventualne gre\u0161ke ili nenamernog propusta na nekoj od stranica ove prezentacije, pozivamo sva zainteresovana fizi\u010dka i pravna lica da se unapred kod Zdravlja raspitaju o konkretnim uslovima svih proizvoda i usluga predstavljenih na ovom sajtu putem\u00a0info@zdravlje .co.rs.<\/span><\/p>\n<p><b>Linkovi<\/b><\/p>\n<p>Preko linkova u okviru svoje veb stranice, Zdravlje vam mo\u017ee dati moguc\u0301nost povezivanja na druge veb stranice (Facebook, LinkedIn, Instagram, itd.), kao \u0161to se ti sajtovi mogu povezati sa na\u0161im.<\/p>\n<p>Nagla\u0161avamo da je va\u017eno znati da druge veb stranice rade u skladu sa svojim Uslovima kori\u0161c\u0301enja i Politikom privatnosti i da Zdravlje nema kontrolu nad njima, ne poseduje njihove podatke, niti mo\u017ee garantovati, niti biti odgovoran za bilo kakav sadr\u017eaj, ogla\u0161avanje, proizvoda ili drugih materijala dostupnih na ovim veb stranicama.<\/p>\n<p><strong>Informacije o obradi li\u010dnih podataka i kontakt podaci<\/strong><\/p>\n<p><span style=\"font-weight: 400;\">Vi\u0161e o obradi li\u010dnih podataka od strane Zdravlje mo\u017eete pro\u010ditati na sledec\u0301em linku \u2013\u00a0Informacije o obradi li\u010dnih podataka. Za pitanja iz oblasti za\u0161tite podataka o li\u010dnosti, mo\u017eete pisati na e-mail adresu: <\/span><a href=\"mailto:info@zdravlje.co.rs\"><span style=\"font-weight: 400;\">info@zdravlje.co.rs<\/span><\/a><\/p>\n<p><strong>Mere bezbednosti<\/strong><\/p>\n<p>Ukoliko podatke prosledimo na\u0161im pru\u017eaocima usluga, u skladu sa gore navedenim uslugama, oni su, pored obaveznih zakonskih odredbi, vezani i posebnim ugovorima o privatnosti podataka koji su zaklju\u010deni sa nama.<\/p>\n<p>Primenjujemo bezbednosne mere koje kontinuirano optimizujemo u skladu sa tehni\u010dkim i pravnim trendovima kako bismo obezbedili za\u0161titu va\u0161ih podataka od (slu\u010dajne ili namerne) manipulacije, gubitka, uni\u0161tenja ili pristupa neovla\u0161c\u0301enih trec\u0301ih lica.<\/p>\n<p><strong>Zavr\u0161ne odredbe<\/strong><\/p>\n<p>Zdravlje zadr\u017eava pravo da promeni ovu Politiku privatnosti. U slu\u010daju promene va\u0161e postojec\u0301e Politike privatnosti, odmah c\u0301emo vas obavestiti na transparentan na\u010din. Molimo Vas da povremeno proveravate da li postoje promene u Politici privatnosti Zdravlja kako biste bili blagovremeno obave\u0161teni o njenim izmenama.<\/p>\n<p>\n<\/div><div class=\"btClear btSeparator bottomSemiSpaced noBorder\" ><hr><\/div><\/div><\/div><\/div><\/div><\/div><\/div><\/div><\/section>\n","protected":false},"excerpt":{"rendered":"","protected":false},"author":1,"featured_media":5305,"parent":0,"menu_order":0,"comment_status":"closed","ping_status":"closed","template":"","meta":{"footnotes":""},"class_list":["post-5603","page","type-page","status-publish","has-post-thumbnail","hentry"],"_links":{"self":[{"href":"https:\/\/old.zdravlje.co.rs\/sr\/wp-json\/wp\/v2\/pages\/5603","targetHints":{"allow":["GET"]}}],"collection":[{"href":"https:\/\/old.zdravlje.co.rs\/sr\/wp-json\/wp\/v2\/pages"}],"about":[{"href":"https:\/\/old.zdravlje.co.rs\/sr\/wp-json\/wp\/v2\/types\/page"}],"author":[{"embeddable":true,"href":"https:\/\/old.zdravlje.co.rs\/sr\/wp-json\/wp\/v2\/users\/1"}],"replies":[{"embeddable":true,"href":"https:\/\/old.zdravlje.co.rs\/sr\/wp-json\/wp\/v2\/comments?post=5603"}],"version-history":[{"count":3,"href":"https:\/\/old.zdravlje.co.rs\/sr\/wp-json\/wp\/v2\/pages\/5603\/revisions"}],"predecessor-version":[{"id":5907,"href":"https:\/\/old.zdravlje.co.rs\/sr\/wp-json\/wp\/v2\/pages\/5603\/revisions\/5907"}],"wp:featuredmedia":[{"embeddable":true,"href":"https:\/\/old.zdravlje.co.rs\/sr\/wp-json\/wp\/v2\/media\/5305"}],"wp:attachment":[{"href":"https:\/\/old.zdravlje.co.rs\/sr\/wp-json\/wp\/v2\/media?parent=5603"}],"curies":[{"name":"wp","href":"https:\/\/api.w.org\/{rel}","templated":true}]}}