{"id":5606,"date":"2023-04-04T21:00:05","date_gmt":"2023-04-04T19:00:05","guid":{"rendered":"https:\/\/old.zdravlje.co.rs\/normonerv\/"},"modified":"2024-03-18T17:39:12","modified_gmt":"2024-03-18T16:39:12","slug":"normonerv","status":"publish","type":"page","link":"https:\/\/old.zdravlje.co.rs\/sr\/normonerv\/","title":{"rendered":"Normonerv"},"content":{"rendered":"<section id=\"bt_section69f4b22baedaa\"  class=\"boldSection topSpaced bottomSpaced gutter boxed inherit\" ><div class=\"port\"><div class=\"boldCell\"><div class=\"boldCellInner\"><div class=\"boldRow \" ><div class=\"boldRowInner\"><div class=\"rowItem col-md-6 col-sm-12 btTextCenter animate animate-fadein inherit btNoPadding\"  data-width=\"6\"><div class=\"rowItemContent\" ><div class=\"bpgPhoto btDefaultHoverType\" ><div class = \"btImage\"><img decoding=\"async\" src=\"https:\/\/old.zdravlje.co.rs\/wp-content\/uploads\/2023\/08\/NORMONERV_Prikaz-sa-bocicom-za-sajt.png\" alt=\"\" title=\"\"><\/div><\/div><div class=\"btClear btSeparator bottomSemiSpaced noBorder\" ><hr><\/div><\/div><\/div><div class=\"rowItem col-md-6 col-sm-12 btTextLeft animate animate-fadein btMiddleVertical btDoublePadding\"  data-width=\"6\"><div class=\"rowItemContent\" ><div class=\"btClear btSeparator topSemiSpaced noBorder\" ><hr><\/div><header class=\"header btClear extralarge  bold\" ><div class=\"dash\"><h1><span class=\"headline\"><b class=\"animate\">Normonerv<\/b><\/span><\/h1><\/div><div class=\"btSubTitle\">Dodatak ishrani na bazi alfa-lipoinske kiseline, L-karnozina, cinka i vitamina B grupe.<br \/><br><\/div><\/header><div class=\"btClear btSeparator topSmallSpaced noBorder\" ><hr><\/div><\/div><\/div><\/div><\/div><div class=\"boldRow \" ><div class=\"boldRowInner\"><div class=\"rowItem col-md-12 col-ms-12  btTextLeft\"  data-width=\"12\"><div class=\"rowItemContent\" ><div class=\"btTabs tabsVertical\"><ul class=\"tabsHeader\"><li><span>Preporu\u010duje se:<\/span><\/li><li><span>Sadr\u017ei:<\/span><\/li><li><span>Sastav:<\/span><\/li><\/ul><div class=\"tabPanes accordionPanes\"><div class=\"tabPane\">\n\t\t\t<div class=\"tabAccordionTitle\"><span>Preporu\u010duje se:<\/span><\/div>\n\t\t\t<div class=\"tabAccordionContent\"><div class=\"btText\" ><\/p>\n<p>Za normalnu funkciju nervnog sistema i u uslovima povec\u0301ane potrebe za za\u0161titom od oksidativnog stresa. Poma\u017ee u smanjenju bola i drugih nervnih senzacija kao \u0161to su utrnulost, bockanje, peckanje i trnci.<br \/>\nNamenjeno odraslima i deci starijoj od 12 godina.<br \/>\nAlfa-lipoinska kiselina je koenzim i jedan od najva\u017enijih antioksidanasa. Kao antioksidans, poma\u017ee u borbi protiv slobodnih radikala u telu. Slobodni radikali mogu izazvati oksidativni stres koji mo\u017ee o\u0161tetiti c\u0301elije.<\/p>\n<p><strong>Dostupan u pakovanju od 30 tableta.<\/strong><\/p>\n<p>\n<\/div><\/div>\n\t\t<\/div><div class=\"tabPane\">\n\t\t\t<div class=\"tabAccordionTitle\"><span>Sadr\u017ei:<\/span><\/div>\n\t\t\t<div class=\"tabAccordionContent\"><div class=\"btText\" ><\/p>\n<p>Alfa-lipoinska kiselina poma\u017ee u za\u0161titi nervnog sistema, mo\u017ee za\u0161tititi lipide od oksidativnog o\u0161tec\u0301enja.<br \/>\nTiamin (B1) &#8211; doprinosi normalnom funkcionisanju nervnog sistema, normalnoj psiholo\u0161koj funkciji.<br \/>\nVitamin B2 &#8211; doprinosi normalnom funkcionisanju nervnog sistema, normalnom metabolizmu stvaranja energije, smanjenju umora i iscrpljenosti.<\/p>\n<p>Pantotenska kiselina (B5) &#8211; doprinosi normalnom mentalnom radu, normalnoj sintezi i metabolizmu steroidnih hormona, vitamina D i pojedinih neurotransmitera, smanjenju umora i iscrpljenosti.<\/p>\n<p>Vitamin B6 i B12 &#8211; odr\u017eavaju normalnu funkciju nervnog sistema, normalne psiholo\u0161ke funkcije i doprinose smanjenju umora i iscrpljenosti.<\/p>\n<p>Folna kiselina &#8211; doprinosi normalnoj funkciji nervnog sistema.<\/p>\n<p>Cink &#8211; Doprinosi normalnoj funkciji ko\u017ee, kostiju, kose i noktiju. Doprinosi normalnoj plodnosti i reprodukciji.<\/p>\n<p>\n<\/div><\/div>\n\t\t<\/div><div class=\"tabPane\">\n\t\t\t<div class=\"tabAccordionTitle\"><span>Sastav:<\/span><\/div>\n\t\t\t<div class=\"tabAccordionContent\"><div class=\"btText\" ><\/p>\n<table class=\"t1\" cellspacing=\"0\" cellpadding=\"0\">\n<tbody>\n<tr>\n<td class=\"td1\" valign=\"bottom\">\n<p class=\"p2\">Aktivni sastojci<\/p>\n<\/td>\n<td class=\"td2\" valign=\"bottom\">\n<p class=\"p2\">\n<\/td>\n<td class=\"td3\" valign=\"bottom\">\n<p class=\"p3\">Preporu\u010dena dnevna doza (1 tableta)<\/p>\n<\/td>\n<td class=\"td4\" valign=\"bottom\">\n<p class=\"p2\">% NRV*<\/p>\n<\/td>\n<\/tr>\n<tr>\n<td class=\"td5\" valign=\"bottom\">\n<p class=\"p2\"><b>Alpha lipoic acid <\/b><\/p>\n<\/td>\n<td class=\"td6\" valign=\"bottom\">\n<p class=\"p2\">\n<\/td>\n<td class=\"td7\" valign=\"bottom\">\n<p class=\"p3\">600 mg<\/p>\n<\/td>\n<td class=\"td8\" valign=\"bottom\">\n<p class=\"p3\">**<\/p>\n<\/td>\n<\/tr>\n<tr>\n<td class=\"td5\" valign=\"bottom\">\n<p class=\"p2\"><b>L carnosine<\/b><\/p>\n<\/td>\n<td class=\"td6\" valign=\"bottom\">\n<p class=\"p2\">\n<\/td>\n<td class=\"td7\" valign=\"bottom\">\n<p class=\"p3\">165 mg<\/p>\n<\/td>\n<td class=\"td8\" valign=\"bottom\">\n<p class=\"p3\">**<\/p>\n<\/td>\n<\/tr>\n<tr>\n<td class=\"td9\" valign=\"bottom\">\n<p class=\"p2\"><b>Vitamin B1<\/b>(as thiamine hydrochloride)<\/p>\n<\/td>\n<td class=\"td10\" valign=\"bottom\">\n<p class=\"p2\">\n<\/td>\n<td class=\"td11\" valign=\"bottom\">\n<p class=\"p3\">0,7 mg<\/p>\n<\/td>\n<td class=\"td12\" valign=\"bottom\">\n<p class=\"p3\">64%<\/p>\n<\/td>\n<\/tr>\n<tr>\n<td class=\"td13\" valign=\"bottom\">\n<p class=\"p2\"><b>Vitamin B2<\/b> (as riboflavin)<\/p>\n<\/td>\n<td class=\"td14\" valign=\"bottom\">\n<p class=\"p2\">\n<\/td>\n<td class=\"td15\" valign=\"bottom\">\n<p class=\"p3\">0,8 mg<\/p>\n<\/td>\n<td class=\"td16\" valign=\"bottom\">\n<p class=\"p3\">57%<\/p>\n<\/td>\n<\/tr>\n<tr>\n<td class=\"td17\" valign=\"bottom\">\n<p class=\"p2\"><b>Niacin <\/b>(as nicotinamide)<\/p>\n<\/td>\n<td class=\"td18\" valign=\"bottom\">\n<p class=\"p2\">\n<\/td>\n<td class=\"td19\" valign=\"bottom\">\n<p class=\"p3\">9 mg<\/p>\n<\/td>\n<td class=\"td20\" valign=\"bottom\">\n<p class=\"p3\">56%<\/p>\n<\/td>\n<\/tr>\n<tr>\n<td class=\"td21\" valign=\"bottom\">\n<p class=\"p2\"><b>Vitamin B5<\/b> (as D-calcium pantothenate)<\/p>\n<\/td>\n<td class=\"td22\" valign=\"bottom\">\n<p class=\"p2\">\n<\/td>\n<td class=\"td23\" valign=\"bottom\">\n<p class=\"p3\">3 mg<\/p>\n<\/td>\n<td class=\"td24\" valign=\"bottom\">\n<p class=\"p3\">50%<\/p>\n<\/td>\n<\/tr>\n<tr>\n<td class=\"td25\" valign=\"bottom\">\n<p class=\"p2\"><b>Vitamin B6<\/b> (as pyridoxine hydrochloride)<\/p>\n<\/td>\n<td class=\"td26\" valign=\"bottom\">\n<p class=\"p2\">\n<\/td>\n<td class=\"td27\" valign=\"bottom\">\n<p class=\"p3\">1 mg<\/p>\n<\/td>\n<td class=\"td28\" valign=\"bottom\">\n<p class=\"p3\">71%<\/p>\n<\/td>\n<\/tr>\n<tr>\n<td class=\"td13\" valign=\"bottom\">\n<p class=\"p2\"><b>Vitamin B12<\/b> (as methylcobalamin)<\/p>\n<\/td>\n<td class=\"td14\" valign=\"bottom\">\n<p class=\"p2\">\n<\/td>\n<td class=\"td15\" valign=\"bottom\">\n<p class=\"p3\">0.5 \u00b5g<\/p>\n<\/td>\n<td class=\"td16\" valign=\"bottom\">\n<p class=\"p3\">20%<\/p>\n<\/td>\n<\/tr>\n<tr>\n<td class=\"td1\" valign=\"bottom\">\n<p class=\"p2\"><b>Folate <\/b>(calcium L-5-methyltetrahydrofolate-Magnolfolate C)<\/p>\n<\/td>\n<td class=\"td2\" valign=\"bottom\">\n<p class=\"p2\">\n<\/td>\n<td class=\"td3\" valign=\"bottom\">\n<p class=\"p3\">100 \u00b5g<\/p>\n<\/td>\n<td class=\"td4\" valign=\"bottom\">\n<p class=\"p3\">50%<\/p>\n<\/td>\n<\/tr>\n<tr>\n<td class=\"td29\" valign=\"bottom\">\n<p class=\"p2\"><b>Zinc <\/b><br \/>\n(as zinc oxide)<\/p>\n<\/td>\n<td class=\"td30\" valign=\"bottom\">\n<p class=\"p2\">\n<\/td>\n<td class=\"td31\" valign=\"bottom\">\n<p class=\"p3\">7.5 mg<\/p>\n<\/td>\n<td class=\"td32\" valign=\"bottom\">\n<p class=\"p3\">75%<\/p>\n<\/td>\n<\/tr>\n<tr>\n<td class=\"td33\" valign=\"bottom\"><\/td>\n<td class=\"td34\" valign=\"bottom\"><\/td>\n<td class=\"td35\" valign=\"bottom\"><\/td>\n<td class=\"td36\" valign=\"bottom\"><\/td>\n<\/tr>\n<tr>\n<td class=\"td13\" valign=\"bottom\">\n<p class=\"p2\">NRV*-Nutritional Reference Value (Nutritivna referentna vrednost)<\/p>\n<\/td>\n<td class=\"td14\" valign=\"bottom\"><\/td>\n<td class=\"td15\" valign=\"bottom\"><\/td>\n<td class=\"td16\" valign=\"bottom\"><\/td>\n<\/tr>\n<tr>\n<td class=\"td37\" valign=\"bottom\">\n<p class=\"p2\">**- Nutritivna referentna vrednost nije utvr\u0111ena<\/p>\n<\/td>\n<td class=\"td38\" valign=\"bottom\"><\/td>\n<td class=\"td39\" valign=\"bottom\"><\/td>\n<td class=\"td40\" valign=\"bottom\"><\/td>\n<\/tr>\n<\/tbody>\n<\/table>\n<p>\n<\/div><\/div>\n\t\t<\/div><\/div><\/div><div class=\"btText\" ><\/p>\n<p>Na\u010din primene: uzeti jednu tabletu dnevno sa dovoljno te\u010dnosti, najbolje pre obroka. Preporu\u010duje se da se primenjuje du\u017ee vreme.<\/p>\n<p>\n<\/div><\/div><\/div><\/div><\/div><\/div><\/div><\/div><\/section>\n","protected":false},"excerpt":{"rendered":"","protected":false},"author":4,"featured_media":5305,"parent":0,"menu_order":0,"comment_status":"closed","ping_status":"closed","template":"","meta":{"footnotes":""},"class_list":["post-5606","page","type-page","status-publish","has-post-thumbnail","hentry"],"_links":{"self":[{"href":"https:\/\/old.zdravlje.co.rs\/sr\/wp-json\/wp\/v2\/pages\/5606","targetHints":{"allow":["GET"]}}],"collection":[{"href":"https:\/\/old.zdravlje.co.rs\/sr\/wp-json\/wp\/v2\/pages"}],"about":[{"href":"https:\/\/old.zdravlje.co.rs\/sr\/wp-json\/wp\/v2\/types\/page"}],"author":[{"embeddable":true,"href":"https:\/\/old.zdravlje.co.rs\/sr\/wp-json\/wp\/v2\/users\/4"}],"replies":[{"embeddable":true,"href":"https:\/\/old.zdravlje.co.rs\/sr\/wp-json\/wp\/v2\/comments?post=5606"}],"version-history":[{"count":1,"href":"https:\/\/old.zdravlje.co.rs\/sr\/wp-json\/wp\/v2\/pages\/5606\/revisions"}],"predecessor-version":[{"id":5764,"href":"https:\/\/old.zdravlje.co.rs\/sr\/wp-json\/wp\/v2\/pages\/5606\/revisions\/5764"}],"wp:featuredmedia":[{"embeddable":true,"href":"https:\/\/old.zdravlje.co.rs\/sr\/wp-json\/wp\/v2\/media\/5305"}],"wp:attachment":[{"href":"https:\/\/old.zdravlje.co.rs\/sr\/wp-json\/wp\/v2\/media?parent=5606"}],"curies":[{"name":"wp","href":"https:\/\/api.w.org\/{rel}","templated":true}]}}