{"id":5607,"date":"2023-04-04T20:53:20","date_gmt":"2023-04-04T18:53:20","guid":{"rendered":"https:\/\/old.zdravlje.co.rs\/neurocalm\/"},"modified":"2024-03-18T17:33:20","modified_gmt":"2024-03-18T16:33:20","slug":"neurocalm","status":"publish","type":"page","link":"https:\/\/old.zdravlje.co.rs\/sr\/neurocalm\/","title":{"rendered":"Neurocalm"},"content":{"rendered":"<section id=\"bt_section69f4b2259b59e\"  class=\"boldSection topSpaced bottomSpaced gutter boxed inherit\" ><div class=\"port\"><div class=\"boldCell\"><div class=\"boldCellInner\"><div class=\"boldRow \" ><div class=\"boldRowInner\"><div class=\"rowItem col-md-6 col-sm-12 btTextCenter animate animate-fadein inherit btNoPadding\"  data-width=\"6\"><div class=\"rowItemContent\" ><div class=\"bpgPhoto btDefaultHoverType\" ><div class = \"btImage\"><img decoding=\"async\" src=\"https:\/\/old.zdravlje.co.rs\/wp-content\/uploads\/2023\/08\/NEUROCALM_Prikaz-sa-bocicom-za-sajt.png\" alt=\"\" title=\"\"><\/div><\/div><div class=\"btClear btSeparator bottomSemiSpaced noBorder\" ><hr><\/div><\/div><\/div><div class=\"rowItem col-md-6 col-sm-12 btTextLeft animate animate-fadein btMiddleVertical btDoublePadding\"  data-width=\"6\"><div class=\"rowItemContent\" ><div class=\"btClear btSeparator topSemiSpaced noBorder\" ><hr><\/div><header class=\"header btClear extralarge  bold\" ><div class=\"dash\"><h1><span class=\"headline\"><b class=\"animate\">Neurocalm<\/b><\/span><\/h1><\/div><div class=\"btSubTitle\">Dodatak ishrani na bazi vitamina, minerala, aminokiselina, koenzima Q10 i karotenoida.<\/div><\/header><div class=\"btClear btSeparator topSmallSpaced noBorder\" ><hr><\/div><\/div><\/div><\/div><\/div><div class=\"boldRow \" ><div class=\"boldRowInner\"><div class=\"rowItem col-md-12 col-ms-12  btTextLeft\"  data-width=\"12\"><div class=\"rowItemContent\" ><div class=\"btTabs tabsVertical\"><ul class=\"tabsHeader\"><li><span>Preporu\u010duje se:<\/span><\/li><li><span>Sadr\u017ei:<\/span><\/li><li><span>Sastav:<\/span><\/li><\/ul><div class=\"tabPanes accordionPanes\"><div class=\"tabPane\">\n\t\t\t<div class=\"tabAccordionTitle\"><span>Preporu\u010duje se:<\/span><\/div>\n\t\t\t<div class=\"tabAccordionContent\"><div class=\"btText\" ><\/p>\n<ul>\n<li>studentima, posebno tokom ispitnih rokova<\/li>\n<li>starijim osobama<\/li>\n<li>osobama pod stresom i onima sa simptomima hroni\u010dnog umora<\/li>\n<li>osobama koje mnogo rade.<\/li>\n<\/ul>\n<p>Namenjen odraslima i deci starijoj od 12 godina.<br \/>\nKoristi se kao dodatak ishrani za normalnu funkciju nervnog sistema. Pozitivno uti\u010de na pamc\u0301enje i koncentraciju, podr\u017eava pamc\u0301enje, fokus i kognitivne funkcije kod odraslih.<br \/>\nDostupan u pakovanju od 30 tableta.<\/p>\n<p>\n<\/div><\/div>\n\t\t<\/div><div class=\"tabPane\">\n\t\t\t<div class=\"tabAccordionTitle\"><span>Sadr\u017ei:<\/span><\/div>\n\t\t\t<div class=\"tabAccordionContent\"><div class=\"btText\" ><\/p>\n<p>Glutamin &#8211; podr\u017eava koncentraciju i mentalne performanse u uslovima mentalnog ili fizi\u010dkog napora \u2013 poma\u017ee u odr\u017eavanju radne memorije i rada mozga kod starijih osoba.<\/p>\n<p>Arginin &#8211; podr\u0161ka normalnoj cirkulaciji.<\/p>\n<p>Glutation &#8211; antioksidans, doprinosi antioksidativnom odbrambenom sistemu, doprinosi imunolo\u0161kom odgovoru organizma.<\/p>\n<p>Gvo\u017e\u0111e &#8211; doprinosi normalnoj kognitivnoj funkciji, normalnom metabolizmu stvaranja energije, normalnom stvaranju crvenih krvnih zrnaca i hemoglobina, normalnom transportu kiseonika u telu, smanjenju umora i iscrpljenosti.<\/p>\n<p>Hrom &#8211; doprinosi normalnom metabolizmu makronutrijenata, odr\u017eavanju normalnog nivoa glukoze u krvi.<\/p>\n<p>Bakar &#8211; doprinosi normalnom metabolizmu stvaranja energije, normalnom funkcionisanju nervnog sistema, normalnoj pigmentaciji kose i ko\u017ee, normalnom transportu gvo\u017e\u0111a u telu.<\/p>\n<p>Jod &#8211; doprinosi normalnoj kognitivnoj funkciji, normalnom metabolizmu stvaranja energije, normalnom funkcionisanju nervnog sistema.<\/p>\n<p>Selen &#8211; doprinosi za\u0161titi c\u0301elija od oksidativnog stresa, normalnoj funkciji \u0161titne \u017elezde, normalnoj funkciji imunog sistema.<\/p>\n<p>Magnezijum &#8211; doprinosi smanjenju umora i iscrpljenosti, normalnom funkcionisanju nervnog sistema, normalnoj funkciji mi\u0161ic\u0301a, normalnoj sintezi proteina, normalnoj psiholo\u0161koj funkciji, odr\u017eavanju zdravih kostiju, odr\u017eavanju zdravih zuba.<\/p>\n<p>Mangan &#8211; doprinosi normalnom metabolizmu stvaranja energije, odr\u017eavanju zdravih kostiju, za\u0161titi c\u0301elija od oksidativnog stresa.<\/p>\n<p>Vitamin D &#8211; odr\u017eava normalnu funkciju imunog sistema.<\/p>\n<p>Vitamin C &#8211; odr\u017eava normalnu funkciju imunog sistema, \u0161titi c\u0301elije od oksidativnog stresa, smanjuje umor i iscrpljenost, igra ulogu u sintezi kolagena, hrskavice, ko\u0161tanog tkiva i dentina.<\/p>\n<p>Vitamin E &#8211; doprinosi za\u0161titi c\u0301elija od oksidativnog stresa.<\/p>\n<p>Tiamin (B1) &#8211; doprinosi normalnom funkcionisanju nervnog sistema, normalnoj psiholo\u0161koj funkciji.<\/p>\n<p>Vitamin B2 &#8211; doprinosi normalnom funkcionisanju nervnog sistema, normalnom metabolizmu stvaranja energije, smanjenju umora i iscrpljenosti.<\/p>\n<p>Pantotenska kiselina (B5) &#8211; doprinosi normalnom mentalnom radu, normalnoj sintezi i metabolizmu steroidnih hormona, vitamina D i pojedinih neurotransmitera, smanjenju umora i iscrpljenosti.<\/p>\n<p>Vitamin B6 i B12 &#8211; odr\u017eavaju normalnu funkciju nervnog sistema, normalne psiholo\u0161ke funkcije i doprinose smanjenju umora i iscrpljenosti.<\/p>\n<p>Niacin &#8211; doprinosi normalnom funkcionisanju nervnog sistema, normalnoj psiholo\u0161koj funkciji, smanjenju umora i iscrpljenosti.<\/p>\n<p>Folna kiselina &#8211; doprinosi normalnoj funkciji nervnog sistema.<\/p>\n<p>Fosfatidilserin &#8211; podr\u0161ka kognitivnim funkcijama kod mladih ljudi, doprinosi odr\u017eavanju kognitivnih funkcija sa starenjem, podr\u017eava pamc\u0301enje i rad mozga kod starijih, doprinosi otpornosti na stres, poma\u017ee kod koncentracije i mentalnog u\u010dinka u slu\u010dajevima stresa.<\/p>\n<p>\n<\/div><\/div>\n\t\t<\/div><div class=\"tabPane\">\n\t\t\t<div class=\"tabAccordionTitle\"><span>Sastav:<\/span><\/div>\n\t\t\t<div class=\"tabAccordionContent\"><div class=\"btText\" ><\/p>\n<p>&nbsp;<\/p>\n<table class=\"t1\" cellspacing=\"0\" cellpadding=\"0\">\n<tbody>\n<tr>\n<td class=\"td1\" valign=\"bottom\">Aktivni sastojci<\/td>\n<td class=\"td2\" valign=\"bottom\">\n<p class=\"p1\">\n<\/td>\n<td class=\"td3\" valign=\"bottom\">\n<p class=\"p2\">Preporu\u010dena koli\u010dina po jednom dnevna doza (1 tableta)<\/p>\n<\/td>\n<td class=\"td4\" valign=\"bottom\">\n<p class=\"p1\">% NRV*<\/p>\n<\/td>\n<\/tr>\n<tr>\n<td class=\"td5\" valign=\"bottom\">\n<p class=\"p1\"><b>Phosphatidylserine<\/b><\/p>\n<\/td>\n<td class=\"td6\" valign=\"bottom\">\n<p class=\"p1\">\n<\/td>\n<td class=\"td7\" valign=\"bottom\">\n<p class=\"p2\">10 mg<\/p>\n<\/td>\n<td class=\"td8\" valign=\"bottom\">\n<p class=\"p2\">**<\/p>\n<\/td>\n<\/tr>\n<tr>\n<td class=\"td5\" valign=\"bottom\">\n<p class=\"p1\"><b>L glutamine <\/b><\/p>\n<\/td>\n<td class=\"td6\" valign=\"bottom\">\n<p class=\"p1\">\n<\/td>\n<td class=\"td7\" valign=\"bottom\">\n<p class=\"p2\">10 mg<\/p>\n<\/td>\n<td class=\"td8\" valign=\"bottom\">\n<p class=\"p2\">**<\/p>\n<\/td>\n<\/tr>\n<tr>\n<td class=\"td5\" valign=\"bottom\">\n<p class=\"p1\"><b>L-glutathione <\/b><\/p>\n<\/td>\n<td class=\"td6\" valign=\"bottom\">\n<p class=\"p1\">\n<\/td>\n<td class=\"td7\" valign=\"bottom\">\n<p class=\"p2\">5 mg<\/p>\n<\/td>\n<td class=\"td8\" valign=\"bottom\">\n<p class=\"p2\">**<\/p>\n<\/td>\n<\/tr>\n<tr>\n<td class=\"td5\" valign=\"bottom\">\n<p class=\"p1\"><b>L-arginine<\/b><\/p>\n<\/td>\n<td class=\"td6\" valign=\"bottom\">\n<p class=\"p1\">\n<\/td>\n<td class=\"td7\" valign=\"bottom\">\n<p class=\"p2\">40 mg<\/p>\n<\/td>\n<td class=\"td8\" valign=\"bottom\">\n<p class=\"p2\">**<\/p>\n<\/td>\n<\/tr>\n<tr>\n<td class=\"td5\" valign=\"bottom\">\n<p class=\"p1\"><b>Coenzime Q10<\/b><\/p>\n<\/td>\n<td class=\"td6\" valign=\"bottom\">\n<p class=\"p1\">\n<\/td>\n<td class=\"td7\" valign=\"bottom\">\n<p class=\"p2\">10 mg<\/p>\n<\/td>\n<td class=\"td8\" valign=\"bottom\">\n<p class=\"p2\">**<\/p>\n<\/td>\n<\/tr>\n<tr>\n<td class=\"td9\" valign=\"bottom\">\n<p class=\"p1\"><b>Natural blends of carotenoids<\/b><\/p>\n<\/td>\n<td class=\"td10\" valign=\"bottom\">\n<p class=\"p1\">\n<\/td>\n<td class=\"td11\" valign=\"bottom\">\n<p class=\"p2\">2 mg<\/p>\n<\/td>\n<td class=\"td12\" valign=\"bottom\">\n<p class=\"p2\">**<\/p>\n<\/td>\n<\/tr>\n<tr>\n<td class=\"td13\" valign=\"bottom\">\n<p class=\"p1\"><b>Vitamin B1<\/b><\/p>\n<p class=\"p1\">(as thiamine hydrochloride)<\/p>\n<\/td>\n<td class=\"td14\" valign=\"bottom\">\n<p class=\"p1\">\n<\/td>\n<td class=\"td15\" valign=\"bottom\">\n<p class=\"p2\">10 mg<\/p>\n<\/td>\n<td class=\"td16\" valign=\"bottom\">\n<p class=\"p2\">909%<\/p>\n<\/td>\n<\/tr>\n<tr>\n<td class=\"td17\" valign=\"bottom\">\n<p class=\"p1\"><b>Vitamin B2<\/b><\/p>\n<p class=\"p1\">(as riboflavin)<\/p>\n<\/td>\n<td class=\"td18\" valign=\"bottom\">\n<p class=\"p1\">\n<\/td>\n<td class=\"td19\" valign=\"bottom\">\n<p class=\"p2\">3 mg<\/p>\n<\/td>\n<td class=\"td20\" valign=\"bottom\">\n<p class=\"p2\">214%<\/p>\n<\/td>\n<\/tr>\n<tr>\n<td class=\"td17\" valign=\"bottom\">\n<p class=\"p1\"><b>Niacin<\/b><\/p>\n<p class=\"p1\">(as nicotinamide)<\/p>\n<\/td>\n<td class=\"td18\" valign=\"bottom\">\n<p class=\"p1\">\n<\/td>\n<td class=\"td19\" valign=\"bottom\">\n<p class=\"p2\">32 mg<\/p>\n<\/td>\n<td class=\"td20\" valign=\"bottom\">\n<p class=\"p2\">200%<\/p>\n<\/td>\n<\/tr>\n<tr>\n<td class=\"td13\" valign=\"bottom\">\n<p class=\"p1\"><b>Vitamin B5<\/b><\/p>\n<p class=\"p1\">(as D-calcium pantothenate)<\/p>\n<\/td>\n<td class=\"td14\" valign=\"bottom\">\n<p class=\"p1\">\n<\/td>\n<td class=\"td15\" valign=\"bottom\">\n<p class=\"p2\">12 mg<\/p>\n<\/td>\n<td class=\"td16\" valign=\"bottom\">\n<p class=\"p2\">200%<\/p>\n<\/td>\n<\/tr>\n<tr>\n<td class=\"td13\" valign=\"bottom\">\n<p class=\"p1\"><b>Vitamin B6<\/b><\/p>\n<p class=\"p1\">(as pyridoxine hydrochloride)<\/p>\n<\/td>\n<td class=\"td14\" valign=\"bottom\">\n<p class=\"p1\">\n<\/td>\n<td class=\"td15\" valign=\"bottom\">\n<p class=\"p2\">8 mg<\/p>\n<\/td>\n<td class=\"td16\" valign=\"bottom\">\n<p class=\"p2\">571%<\/p>\n<\/td>\n<\/tr>\n<tr>\n<td class=\"td13\" valign=\"bottom\">\n<p class=\"p1\"><b>Vitamin B12<\/b><\/p>\n<p class=\"p1\">(as methylcobalamin)<\/p>\n<\/td>\n<td class=\"td14\" valign=\"bottom\">\n<p class=\"p1\">\n<\/td>\n<td class=\"td15\" valign=\"bottom\">\n<p class=\"p2\">100 \u00b5g<\/p>\n<\/td>\n<td class=\"td16\" valign=\"bottom\">\n<p class=\"p2\">4000%<\/p>\n<\/td>\n<\/tr>\n<tr>\n<td class=\"td1\" valign=\"bottom\">\n<p class=\"p1\"><b>Folic acid <\/b><\/p>\n<p class=\"p1\">(as pteroylmonoglutamic acid)<\/p>\n<\/td>\n<td class=\"td2\" valign=\"bottom\">\n<p class=\"p1\">\n<\/td>\n<td class=\"td3\" valign=\"bottom\">\n<p class=\"p2\">400 \u00b5g<\/p>\n<\/td>\n<td class=\"td4\" valign=\"bottom\">\n<p class=\"p2\">200%<\/p>\n<\/td>\n<\/tr>\n<tr>\n<td class=\"td17\" valign=\"bottom\">\n<p class=\"p1\"><b>Vitamin C<\/b><\/p>\n<p class=\"p1\">(as L-ascorbic acid)<\/p>\n<\/td>\n<td class=\"td18\" valign=\"bottom\">\n<p class=\"p1\">\n<\/td>\n<td class=\"td19\" valign=\"bottom\">\n<p class=\"p2\">80 mg<\/p>\n<\/td>\n<td class=\"td20\" valign=\"bottom\">\n<p class=\"p2\">100%<\/p>\n<\/td>\n<\/tr>\n<tr>\n<td class=\"td17\" valign=\"bottom\">\n<p class=\"p1\"><b>Vitamin D<\/b><\/p>\n<p class=\"p1\">(as cholecalciferol)<\/p>\n<\/td>\n<td class=\"td18\" valign=\"bottom\">\n<p class=\"p1\">\n<\/td>\n<td class=\"td19\" valign=\"bottom\">\n<p class=\"p2\">10 \u00b5g<\/p>\n<\/td>\n<td class=\"td20\" valign=\"bottom\">\n<p class=\"p2\">200%<\/p>\n<\/td>\n<\/tr>\n<tr>\n<td class=\"td13\" valign=\"bottom\">\n<p class=\"p1\"><b>Vitamin E <\/b><\/p>\n<p class=\"p1\">(as DL-alpha tocopheryl acetate)<\/p>\n<\/td>\n<td class=\"td14\" valign=\"bottom\">\n<p class=\"p1\">\n<\/td>\n<td class=\"td15\" valign=\"bottom\">\n<p class=\"p2\">36 mg<\/p>\n<\/td>\n<td class=\"td16\" valign=\"bottom\">\n<p class=\"p2\">300%<\/p>\n<\/td>\n<\/tr>\n<tr>\n<td class=\"td17\" valign=\"bottom\">\n<p class=\"p1\"><b>Copper<\/b><\/p>\n<p class=\"p1\"><b> <\/b>(as copper II citrate )<\/p>\n<\/td>\n<td class=\"td18\" valign=\"bottom\">\n<p class=\"p1\">\n<\/td>\n<td class=\"td19\" valign=\"bottom\">\n<p class=\"p2\">1 mg<\/p>\n<\/td>\n<td class=\"td20\" valign=\"bottom\">\n<p class=\"p2\">100%<\/p>\n<\/td>\n<\/tr>\n<tr>\n<td class=\"td13\" valign=\"bottom\">\n<p class=\"p1\"><b>Iron<\/b><\/p>\n<p class=\"p1\"><b> <\/b>(as iron III -pyrophosphate)<\/p>\n<\/td>\n<td class=\"td14\" valign=\"bottom\">\n<p class=\"p1\">\n<\/td>\n<td class=\"td15\" valign=\"bottom\">\n<p class=\"p2\">8 mg<\/p>\n<\/td>\n<td class=\"td16\" valign=\"bottom\">\n<p class=\"p2\">57%<\/p>\n<\/td>\n<\/tr>\n<tr>\n<td class=\"td13\" valign=\"bottom\">\n<p class=\"p1\"><b>Chromium<\/b><\/p>\n<p class=\"p1\">(as chromium III-picolinate)<\/p>\n<\/td>\n<td class=\"td14\" valign=\"bottom\">\n<p class=\"p1\">\n<\/td>\n<td class=\"td15\" valign=\"bottom\">\n<p class=\"p2\">40 \u00b5g<\/p>\n<\/td>\n<td class=\"td16\" valign=\"bottom\">\n<p class=\"p2\">100%<\/p>\n<\/td>\n<\/tr>\n<tr>\n<td class=\"td9\" valign=\"bottom\">\n<p class=\"p1\"><b>Iodine<\/b><\/p>\n<p class=\"p1\">(as potassium iodide)<\/p>\n<\/td>\n<td class=\"td10\" valign=\"bottom\">\n<p class=\"p1\">\n<\/td>\n<td class=\"td11\" valign=\"bottom\">\n<p class=\"p2\">150 \u00b5g<\/p>\n<\/td>\n<td class=\"td12\" valign=\"bottom\">\n<p class=\"p2\">100%<\/p>\n<\/td>\n<\/tr>\n<tr>\n<td class=\"td17\" valign=\"bottom\">\n<p class=\"p1\"><b>Magnesium<\/b><\/p>\n<p class=\"p1\">(as magnesium oxide)<\/p>\n<\/td>\n<td class=\"td18\" valign=\"bottom\">\n<p class=\"p1\">\n<\/td>\n<td class=\"td19\" valign=\"bottom\">\n<p class=\"p2\">75 \u00b5g<\/p>\n<\/td>\n<td class=\"td20\" valign=\"bottom\">\n<p class=\"p2\">20%<\/p>\n<\/td>\n<\/tr>\n<tr>\n<td class=\"td13\" valign=\"bottom\">\n<p class=\"p1\"><b>Manganese<\/b><\/p>\n<p class=\"p1\">(as manganese sulphate)<\/p>\n<\/td>\n<td class=\"td14\" valign=\"bottom\">\n<p class=\"p1\">\n<\/td>\n<td class=\"td15\" valign=\"bottom\">\n<p class=\"p2\">2 mg<\/p>\n<\/td>\n<td class=\"td16\" valign=\"bottom\">\n<p class=\"p2\">100%<\/p>\n<\/td>\n<\/tr>\n<tr>\n<td class=\"td17\" valign=\"bottom\">\n<p class=\"p1\"><b>Selenim<\/b><\/p>\n<p class=\"p1\">(as sodium selenite)<\/p>\n<\/td>\n<td class=\"td18\" valign=\"bottom\">\n<p class=\"p1\">\n<\/td>\n<td class=\"td19\" valign=\"bottom\">\n<p class=\"p2\">100 \u00b5g<\/p>\n<\/td>\n<td class=\"td20\" valign=\"bottom\">\n<p class=\"p2\">182%<\/p>\n<\/td>\n<\/tr>\n<tr>\n<td class=\"td5\" valign=\"bottom\"><\/td>\n<td class=\"td6\" valign=\"bottom\"><\/td>\n<td class=\"td7\" valign=\"bottom\"><\/td>\n<td class=\"td8\" valign=\"bottom\"><\/td>\n<\/tr>\n<tr>\n<td class=\"td21\" valign=\"bottom\">\n<p class=\"p1\">NRV*-Nutritional Reference Value (Nutritivna referentna vrednost)<\/p>\n<\/td>\n<td class=\"td22\" valign=\"bottom\"><\/td>\n<td class=\"td23\" valign=\"bottom\"><\/td>\n<td class=\"td24\" valign=\"bottom\"><\/td>\n<\/tr>\n<tr>\n<td class=\"td25\" valign=\"bottom\">\n<p class=\"p1\">**- Nutritivna referentna vrednost nije utvr\u0111ena<\/p>\n<\/td>\n<td class=\"td26\" valign=\"bottom\"><\/td>\n<td class=\"td27\" valign=\"bottom\"><\/td>\n<td class=\"td28\" valign=\"bottom\"><\/td>\n<\/tr>\n<tr>\n<td class=\"td5\" valign=\"bottom\"><\/td>\n<td class=\"td6\" valign=\"bottom\"><\/td>\n<td class=\"td7\" valign=\"bottom\"><\/td>\n<td class=\"td8\" valign=\"bottom\"><\/td>\n<\/tr>\n<\/tbody>\n<\/table>\n<p>\n<\/div><\/div>\n\t\t<\/div><\/div><\/div><div class=\"btText\" ><\/p>\n<p>Na\u010din primene: uzimati jednu tabletu dnevno sa dosta te\u010dnosti, na pun stomak, najbolje uz ili posle glavnog obroka. Nemojte \u017evakati. Savetuje se da se primenjuje tokom du\u017eeg perioda.<\/p>\n<p>\n<\/div><\/div><\/div><\/div><\/div><\/div><\/div><\/div><\/section>\n","protected":false},"excerpt":{"rendered":"","protected":false},"author":4,"featured_media":5305,"parent":0,"menu_order":0,"comment_status":"closed","ping_status":"closed","template":"","meta":{"footnotes":""},"class_list":["post-5607","page","type-page","status-publish","has-post-thumbnail","hentry"],"_links":{"self":[{"href":"https:\/\/old.zdravlje.co.rs\/sr\/wp-json\/wp\/v2\/pages\/5607","targetHints":{"allow":["GET"]}}],"collection":[{"href":"https:\/\/old.zdravlje.co.rs\/sr\/wp-json\/wp\/v2\/pages"}],"about":[{"href":"https:\/\/old.zdravlje.co.rs\/sr\/wp-json\/wp\/v2\/types\/page"}],"author":[{"embeddable":true,"href":"https:\/\/old.zdravlje.co.rs\/sr\/wp-json\/wp\/v2\/users\/4"}],"replies":[{"embeddable":true,"href":"https:\/\/old.zdravlje.co.rs\/sr\/wp-json\/wp\/v2\/comments?post=5607"}],"version-history":[{"count":1,"href":"https:\/\/old.zdravlje.co.rs\/sr\/wp-json\/wp\/v2\/pages\/5607\/revisions"}],"predecessor-version":[{"id":5763,"href":"https:\/\/old.zdravlje.co.rs\/sr\/wp-json\/wp\/v2\/pages\/5607\/revisions\/5763"}],"wp:featuredmedia":[{"embeddable":true,"href":"https:\/\/old.zdravlje.co.rs\/sr\/wp-json\/wp\/v2\/media\/5305"}],"wp:attachment":[{"href":"https:\/\/old.zdravlje.co.rs\/sr\/wp-json\/wp\/v2\/media?parent=5607"}],"curies":[{"name":"wp","href":"https:\/\/api.w.org\/{rel}","templated":true}]}}