{"id":5609,"date":"2022-08-13T22:02:03","date_gmt":"2022-08-13T20:02:03","guid":{"rendered":"https:\/\/old.zdravlje.co.rs\/kansen-200mg\/"},"modified":"2024-03-18T17:42:34","modified_gmt":"2024-03-18T16:42:34","slug":"kansen-200mg","status":"publish","type":"page","link":"https:\/\/old.zdravlje.co.rs\/sr\/kansen-200mg\/","title":{"rendered":"Kansen 200mg"},"content":{"rendered":"<p><section id=\"bt_section69f4b2259ae8e\"  class=\"boldSection topLargeSpaced gutter boxed inherit\" ><div class=\"port\"><div class=\"boldCell\"><div class=\"boldCellInner\"><div class=\"boldRow \" ><div class=\"boldRowInner\"><div class=\"rowItem col-md-6 col-sm-12 btTextCenter animate animate-fadein btBottomVertical btNoPadding\"  data-width=\"6\"><div class=\"rowItemContent\" ><div class=\"bpgPhoto btDefaultHoverType btHasComplexContent\" ><div class = \"btImage\"><img decoding=\"async\" src=\"https:\/\/old.zdravlje.co.rs\/wp-content\/uploads\/2023\/06\/kansen.png\" alt=\"\" title=\"\"><\/div><\/div><div class=\"btClear btSeparator bottomSemiSpaced noBorder\" ><hr><\/div><\/div><\/div><div class=\"rowItem col-md-6 col-sm-12 btTextLeft animate animate-fadein btMiddleVertical btDoublePadding\"  data-width=\"6\"><div class=\"rowItemContent\" ><div class=\"btClear btSeparator topSpaced noBorder\" ><hr><\/div><header class=\"header btClear extralarge  bold\" ><div class=\"dash\"><h1><span class=\"headline\"><b class=\"animate\">Kansen 200mg<\/b><\/span><\/h1><\/div><div class=\"btSubTitle\">Vaginalne tablete<br \/><br>Klotrimazol<\/div><\/header><\/div><\/div><\/div><\/div><\/div><\/div><\/div><\/section><section id=\"bt_section69f4b2259b848\"  class=\"boldSection gutter \" ><div class=\"port\"><div class=\"boldCell\"><div class=\"boldCellInner\"><div class=\"boldRow \" ><div class=\"boldRowInner\"><div class=\"rowItem col-md-12 col-ms-12  btTextLeft\"  data-width=\"12\"><div class=\"rowItemContent\" ><div class=\"btText\" ><\/p>\n<p>Infekcije \u017eenskih genitalnih organa uzrokovane gljivicama iz soja Candida albicans (gljivi\u010dne infekcije) jedna su od naj\u010de\u0161c\u0301ih infekcija u ginekolo\u0161koj praksi. Zahtevaju ta\u010dnu i blagovremenu dijagnozu i terapiju.<br \/>\nAktivna supstanca klotrimazol u Kansenu 3 x 200 mg je po\u017eeljno le\u010denje kandidijaznog vaginitisa.<br \/>\nKansen 3 x 200 mg u obliku vaginalnih tableta primenjuje se uzastopno tri dana, po jedna vaginalna tableta uve\u010de, pre spavanja.<\/p>\n<p>\n<\/div><div class=\"btClear btSeparator topSpaced noBorder\" ><hr><\/div><\/div><\/div><\/div><\/div><\/div><\/div><\/div><\/section><\/p>\n","protected":false},"excerpt":{"rendered":"","protected":false},"author":1,"featured_media":5305,"parent":0,"menu_order":0,"comment_status":"closed","ping_status":"closed","template":"","meta":{"footnotes":""},"class_list":["post-5609","page","type-page","status-publish","has-post-thumbnail","hentry"],"_links":{"self":[{"href":"https:\/\/old.zdravlje.co.rs\/sr\/wp-json\/wp\/v2\/pages\/5609","targetHints":{"allow":["GET"]}}],"collection":[{"href":"https:\/\/old.zdravlje.co.rs\/sr\/wp-json\/wp\/v2\/pages"}],"about":[{"href":"https:\/\/old.zdravlje.co.rs\/sr\/wp-json\/wp\/v2\/types\/page"}],"author":[{"embeddable":true,"href":"https:\/\/old.zdravlje.co.rs\/sr\/wp-json\/wp\/v2\/users\/1"}],"replies":[{"embeddable":true,"href":"https:\/\/old.zdravlje.co.rs\/sr\/wp-json\/wp\/v2\/comments?post=5609"}],"version-history":[{"count":1,"href":"https:\/\/old.zdravlje.co.rs\/sr\/wp-json\/wp\/v2\/pages\/5609\/revisions"}],"predecessor-version":[{"id":5766,"href":"https:\/\/old.zdravlje.co.rs\/sr\/wp-json\/wp\/v2\/pages\/5609\/revisions\/5766"}],"wp:featuredmedia":[{"embeddable":true,"href":"https:\/\/old.zdravlje.co.rs\/sr\/wp-json\/wp\/v2\/media\/5305"}],"wp:attachment":[{"href":"https:\/\/old.zdravlje.co.rs\/sr\/wp-json\/wp\/v2\/media?parent=5609"}],"curies":[{"name":"wp","href":"https:\/\/api.w.org\/{rel}","templated":true}]}}