{"id":5614,"date":"2022-05-19T11:00:30","date_gmt":"2022-05-19T09:00:30","guid":{"rendered":"https:\/\/old.zdravlje.co.rs\/naslovna\/"},"modified":"2025-03-14T16:50:02","modified_gmt":"2025-03-14T15:50:02","slug":"naslovna","status":"publish","type":"page","link":"https:\/\/old.zdravlje.co.rs\/sr\/","title":{"rendered":"Po\u010detna Zdravlje"},"content":{"rendered":"<p><section id=\"bt_section69f4864c27b05\" data-parallax=\"0\" data-parallax-offset=\"0\" class=\"boldSection btDarkSkin gutter boxed btTopVertical btParallax\" style=\"background-color:#f4f4f4  !important;\"><div class=\"port\"><div class=\"boldCell\"><div class=\"boldCellInner\"><div class=\"boldRow \" ><div class=\"boldRowInner\"><div class=\"rowItem col-md-12 col-ms-12  btTextCenter btMiddleVertical btNoPadding\"  data-width=\"12\"><div class=\"rowItemContent\" ><div class=\"btText\" ><\/p>\n<p class=\"rs-p-wp-fix\">\n<p>\t\t\t\t<sr7-module data-alias=\"zdravlje-home-sr-1\" data-id=\"5\" id=\"SR7_5_1\" class=\"rs-ov-hidden\" data-version=\"6.7.25\"><br \/>\n\t\t\t\t\t<sr7-adjuster><\/sr7-adjuster><br \/>\n\t\t\t\t\t<sr7-content><br \/>\n\t\t\t\t\t\t<sr7-slide id=\"SR7_5_1-7\" data-key=\"7\"><br \/>\n\t\t\t\t\t\t<\/sr7-slide><br \/>\n\t\t\t\t\t\t<sr7-slide id=\"SR7_5_1-11\" data-key=\"11\"><br \/>\n\t\t\t\t\t\t<\/sr7-slide><br \/>\n\t\t\t\t\t<\/sr7-content><br \/>\n\t\t\t\t<\/sr7-module><br \/>\n\t\t\t\t<script>\n\t\t\t\t\tSR7.PMH ??={}; SR7.PMH[\"SR7_5_1\"] = {cn:100,state:false,fn: function() { if (_tpt!==undefined && _tpt.prepareModuleHeight !== undefined) {  _tpt.prepareModuleHeight({id:\"SR7_5_1\",el:[1080,1080,768,960,720],type:'standard',shdw:'0',gh:[1080,1080,768,960,720],gw:[1920,1920,1024,778,480],vpt:['-200px&#039;,&#039;-200px&#039;,&#039;-200px&#039;,&#039;-200px&#039;,&#039;-200px'],size:{fullWidth:true, fullHeight:false},mh:'0',onh:0,onw:0,bg:{color:'{\"orig\":\"transparent\",\"type\":\"solid\",\"string\":\"transparent\"}'}});   SR7.PMH[\"SR7_5_1\"].state=true;} else if(SR7.PMH[\"SR7_5_1\"].cn-->0)\tsetTimeout( SR7.PMH[\"SR7_5_1\"].fn,19);}};SR7.PMH[\"SR7_5_1\" ].fn();\n\t\t\t\t<\/script><\/p>\n<p>\n<\/div><\/div><\/div><\/div><\/div><div class=\"boldRow \" ><div class=\"boldRowInner\"><\/div><\/div><\/div><\/div><\/div><\/section><section id=\"bt_section69f4864c29537\"  class=\"boldSection topSemiSpaced bottomSemiSpaced btLightSkin gutter boxed btMiddleVertical\" style=\"text-align: left\"><div class=\"port\"><div class=\"boldCell\"><div class=\"boldCellInner\"><div class=\"boldRow \" ><div class=\"boldRowInner\"><div class=\"rowItem col-md-3 col-sm-6 col-ms-12 btTextLeft inherit\" style=\"div.dash { text-align: justify; }\" data-width=\"3\"><div class=\"rowItemContent\" ><div class=\"btClear btSeparator topSmallSpaced bottomSmallSpaced noBorder\" ><hr><\/div><div class=\"btText\" ><\/p>\n<h4 style=\"text-align: center;\"><a href=\"https:\/\/old.zdravlje.co.rs\/sr\/o-nama\/\"><i class=\"fas fa-industry\"><\/i><\/a><\/h4>\n<h5 style=\"text-align: center;\"><a href=\"https:\/\/old.zdravlje.co.rs\/sr\/o-nama\/#development\">Organizacija ugovorne proizvodnje i razvoja (CDMO)<\/a><\/h5>\n<p>\n<\/div><div class=\"btClear btSeparator topSmallSpaced bottomSmallSpaced noBorder\" ><hr><\/div><\/div><\/div><div class=\"rowItem col-md-3 col-sm-6 col-ms-12 btTextLeft\"  data-width=\"3\"><div class=\"rowItemContent\" ><div class=\"btClear btSeparator topSmallSpaced bottomSmallSpaced noBorder\" ><hr><\/div><div class=\"btText\" ><\/p>\n<h4 style=\"text-align: center;\"><a href=\"https:\/\/old.zdravlje.co.rs\/sr\/o-nama\/#portfolio\"><i class=\"fas fa-pills\"><\/i><\/a><\/h4>\n<h5 style=\"text-align: center;\"><a href=\"https:\/\/old.zdravlje.co.rs\/sr\/o-nama\/#portfolio\">Portfolio<\/a><\/h5>\n<p>\n<\/div><div class=\"btClear btSeparator topSmallSpaced bottomSmallSpaced noBorder\" ><hr><\/div><\/div><\/div><div class=\"rowItem col-md-3 col-sm-6 col-ms-12 btTextLeft\"  data-width=\"3\"><div class=\"rowItemContent\" ><div class=\"btClear btSeparator topSmallSpaced bottomSmallSpaced noBorder\" ><hr><\/div><div class=\"btText\" ><\/p>\n<h4 style=\"text-align: center;\"><a href=\"https:\/\/old.zdravlje.co.rs\/sr\/o-nama\/#partnerships\"><i class=\"fas fa-handshake\"><\/i><\/a><\/h4>\n<h5 style=\"text-align: center;\"><a href=\"https:\/\/old.zdravlje.co.rs\/sr\/o-nama\/#partnerships\">Usluge<\/a><\/h5>\n<p>\n<\/div><div class=\"btClear btSeparator topSmallSpaced bottomSmallSpaced noBorder\" ><hr><\/div><\/div><\/div><div class=\"rowItem col-md-3 col-sm-6 col-ms-12 btTextLeft\"  data-width=\"3\"><div class=\"rowItemContent\" ><div class=\"btClear btSeparator topSmallSpaced bottomSmallSpaced noBorder\" ><hr><\/div><div class=\"btText\" ><\/p>\n<h4 style=\"text-align: center;\"><a href=\"https:\/\/old.zdravlje.co.rs\/sr\/o-nama\/#biotechnology\"><i class=\"fas fa-dna\"><\/i><\/a><\/h4>\n<h5 style=\"text-align: center;\"><a href=\"https:\/\/old.zdravlje.co.rs\/sr\/o-nama\/#biotechnology\">Biotehnologija<\/a><\/h5>\n<p>\n<\/div><div class=\"btClear btSeparator topSmallSpaced bottomSmallSpaced noBorder\" ><hr><\/div><\/div><\/div><\/div><\/div><\/div><\/div><\/div><\/section><section id=\"bt_section69f4864c29e9c\"  class=\"boldSection topSemiSpaced bottomSemiSpaced btDarkSkin btAccentColorBackground inherit\" ><div class=\"port\"><div class=\"boldCell\"><div class=\"boldCellInner\"><div class=\"boldRow \" ><div class=\"boldRowInner\"><div class=\"rowItem col-md-12 col-ms-12  btTextLeft animate animate-fadein inherit\"  data-width=\"12\"><div class=\"rowItemContent\" ><div class=\"slided autoSliderHeight\"  data-slick='{}' data-simple_arrows=\"no\"><div class=\"slidedItem firstItem\"  data-thumb=\"\"><div class=\"btSliderPort wBackground cover\" style=\"background-image: url('')\"><div class=\"btSliderCell\" data-slick=\"yes\"><div class=\"btSlideGutter\"><div class=\"btSlidePane\"><div class=\"boldRow  btDoubleRowSpacing\" ><div class=\"boldRowInner\"><div class=\"rowItem rowInnerItem col-sm-6  btTextLeft btMiddleVertical\"  ><div class=\"rowItemContent\"><header class=\"header btClear extralarge  bold\" ><div class=\"dash\"><h1><span class=\"headline\">CDMO<\/span><\/h1><\/div><\/header><div class=\"btClear btSeparator bottomSmallSpaced noBorder\" ><hr><\/div><header class=\"header btClear extrasmall btDash bottomDash  thin\" ><div class=\"dash\"><h4><span class=\"headline\">Zdravlje je jedna od vodec\u0301ih evropskih organizacija ugovorne proizvodnje i razvoja (CDMO). Na\u0161e usluge pokrivaju celokupan farmaceutski lanac vrednosti razvoja i proizvodnje preparata u \u010dvrstom obliku (tableta, kapsula) za oralnu upotrebu i nesterilnom te\u010dnom obliku. Nudimo sveobuhvatno re\u0161enje za lanac snabdevanja koje uklju\u010duje transfer tehnologije, nabavku, proizvodnju, pakovanje, ispitivanje i plasiranje na tr\u017ei\u0161te. Pokrivamo odabranu grupu multinacionalnih partnera iz na\u0161eg proizvodnog pogona koji je odobren prema GMP sertifikatu, a koji se nalazi u Republici Srbiji. <\/span><\/h4><\/div><\/header><div class=\"btClear btSeparator bottomSmallSpaced noBorder\" ><hr><\/div><a href=\"\/manufacturing\/\" class=\"btBtn btBtn btnOutlineStyle btnNormalColor btnMedium btnNormalWidth btnRightPosition btnIco\" ><span class=\"btnInnerText\">VI\u0160E INFORMACIJA O CDMO<\/span><span class=\"btIco \"><span  data-ico-fa=\"&#xf105;\" class=\"btIcoHolder\"><\/span><\/span><\/a><div class=\"btClear btSeparator bottomSmallSpaced noBorder\" ><hr><\/div><\/div><\/div><div class=\"rowItem rowInnerItem col-sm-6  btTextCenter inherit\"  ><div class=\"rowItemContent\"><div class=\"bpgPhoto btDefaultHoverType\" ><div class = \"btImage\"><img decoding=\"async\" src=\"https:\/\/old.zdravlje.co.rs\/wp-content\/uploads\/2025\/03\/DSC9866-640x640.jpg\" alt=\"\" title=\"\"><\/div><\/div><div class=\"btClear btSeparator bottomSmallSpaced noBorder\" ><hr><\/div><\/div><\/div><\/div><\/div><\/div><\/div><\/div><\/div><\/div><\/div><\/div><\/div><\/div><\/div><\/div><\/div><\/div><\/section><section id=\"bt_section69f4864c2b357\"  class=\"boldSection topSemiSpaced bottomSemiSpaced btDarkSkin btAccentColorBackground inherit\" ><div class=\"port\"><div class=\"boldCell\"><div class=\"boldCellInner\"><div class=\"boldRow \" ><div class=\"boldRowInner\"><div class=\"rowItem col-md-12 col-ms-12  btTextLeft animate animate-fadein inherit\"  data-width=\"12\"><div class=\"rowItemContent\" ><div class=\"slided autoSliderHeight\"  data-slick='{}' data-simple_arrows=\"no\"><div class=\"slidedItem firstItem\"  data-thumb=\"\"><div class=\"btSliderPort wBackground cover\" style=\"background-image: url('')\"><div class=\"btSliderCell\" data-slick=\"yes\"><div class=\"btSlideGutter\"><div class=\"btSlidePane\"><div class=\"boldRow  btNoRowSpacing\" ><div class=\"boldRowInner\"><div class=\"rowItem rowInnerItem col-sm-6  btTextLeft btMiddleVertical\"  ><div class=\"rowItemContent\"><header class=\"header btClear extralarge  bold\" ><div class=\"btSuperTitle\"><span>what we do<\/span><\/div><div class=\"dash\"><h1><span class=\"headline\">Portfolio<\/span><\/h1><\/div><\/header><div class=\"btClear btSeparator bottomSmallSpaced noBorder\" ><hr><\/div><header class=\"header btClear extrasmall btDash bottomDash  thin\" ><div class=\"dash\"><h4><span class=\"headline\">Portfolio kompanije Zdravlje kreiran je na osnovu pa\u017eljivo odabranih proizvoda iz razli\u010ditih terapijskih oblasti, sa ravnote\u017eom izme\u0111u dodataka ishrani i preparata koji se izdaju na recept.<\/span><\/h4><\/div><\/header><div class=\"btClear btSeparator bottomSmallSpaced noBorder\" ><hr><\/div><a href=\"https:\/\/old.zdravlje.co.rs\/sr\/dodaci-ishrani\/\" class=\"btBtn btBtn btnOutlineStyle btnNormalColor btnMedium btnNormalWidth btnRightPosition btnIco\" ><span class=\"btnInnerText\">DODACI ISHRANI<\/span><span class=\"btIco \"><span  data-ico-fa=\"&#xf105;\" class=\"btIcoHolder\"><\/span><\/span><\/a><a href=\"https:\/\/old.zdravlje.co.rs\/sr\/recept\/\" class=\"btBtn btBtn btnOutlineStyle btnNormalColor btnMedium btnNormalWidth btnRightPosition btnIco\" ><span class=\"btnInnerText\">PREPARATI KOJI SE IZDAJU NA RECEPT<\/span><span class=\"btIco \"><span  data-ico-fa=\"&#xf105;\" class=\"btIcoHolder\"><\/span><\/span><\/a><a href=\"https:\/\/old.zdravlje.co.rs\/sr\/bioloski\/\" class=\"btBtn btBtn btnOutlineStyle btnNormalColor btnMedium btnNormalWidth btnRightPosition btnIco\" ><span class=\"btnInnerText\">BIOLO\u0160KA TERAPIJA<\/span><span class=\"btIco \"><span  data-ico-fa=\"&#xf105;\" class=\"btIcoHolder\"><\/span><\/span><\/a><div class=\"btClear btSeparator bottomExtraSmallSpaced noBorder\" ><hr><\/div><\/div><\/div><div class=\"rowItem rowInnerItem col-sm-6  btTextCenter inherit\"  ><div class=\"rowItemContent\"><div class=\"bpgPhoto btDefaultHoverType\" ><div class = \"btImage\"><img decoding=\"async\" src=\"https:\/\/old.zdravlje.co.rs\/wp-content\/uploads\/2025\/03\/Prikaz-lekova-2.png\" alt=\"\" title=\"\"><\/div><\/div><div class=\"btClear btSeparator bottomSemiSpaced noBorder\" ><hr><\/div><\/div><\/div><\/div><\/div><\/div><\/div><\/div><\/div><\/div><\/div><\/div><\/div><\/div><\/div><\/div><\/div><\/div><\/section><section id=\"bt_section69f4864c2bdaf\"  class=\"boldSection topSemiSpaced bottomSemiSpaced btDarkSkin btAccentColorBackground gutter boxed inherit\" ><div class=\"port\"><div class=\"boldCell\"><div class=\"boldCellInner\"><div class=\"boldRow \" ><div class=\"boldRowInner\"><div class=\"rowItem col-md-6 col-sm-12 btTextLeft\"  data-width=\"6\"><div class=\"rowItemContent\" ><header class=\"header btClear extralarge  bold\" ><div class=\"dash\"><h1><span class=\"headline\">USLUGE<\/span><\/h1><\/div><\/header><div class=\"btClear btSeparator bottomSmallSpaced noBorder\" ><hr><\/div><header class=\"header btClear extrasmall btDash bottomDash  thin\" ><div class=\"dash\"><h4><span class=\"headline\">Na\u0161 poslovni model zasniva se na partnerstvu i saradnji. Ponosni smo na \u0161iroku mre\u017eu globalnih partnera i otvoreni smo za razvoj odnosa izgra\u0111enih na poverenju, rezultatima i transparentnosti.<\/span><\/h4><\/div><\/header><div class=\"btClear btSeparator bottomSmallSpaced noBorder\" ><hr><\/div><a href=\"http:\/\/partner-with-us\/\" class=\"btBtn btBtn btnOutlineStyle btnNormalColor btnMedium btnNormalWidth btnRightPosition btnIco\" ><span class=\"btnInnerText\">DETALJNIJE O USLUGAMA<\/span><span class=\"btIco \"><span  data-ico-fa=\"&#xf105;\" class=\"btIcoHolder\"><\/span><\/span><\/a><div class=\"btClear btSeparator bottomSmallSpaced noBorder\" ><hr><\/div><\/div><\/div><div class=\"rowItem col-md-6 col-sm-12 btTextLeft\"  data-width=\"6\"><div class=\"rowItemContent\" ><div class=\"bpgPhoto btDefaultHoverType\" ><div class = \"btImage\"><img decoding=\"async\" src=\"https:\/\/old.zdravlje.co.rs\/wp-content\/uploads\/2023\/06\/Partner-With-Us-640x640.jpeg\" alt=\"\" title=\"\"><\/div><\/div><div class=\"btClear btSeparator bottomSmallSpaced noBorder\" ><hr><\/div><\/div><\/div><\/div><\/div><\/div><\/div><\/div><\/section><section id=\"bt_section69f4864c2cf1c\"  class=\"boldSection topSemiSpaced bottomSemiSpaced btDarkSkin btAccentColorBackground gutter boxed inherit\" ><div class=\"port\"><div class=\"boldCell\"><div class=\"boldCellInner\"><div class=\"boldRow \" ><div class=\"boldRowInner\"><div class=\"rowItem col-md-4 col-ms-12 btTextLeft animate animate-fadein inherit\"  data-width=\"4\"><div class=\"rowItemContent\" ><header class=\"header btClear extralarge  bold\" ><div class=\"dash\"><h1><span class=\"headline\">Kvalitet<\/span><\/h1><\/div><\/header><\/div><\/div><div class=\"rowItem col-md-8 col-ms-12 btTextLeft animate animate-fadein inherit\"  data-width=\"8\"><div class=\"rowItemContent\" ><header class=\"header btClear extrasmall  thin\" ><div class=\"dash\"><h4><span class=\"headline\">Na\u0161i zaposleni po\u0161tuju lokalne, evropske i svetske standarde u proizvodnji provoklasnih, efikasnih i bezbednih proizvoda za na\u0161e potro\u0161a\u010de i pacijente \u0161irom sveta.<\/span><\/h4><\/div><\/header><div class=\"btClear btSeparator topSmallSpaced bottomSemiSpaced noBorder\" ><hr><\/div><\/div><\/div><\/div><\/div><div class=\"boldRow \" ><div class=\"boldRowInner\"><div class=\"rowItem col-md-4 col-ms-12 btTextLeft animate animate-fadein inherit\"  data-width=\"4\"><div class=\"rowItemContent\" ><div class=\"bpgPhoto btZoomInHoverType\" ><div class = \"btImage\"><img decoding=\"async\" src=\"https:\/\/old.zdravlje.co.rs\/wp-content\/uploads\/2023\/06\/Quality_01-640x640.jpeg\" alt=\"\" title=\"\"><\/div><\/div><div class=\"btClear btSeparator bottomSemiSpaced noBorder\" ><hr><\/div><\/div><\/div><div class=\"rowItem col-md-4 col-ms-12 btTextRight animate animate-fadein inherit\"  data-width=\"4\"><div class=\"rowItemContent\" ><div class=\"bpgPhoto btZoomInHoverType\" ><div class = \"btImage\"><img decoding=\"async\" src=\"https:\/\/old.zdravlje.co.rs\/wp-content\/uploads\/2023\/06\/Quality_02-640x640.jpeg\" alt=\"\" title=\"\"><\/div><\/div><div class=\"btClear btSeparator bottomSemiSpaced noBorder\" ><hr><\/div><\/div><\/div><div class=\"rowItem col-md-4 col-ms-12 btTextLeft animate animate-fadein inherit\"  data-width=\"4\"><div class=\"rowItemContent\" ><div class=\"bpgPhoto btZoomInHoverType\" ><div class = \"btImage\"><img decoding=\"async\" src=\"https:\/\/old.zdravlje.co.rs\/wp-content\/uploads\/2023\/06\/Social-Responsibility-640x640.jpeg\" alt=\"\" title=\"\"><\/div><\/div><div class=\"btClear btSeparator bottomSemiSpaced noBorder\" ><hr><\/div><\/div><\/div><\/div><\/div><div class=\"boldRow \" ><div class=\"boldRowInner\"><div class=\"rowItem col-md-12 col-ms-12  btTextLeft inherit\"  data-width=\"12\"><div class=\"rowItemContent\" ><a href=\"http:\/\/our-quality\/\" class=\"btBtn btBtn btnOutlineStyle btnNormalColor btnMedium btnNormalWidth btnRightPosition btnIco\" ><span class=\"btnInnerText\">DETALJNIJE O KVALITETU<\/span><span class=\"btIco \"><span  data-ico-fa=\"&#xf105;\" class=\"btIcoHolder\"><\/span><\/span><\/a><\/div><\/div><\/div><\/div><\/div><\/div><\/div><\/section><section id=\"bt_section69f4864c2ebbb\"  class=\"boldSection topSpaced bottomExtraSmallSpaced btLightSkin gutter boxed inherit\" ><div class=\"port\"><div class=\"boldCell\"><div class=\"boldCellInner\"><div class=\"boldRow \" ><div class=\"boldRowInner\"><div class=\"rowItem col-md-12 col-ms-12  btTextLeft animate animate-fadein inherit\"  data-width=\"12\"><div class=\"rowItemContent\" ><header class=\"header btClear extralarge  bold\" ><div class=\"dash\"><h1><span class=\"headline\">Vesti<\/span><\/h1><\/div><\/header><div class=\"btClear btSeparator topSemiSpaced noBorder\" ><hr><\/div><\/div><\/div><\/div><\/div><div class=\"boldRow  btNoRowSpacing\" ><div class=\"boldRowInner\"><div class=\"rowItem col-md-12 col-ms-12  btTextCenter animate animate-fadein animate-moveup btMiddleVertical btNoPadding\"  data-width=\"12\"><div class=\"rowItemContent\" ><div class=\"btLatestPostsContainer horizontalPosts \" >\n\t\t\t\t<div class=\"btSingleLatestPost col-md-4 col-ms-12  inherit\"><div class=\"btSingleLatestPostImage btTextCenter\"><div class=\"bpgPhoto btZoomInHoverType\" > \r\n\t\t\t\t\t<a href=\"https:\/\/old.zdravlje.co.rs\/sr\/lideri-zdravlja-intervju-sa-snezanom-stojilkovic-direktorkom-kvaliteta\/\" target=\"_self\" title=\"\"><\/a>\r\n\t\t\t\t\t<div class=\"boldPhotoBox\"><div class=\"bpbItem\"><div class = \"btImage\"><img decoding=\"async\" src=\"https:\/\/old.zdravlje.co.rs\/wp-content\/uploads\/2025\/02\/Copy-of-Untitled-Design-640x480.png\" alt=\"\" title=\"\"><\/div><\/div><\/div>\r\n\t\t\t\t\t<div class=\"captionPane btDarkSkin btTextCenter\">\r\n\t\t\t\t\t\t<div class=\"captionTable\">\r\n\t\t\t\t\t\t\t<div class=\"captionCell\">\r\n\t\t\t\t\t\t\t\t<div class=\"captionTxt\"><\/div>\r\n\t\t\t\t\t\t\t<\/div>\r\n\t\t\t\t\t\t<\/div>\r\n\t\t\t\t\t<\/div><\/div><\/div><div class = \"btSingleLatestPostContent\">\n\t\t\t\t\t\t<header class=\"header btClear small\" ><div class=\"dash\"><h4><span class=\"headline\"><a href=\"https:\/\/old.zdravlje.co.rs\/sr\/lideri-zdravlja-intervju-sa-snezanom-stojilkovic-direktorkom-kvaliteta\/\" target=\"_self\">Lideri Zdravlja: Intervju sa Sne\u017eanom Stojilkovi\u0107, Direktorkom kvaliteta<\/a><\/span><\/h4><\/div><\/header>\n\t\t\t\t\t<\/div>\n\t\t\t\t<\/div>\n\t\t\t\t<div class=\"btSingleLatestPost col-md-4 col-ms-12  inherit\"><div class=\"btSingleLatestPostImage btTextCenter\"><div class=\"bpgPhoto btZoomInHoverType\" > \r\n\t\t\t\t\t<a href=\"https:\/\/old.zdravlje.co.rs\/sr\/zdravlje-ad-leskovac-i-sava-health-d-o-o-ulaze-u-stratesko-partnerstvo\/\" target=\"_self\" title=\"\"><\/a>\r\n\t\t\t\t\t<div class=\"boldPhotoBox\"><div class=\"bpbItem\"><div class = \"btImage\"><img decoding=\"async\" src=\"https:\/\/old.zdravlje.co.rs\/wp-content\/uploads\/2025\/02\/zdravlje-leskovac-sava-health-partnerstvo-640x480.jpg\" alt=\"\" title=\"\"><\/div><\/div><\/div>\r\n\t\t\t\t\t<div class=\"captionPane btDarkSkin btTextCenter\">\r\n\t\t\t\t\t\t<div class=\"captionTable\">\r\n\t\t\t\t\t\t\t<div class=\"captionCell\">\r\n\t\t\t\t\t\t\t\t<div class=\"captionTxt\"><\/div>\r\n\t\t\t\t\t\t\t<\/div>\r\n\t\t\t\t\t\t<\/div>\r\n\t\t\t\t\t<\/div><\/div><\/div><div class = \"btSingleLatestPostContent\">\n\t\t\t\t\t\t<header class=\"header btClear small\" ><div class=\"dash\"><h4><span class=\"headline\"><a href=\"https:\/\/old.zdravlje.co.rs\/sr\/zdravlje-ad-leskovac-i-sava-health-d-o-o-ulaze-u-stratesko-partnerstvo\/\" target=\"_self\">Zdravlje AD Leskovac i Sava Health d.o.o. ulaze u strate\u0161ko partnerstvo<\/a><\/span><\/h4><\/div><\/header>\n\t\t\t\t\t<\/div>\n\t\t\t\t<\/div>\n\t\t\t\t<div class=\"btSingleLatestPost col-md-4 col-ms-12  inherit\"><div class=\"btSingleLatestPostImage btTextCenter\"><div class=\"bpgPhoto btZoomInHoverType\" > \r\n\t\t\t\t\t<a href=\"https:\/\/old.zdravlje.co.rs\/sr\/kompanija-zdravlje-uspesno-zavrsila-inspekciju-evropske-agencije-za-lekove\/\" target=\"_self\" title=\"\"><\/a>\r\n\t\t\t\t\t<div class=\"boldPhotoBox\"><div class=\"bpbItem\"><div class = \"btImage\"><img decoding=\"async\" src=\"https:\/\/old.zdravlje.co.rs\/wp-content\/uploads\/2024\/10\/Untitled-design-16-640x480.png\" alt=\"\" title=\"\"><\/div><\/div><\/div>\r\n\t\t\t\t\t<div class=\"captionPane btDarkSkin btTextCenter\">\r\n\t\t\t\t\t\t<div class=\"captionTable\">\r\n\t\t\t\t\t\t\t<div class=\"captionCell\">\r\n\t\t\t\t\t\t\t\t<div class=\"captionTxt\"><\/div>\r\n\t\t\t\t\t\t\t<\/div>\r\n\t\t\t\t\t\t<\/div>\r\n\t\t\t\t\t<\/div><\/div><\/div><div class = \"btSingleLatestPostContent\">\n\t\t\t\t\t\t<header class=\"header btClear small\" ><div class=\"dash\"><h4><span class=\"headline\"><a href=\"https:\/\/old.zdravlje.co.rs\/sr\/kompanija-zdravlje-uspesno-zavrsila-inspekciju-evropske-agencije-za-lekove\/\" target=\"_self\">Kompanija Zdravlje uspe\u0161no zavr\u0161ila inspekciju Evropske agencije za lekove<\/a><\/span><\/h4><\/div><\/header>\n\t\t\t\t\t<\/div>\n\t\t\t\t<\/div><\/div><div class=\"btClear btSeparator topExtraSmallSpaced noBorder\" ><hr><\/div><\/div><\/div><\/div><\/div><div class=\"boldRow \" ><div class=\"boldRowInner\"><div class=\"rowItem col-md-12 col-ms-12  btTextLeft inherit\"  data-width=\"12\"><div class=\"rowItemContent\" ><a href=\"http:\/\/news\/\" class=\"btBtn btBtn btnOutlineStyle btnNormalColor btnMedium btnNormalWidth btnLeftPosition btnIco\" ><span class=\"btnInnerText\">VI\u0160E NOVOSTI<\/span><span class=\"btIco \"><span  data-ico-fa=\"&#xf105;\" class=\"btIcoHolder\"><\/span><\/span><\/a><div class=\"btClear btSeparator topSemiSpaced noBorder\" ><hr><\/div><\/div><\/div><\/div><\/div><\/div><\/div><\/div><\/section><\/p>\n","protected":false},"excerpt":{"rendered":"","protected":false},"author":1,"featured_media":0,"parent":0,"menu_order":0,"comment_status":"closed","ping_status":"closed","template":"","meta":{"footnotes":""},"class_list":["post-5614","page","type-page","status-publish","hentry"],"_links":{"self":[{"href":"https:\/\/old.zdravlje.co.rs\/sr\/wp-json\/wp\/v2\/pages\/5614","targetHints":{"allow":["GET"]}}],"collection":[{"href":"https:\/\/old.zdravlje.co.rs\/sr\/wp-json\/wp\/v2\/pages"}],"about":[{"href":"https:\/\/old.zdravlje.co.rs\/sr\/wp-json\/wp\/v2\/types\/page"}],"author":[{"embeddable":true,"href":"https:\/\/old.zdravlje.co.rs\/sr\/wp-json\/wp\/v2\/users\/1"}],"replies":[{"embeddable":true,"href":"https:\/\/old.zdravlje.co.rs\/sr\/wp-json\/wp\/v2\/comments?post=5614"}],"version-history":[{"count":18,"href":"https:\/\/old.zdravlje.co.rs\/sr\/wp-json\/wp\/v2\/pages\/5614\/revisions"}],"predecessor-version":[{"id":6550,"href":"https:\/\/old.zdravlje.co.rs\/sr\/wp-json\/wp\/v2\/pages\/5614\/revisions\/6550"}],"wp:attachment":[{"href":"https:\/\/old.zdravlje.co.rs\/sr\/wp-json\/wp\/v2\/media?parent=5614"}],"curies":[{"name":"wp","href":"https:\/\/api.w.org\/{rel}","templated":true}]}}