{"id":5617,"date":"2023-05-21T21:03:18","date_gmt":"2023-05-21T19:03:18","guid":{"rendered":"https:\/\/old.zdravlje.co.rs\/ugovor-o-proizvodnji\/"},"modified":"2024-03-18T16:09:38","modified_gmt":"2024-03-18T15:09:38","slug":"ugovor-o-proizvodnji","status":"publish","type":"page","link":"https:\/\/old.zdravlje.co.rs\/sr\/ugovor-o-proizvodnji\/","title":{"rendered":"Ugovorna proizvodnja"},"content":{"rendered":"<p><section id=\"bt_section69f49efa8004f\"  class=\"boldSection topSemiSpaced bottomSemiSpaced gutter boxed inherit\" ><div class=\"port\"><div class=\"boldCell\"><div class=\"boldCellInner\"><div class=\"boldRow \" ><div class=\"boldRowInner\"><div class=\"rowItem col-md-3 col-sm-6 col-ms-12 btTextLeft\"  data-width=\"3\"><div class=\"rowItemContent\" ><div class=\"btClear btSeparator topSmallSpaced bottomSmallSpaced noBorder\" ><hr><\/div><div class=\"btText\" ><\/p>\n<p style=\"text-align: left;\"><i class=\"fas fa-location-arrow fa-3x\"><\/i><\/p>\n<h6 style=\"text-align: left;\"><strong>Lokacija<br \/>\n&#8211;<\/strong><\/h6>\n<p style=\"text-align: left;\">Leskovac, Serbia<\/p>\n<p>\n<\/div><div class=\"btClear btSeparator topSmallSpaced bottomSmallSpaced noBorder\" ><hr><\/div><\/div><\/div><div class=\"rowItem col-md-3 col-sm-6 col-ms-12 btTextLeft\"  data-width=\"3\"><div class=\"rowItemContent\" ><div class=\"btClear btSeparator topSmallSpaced bottomSmallSpaced noBorder\" ><hr><\/div><div class=\"btText\" ><\/p>\n<p style=\"text-align: left;\"><i class=\"fas fa-pills fa-3x\"><\/i><\/p>\n<h6 style=\"text-align: left;\"><strong>Oblici<br \/>\n&#8211;<\/strong><\/h6>\n<p style=\"text-align: left;\"><span style=\"font-weight: 400;\">Nesterilni \u010dvrsti oblici za oralnu primenu (tablete, kapsule)<\/span><\/p>\n<p>\n<\/div><div class=\"btClear btSeparator topSmallSpaced bottomSmallSpaced noBorder\" ><hr><\/div><\/div><\/div><div class=\"rowItem col-md-3 col-sm-6 col-ms-12 btTextLeft\"  data-width=\"3\"><div class=\"rowItemContent\" ><div class=\"btClear btSeparator topSmallSpaced bottomSmallSpaced noBorder\" ><hr><\/div><div class=\"btText\" ><\/p>\n<p style=\"text-align: left;\"><i class=\"fas fa-warehouse fa-3x\"><\/i><\/p>\n<h6 style=\"text-align: left;\">Godi\u0161nji kapacitet<br \/>\n&#8211;<\/h6>\n<p style=\"text-align: left;\">1,7 milijardi<\/p>\n<p>\n<\/div><div class=\"btClear btSeparator topSmallSpaced bottomSmallSpaced noBorder\" ><hr><\/div><\/div><\/div><div class=\"rowItem col-md-3 col-sm-6 col-ms-12 btTextLeft\"  data-width=\"3\"><div class=\"rowItemContent\" ><div class=\"btClear btSeparator topSmallSpaced bottomSmallSpaced noBorder\" ><hr><\/div><div class=\"btText\" ><\/p>\n<p style=\"text-align: left;\"><i class=\"fas fa-map fa-3x\"><\/i><\/p>\n<h6 style=\"text-align: left;\">Glavne dobre proizvo\u0111a\u010dke prakse<br \/>\n&#8211;<\/h6>\n<p style=\"text-align: left;\">EU, Uprava za terapijske proizvode &#8211; TGA (Australija), Srbija, Ju\u017enoafri\u010dko regulatorno telo za zdravstvene proizvode &#8211; SAHPRA (Ju\u017ena Afrika)<\/p>\n<p>\n<\/div><div class=\"btClear btSeparator topSmallSpaced bottomSmallSpaced noBorder\" ><hr><\/div><\/div><\/div><\/div><\/div><\/div><\/div><\/div><\/section><section id=\"bt_section69f49efa809ee\"  class=\"boldSection topSemiSpaced bottomSemiSpaced gutter boxed inherit\" ><div class=\"port\"><div class=\"boldCell\"><div class=\"boldCellInner\"><div class=\"boldRow \" ><div class=\"boldRowInner\"><div class=\"rowItem col-md-4 col-ms-12 btTextLeft\"  data-width=\"4\"><div class=\"rowItemContent\" ><div class=\"btClear btSeparator topSmallSpaced bottomSmallSpaced noBorder\" ><hr><\/div><div class=\"btText\" ><\/p>\n<p style=\"text-align: left;\"><i class=\"fas fa-tablets fa-3x\"><\/i><\/p>\n<h6 style=\"text-align: left;\">Tablete<br \/>\n&#8211;<\/h6>\n<p>Godi\u0161nji kapacitet: 1,3 milijarde tableta<\/p>\n<p>\n<\/div><div class=\"btClear btSeparator topSmallSpaced bottomSmallSpaced noBorder\" ><hr><\/div><\/div><\/div><div class=\"rowItem col-md-8 col-ms-12 btTextLeft\"  data-width=\"8\"><div class=\"rowItemContent\" ><div class=\"btClear btSeparator topSmallSpaced bottomSmallSpaced noBorder\" ><hr><\/div><div class=\"btTabs tabsVertical\"><ul class=\"tabsHeader\"><li><span>Oblici<\/span><\/li><li><span>Tehnologije<\/span><\/li><li><span>Pakovanje<\/span><\/li><\/ul><div class=\"tabPanes accordionPanes\"><div class=\"tabPane\">\n\t\t\t<div class=\"tabAccordionTitle\"><span>Oblici<\/span><\/div>\n\t\t\t<div class=\"tabAccordionContent\"><div class=\"btText\" ><\/p>\n<ul>\n<li aria-level=\"1\">\u2022\tNeoblo\u017eene tablete<\/li>\n<li aria-level=\"1\">\u2022\tFilm-tablete i dra\u017eeje<\/li>\n<li aria-level=\"1\">\u2022\tTablete sa modifikovanim osloba\u0111anjem<\/li>\n<li aria-level=\"1\">\u2022\tTablete sa trenutnim osloba\u0111anjem<\/li>\n<\/ul>\n<p>\n<\/div><\/div>\n\t\t<\/div><div class=\"tabPane\">\n\t\t\t<div class=\"tabAccordionTitle\"><span>Tehnologije<\/span><\/div>\n\t\t\t<div class=\"tabAccordionContent\"><div class=\"btText\" ><\/p>\n<p>Vla\u017ena granulacija:<\/p>\n<ul>\n<li>Granulacija u brzom me\u0161a\u010du<\/li>\n<li>Granulacija raspr\u0161ivanjem u fluidizovanom sloju<\/li>\n<li>Granulacija na bazi vodenih rastvora i rastvora sa organskim rastvara\u010dima<\/li>\n<\/ul>\n<p>Suva granulacija:<\/p>\n<ul>\n<li>Roler-kompaktor<\/li>\n<li>Direktna kompresija<\/li>\n<\/ul>\n<p>Oblaganje:<\/p>\n<ul>\n<li>Filmovanje<\/li>\n<li>Dra\u017eiranje<\/li>\n<li>\u0160tampanje na povr\u0161ini tableta<\/li>\n<\/ul>\n<p>\n<\/div><\/div>\n\t\t<\/div><div class=\"tabPane\">\n\t\t\t<div class=\"tabAccordionTitle\"><span>Pakovanje<\/span><\/div>\n\t\t\t<div class=\"tabAccordionContent\"><div class=\"btText\" ><\/p>\n<p>Blister:<\/p>\n<ul>\n<li>PVC\/PVDC<\/li>\n<li>Alu\/Alu<\/li>\n<li>Uputstva za upotrebu leka<\/li>\n<\/ul>\n<p>Bo\u010dice:<\/p>\n<ul>\n<li>Plasti\u010dne bo\u010dice (HDPE i PP)<\/li>\n<li>Etiketiranje<\/li>\n<li>Sekundarno pakovanje<\/li>\n<li>Serijalizacija<\/li>\n<\/ul>\n<p>\n<\/div><\/div>\n\t\t<\/div><\/div><\/div><div class=\"btClear btSeparator topSmallSpaced bottomSmallSpaced noBorder\" ><hr><\/div><\/div><\/div><\/div><\/div><\/div><\/div><\/div><\/section><section id=\"bt_section69f49efa8151e\"  class=\"boldSection topSemiSpaced bottomSemiSpaced gutter boxed inherit\" ><div class=\"port\"><div class=\"boldCell\"><div class=\"boldCellInner\"><div class=\"boldRow \" ><div class=\"boldRowInner\"><div class=\"rowItem col-md-4 col-ms-12 btTextLeft\"  data-width=\"4\"><div class=\"rowItemContent\" ><div class=\"btClear btSeparator topSmallSpaced bottomSmallSpaced noBorder\" ><hr><\/div><div class=\"btText\" ><\/p>\n<p style=\"text-align: left;\"><i class=\"fas fa-capsules fa-3x\"><\/i><\/p>\n<h6 style=\"text-align: left;\">Kapsule<br \/>\n&#8211;<\/h6>\n<p>Godi\u0161nji kapacitet: 400 miliona kapsula<\/p>\n<p>\n<\/div><div class=\"btClear btSeparator topSmallSpaced bottomSmallSpaced noBorder\" ><hr><\/div><\/div><\/div><div class=\"rowItem col-md-8 col-ms-12 btTextLeft\"  data-width=\"8\"><div class=\"rowItemContent\" ><div class=\"btClear btSeparator topSmallSpaced bottomSmallSpaced noBorder\" ><hr><\/div><div class=\"btTabs tabsVertical\"><ul class=\"tabsHeader\"><li><span>Oblici<\/span><\/li><li><span>Tehnologije<\/span><\/li><\/ul><div class=\"tabPanes accordionPanes\"><div class=\"tabPane\">\n\t\t\t<div class=\"tabAccordionTitle\"><span>Oblici<\/span><\/div>\n\t\t\t<div class=\"tabAccordionContent\"><div class=\"btText\" ><\/p>\n<ul>\n<li>Razli\u010dite veli\u010dine kapsula punjene\n<ul>\n<li>Prahom<\/li>\n<li>Granulama<\/li>\n<li>Peletama<\/li>\n<li>Mikro tabletama<\/li>\n<\/ul>\n<\/li>\n<\/ul>\n<p>\n<\/div><\/div>\n\t\t<\/div><div class=\"tabPane\">\n\t\t\t<div class=\"tabAccordionTitle\"><span>Tehnologije<\/span><\/div>\n\t\t\t<div class=\"tabAccordionContent\"><div class=\"btText\" ><\/p>\n<ul>\n<li>Blister:\n<ul>\n<li>PVC\/PVDC<\/li>\n<li>Alu\/Alu<\/li>\n<li>Uputstva za upotrebu leka<\/li>\n<\/ul>\n<\/li>\n<li>Bo\u010dice:\n<ul>\n<li>Plasti\u010dne bo\u010dice (HDPE i PP)<\/li>\n<li>Etiketiranje<\/li>\n<li>Sekundarno pakovanje<\/li>\n<li>Serijalizacija<\/li>\n<\/ul>\n<\/li>\n<\/ul>\n<p>\n<\/div><\/div>\n\t\t<\/div><\/div><\/div><div class=\"btClear btSeparator topSmallSpaced bottomSmallSpaced noBorder\" ><hr><\/div><\/div><\/div><\/div><\/div><\/div><\/div><\/div><\/section><section id=\"bt_section69f49efa81db5\"  class=\"boldSection topSemiSpaced bottomSemiSpaced gutter boxed inherit\" ><div class=\"port\"><div class=\"boldCell\"><div class=\"boldCellInner\"><div class=\"boldRow \" ><div class=\"boldRowInner\"><div class=\"rowItem col-md-4 col-ms-12 btTextLeft\"  data-width=\"4\"><div class=\"rowItemContent\" ><div class=\"btClear btSeparator topSmallSpaced bottomSmallSpaced noBorder\" ><hr><\/div><div class=\"btText\" ><\/p>\n<p style=\"text-align: left;\"><i class=\"fas fa-droplet fa-3x\"><\/i><\/p>\n<h6 style=\"text-align: left;\">Te\u010dne forme<br \/>\n&#8211;<\/h6>\n<p>Godi\u0161nji kapacitet: 12 miliona bo\u010dica<\/p>\n<p>\n<\/div><div class=\"btClear btSeparator topSmallSpaced bottomSmallSpaced noBorder\" ><hr><\/div><\/div><\/div><div class=\"rowItem col-md-8 col-ms-12 btTextLeft\"  data-width=\"8\"><div class=\"rowItemContent\" ><div class=\"btClear btSeparator topSmallSpaced bottomSmallSpaced noBorder\" ><hr><\/div><div class=\"btTabs tabsVertical\"><ul class=\"tabsHeader\"><li><span>Oblici<\/span><\/li><li><span>Tehnologije<\/span><\/li><li><span>Pakovanje<\/span><\/li><\/ul><div class=\"tabPanes accordionPanes\"><div class=\"tabPane\">\n\t\t\t<div class=\"tabAccordionTitle\"><span>Oblici<\/span><\/div>\n\t\t\t<div class=\"tabAccordionContent\"><div class=\"btText\" ><\/p>\n<ul>\n<li>Kapi za nos<\/li>\n<li>Rastvori<\/li>\n<\/ul>\n<p>\n<\/div><\/div>\n\t\t<\/div><div class=\"tabPane\">\n\t\t\t<div class=\"tabAccordionTitle\"><span>Tehnologije<\/span><\/div>\n\t\t\t<div class=\"tabAccordionContent\"><div class=\"btText\" ><\/p>\n<ul>\n<li>Me\u0161anje i rastvaranje aktivnih farmaceutskih sastojaka i ekscipijenata u odgovarajuc\u0301em rastvara\u010du (nezapaljivom)<\/li>\n<li>Automatsko punjenje bo\u010dica te\u010dno\u0161c\u0301u<\/li>\n<\/ul>\n<p>\n<\/div><\/div>\n\t\t<\/div><div class=\"tabPane\">\n\t\t\t<div class=\"tabAccordionTitle\"><span>Pakovanje<\/span><\/div>\n\t\t\t<div class=\"tabAccordionContent\"><div class=\"btText\" ><\/p>\n<ul>\n<li>Etiketiranje<\/li>\n<li>Sekundarno pakovanje<\/li>\n<li>Serijalizacija<\/li>\n<\/ul>\n<p>\n<\/div><\/div>\n\t\t<\/div><\/div><\/div><div class=\"btClear btSeparator topSmallSpaced bottomSmallSpaced noBorder\" ><hr><\/div><\/div><\/div><\/div><\/div><\/div><\/div><\/div><\/section><section id=\"bt_section69f49efa8259f\"  class=\"boldSection gutter \" ><div class=\"port\"><div class=\"boldCell\"><div class=\"boldCellInner\"><div class=\"boldRow \" ><div class=\"boldRowInner\"><div class=\"rowItem col-md-12 col-ms-12  btTextLeft\"  data-width=\"12\"><div class=\"rowItemContent\" ><div class=\"btText\" ><\/p>\n<p style=\"text-align: center;\"><iframe loading=\"lazy\" title=\"YouTube video player\" src=\"https:\/\/www.youtube.com\/embed\/5ARCQ5R8Xuw\" width=\"560\" height=\"315\" frameborder=\"0\" allowfullscreen=\"allowfullscreen\"><\/iframe><\/p>\n<p>\n<\/div><div class=\"btClear btSeparator topSmallSpaced bottomSemiSpaced noBorder\" ><hr><\/div><\/div><\/div><\/div><\/div><\/div><\/div><\/div><\/section><\/p>\n","protected":false},"excerpt":{"rendered":"","protected":false},"author":4,"featured_media":5305,"parent":0,"menu_order":0,"comment_status":"closed","ping_status":"closed","template":"","meta":{"footnotes":""},"class_list":["post-5617","page","type-page","status-publish","has-post-thumbnail","hentry"],"_links":{"self":[{"href":"https:\/\/old.zdravlje.co.rs\/sr\/wp-json\/wp\/v2\/pages\/5617","targetHints":{"allow":["GET"]}}],"collection":[{"href":"https:\/\/old.zdravlje.co.rs\/sr\/wp-json\/wp\/v2\/pages"}],"about":[{"href":"https:\/\/old.zdravlje.co.rs\/sr\/wp-json\/wp\/v2\/types\/page"}],"author":[{"embeddable":true,"href":"https:\/\/old.zdravlje.co.rs\/sr\/wp-json\/wp\/v2\/users\/4"}],"replies":[{"embeddable":true,"href":"https:\/\/old.zdravlje.co.rs\/sr\/wp-json\/wp\/v2\/comments?post=5617"}],"version-history":[{"count":3,"href":"https:\/\/old.zdravlje.co.rs\/sr\/wp-json\/wp\/v2\/pages\/5617\/revisions"}],"predecessor-version":[{"id":5753,"href":"https:\/\/old.zdravlje.co.rs\/sr\/wp-json\/wp\/v2\/pages\/5617\/revisions\/5753"}],"wp:featuredmedia":[{"embeddable":true,"href":"https:\/\/old.zdravlje.co.rs\/sr\/wp-json\/wp\/v2\/media\/5305"}],"wp:attachment":[{"href":"https:\/\/old.zdravlje.co.rs\/sr\/wp-json\/wp\/v2\/media?parent=5617"}],"curies":[{"name":"wp","href":"https:\/\/api.w.org\/{rel}","templated":true}]}}