{"id":5618,"date":"2023-05-21T21:12:10","date_gmt":"2023-05-21T19:12:10","guid":{"rendered":"https:\/\/old.zdravlje.co.rs\/razvoj-ugovora\/"},"modified":"2024-03-18T16:21:21","modified_gmt":"2024-03-18T15:21:21","slug":"razvoj-ugovora","status":"publish","type":"page","link":"https:\/\/old.zdravlje.co.rs\/sr\/razvoj-ugovora\/","title":{"rendered":"Ugovorni razvoj"},"content":{"rendered":"<p><section id=\"bt_section69f49f00de81b\"  class=\"boldSection topSemiSpaced bottomSemiSpaced gutter boxed inherit\" ><div class=\"port\"><div class=\"boldCell\"><div class=\"boldCellInner\"><div class=\"boldRow \" ><div class=\"boldRowInner\"><div class=\"rowItem col-md-12 col-ms-12  btTextLeft\"  data-width=\"12\"><div class=\"rowItemContent\" ><div class=\"btText\" ><\/p>\n<p>Kompanija Zdravlje je realizovala preko 50 projekata za klijente u razli\u010ditim oblicima uklju\u010dujuc\u0301i \u010dvrste dozne oblike (sa trenutnim i modifikovanim osloba\u0111anjem), injekcije, polu\u010dvrste oblike i infuzione rastvore.<\/p>\n<p>\n<\/div><\/div><\/div><\/div><\/div><\/div><\/div><\/div><\/section><section id=\"bt_section69f49f00dea4f\"  class=\"boldSection topSmallSpaced bottomSemiSpaced gutter boxed btTopVertical\" style=\"background-color:rgb(247,247,247)  !important;\"><div class=\"port\"><div class=\"boldCell\"><div class=\"boldCellInner\"><div class=\"boldRow \" ><div class=\"boldRowInner\"><div class=\"rowItem col-md-12 col-ms-12  btTextLeft\"  data-width=\"12\"><div class=\"rowItemContent\" ><div class=\"btTabs tabsVertical\"><ul class=\"tabsHeader\"><li><span>Tehnologije<\/span><\/li><li><span>Ispitivani medicinski proizvodi<\/span><\/li><li><span>Industrijalizacija<\/span><\/li><li><span>Slu\u017eba za formulacije<\/span><\/li><li><span>Slu\u017eba za analiti\u010dki razvoj<\/span><\/li><li><span>Slu\u017eba odeljenja za validaciju<\/span><\/li><li><span>Slu\u017eba za regulatorna pitanja<\/span><\/li><\/ul><div class=\"tabPanes accordionPanes\"><div class=\"tabPane\">\n\t\t\t<div class=\"tabAccordionTitle\"><span>Tehnologije<\/span><\/div>\n\t\t\t<div class=\"tabAccordionContent\"><div class=\"btText\" ><\/p>\n<ul>\n<li style=\"font-weight: 400;\" aria-level=\"1\">Vla\u017ena granulacija:\n<ul>\n<li style=\"font-weight: 400;\" aria-level=\"1\">Granulacija u brzom me\u0161a\u010du<\/li>\n<li style=\"font-weight: 400;\" aria-level=\"1\">Granulacija raspr\u0161ivanjem u fluidizovanom sloju<\/li>\n<li style=\"font-weight: 400;\" aria-level=\"1\">Granulacija na bazi vodenih rastvora i rastvora sa organskim rastvara\u010dima<\/li>\n<\/ul>\n<\/li>\n<\/ul>\n<ul>\n<li style=\"font-weight: 400;\" aria-level=\"1\">Suva granulacija<\/li>\n<\/ul>\n<ul>\n<li style=\"font-weight: 400;\" aria-level=\"1\">Roler kompaktor<\/li>\n<\/ul>\n<ul>\n<li style=\"font-weight: 400;\" aria-level=\"1\">Direktna kompresija\n<ul>\n<li style=\"font-weight: 400;\" aria-level=\"1\">\u0160tampanje na povr\u0161ini tableta<\/li>\n<li style=\"font-weight: 400;\" aria-level=\"1\">Trenutno i modifikovano osloba\u0111anje<\/li>\n<li style=\"font-weight: 400;\" aria-level=\"1\"><span style=\"font-weight: 400;\">Rastvori <\/span><\/li>\n<li style=\"font-weight: 400;\" aria-level=\"1\">Preparati (kapi) za nos<\/li>\n<\/ul>\n<\/li>\n<\/ul>\n<p>\n<\/div><\/div>\n\t\t<\/div><div class=\"tabPane\">\n\t\t\t<div class=\"tabAccordionTitle\"><span>Ispitivani medicinski proizvodi<\/span><\/div>\n\t\t\t<div class=\"tabAccordionContent\"><div class=\"btText\" ><\/p>\n<ul>\n<li style=\"font-weight: 400;\" aria-level=\"1\">Proizvodnja, etiketiranje, pakovanje i odobrenje ispitivanih medicinskih proizvoda i placebo<\/li>\n<li style=\"font-weight: 400;\" aria-level=\"1\">Podr\u0161ka u pripremi dokumenta o ispitivanim medicinskim proizvodima<\/li>\n<li style=\"font-weight: 400;\" aria-level=\"1\">Podr\u0161ka u izradi klini\u010dke studije bioekvivalencije (BE)<\/li>\n<\/ul>\n<p>\n<\/div><\/div>\n\t\t<\/div><div class=\"tabPane\">\n\t\t\t<div class=\"tabAccordionTitle\"><span>Industrijalizacija<\/span><\/div>\n\t\t\t<div class=\"tabAccordionContent\"><div class=\"btText\" ><\/p>\n<ul>\n<li style=\"font-weight: 400;\" aria-level=\"1\">Razvoj procesa proizvodnje i kriti\u010dni parametri procesa (CPP)<\/li>\n<li style=\"font-weight: 400;\" aria-level=\"1\">Nau\u010dna i tehni\u010dka podr\u0161ka za uve\u0107anje veli\u010dine serije proizvodnje krajnjeg proizvoda (scale-up) i optimizacione serije<\/li>\n<li style=\"font-weight: 400;\" aria-level=\"1\">Prenos tehnologije (ako je potrebno)<\/li>\n<\/ul>\n<p>\n<\/div><\/div>\n\t\t<\/div><div class=\"tabPane\">\n\t\t\t<div class=\"tabAccordionTitle\"><span>Slu\u017eba za formulacije<\/span><\/div>\n\t\t\t<div class=\"tabAccordionContent\"><div class=\"btText\" ><\/p>\n<ul>\n<li style=\"font-weight: 400;\" aria-level=\"1\">Razvoj formulacije, istra\u017eivanje literature, prototipovi laboratorijskih razmera,<\/li>\n<li style=\"font-weight: 400;\" aria-level=\"1\">Razvoj ambala\u017ee<\/li>\n<li style=\"font-weight: 400;\" aria-level=\"1\">Definisanje ciljanog profila kvaliteta proizvoda (QTPP) i kriti\u010dnih atributa kvaliteta proizvoda (CQA), finalizacija formula<\/li>\n<li style=\"font-weight: 400;\" aria-level=\"1\">Optimizacija procesa<\/li>\n<li style=\"font-weight: 400;\" aria-level=\"1\">Povec\u0301anje proizvodnje prema dobroj proizvo\u0111a\u010dkoj praksi, punjenje, stabilnost prema Me\u0111unarodnoj konferenciji o harmonizaciji (ICH), kompatibilnost<\/li>\n<\/ul>\n<p>\n<\/div><\/div>\n\t\t<\/div><div class=\"tabPane\">\n\t\t\t<div class=\"tabAccordionTitle\"><span>Slu\u017eba za analiti\u010dki razvoj<\/span><\/div>\n\t\t\t<div class=\"tabAccordionContent\"><div class=\"btText\" ><\/p>\n<ul>\n<li style=\"list-style-type: none;\">\n<ul>\n<li style=\"font-weight: 400;\" aria-level=\"1\">Usluge razvoja pre formulacije<\/li>\n<\/ul>\n<\/li>\n<\/ul>\n<ul>\n<li style=\"font-weight: 400;\" aria-level=\"1\">Razvoj analiti\u010dke metode i validacija za lekovite supstance i gotov lek<\/li>\n<li style=\"font-weight: 400;\" aria-level=\"1\">Razvoj analiti\u010dke metode i validacija za ne\u010distoc\u0301e, srodne supstance i konzervanse<\/li>\n<li style=\"font-weight: 400;\" aria-level=\"1\">Studije prisilne razgradnje<\/li>\n<li style=\"font-weight: 400;\" aria-level=\"1\">Uporedno in vitro ispitivanje brzine osloba\u0111anja leka<\/li>\n<li style=\"font-weight: 400;\" aria-level=\"1\">In vitro \u2013 In vivo studije<\/li>\n<li style=\"font-weight: 400;\" aria-level=\"1\">Studije pre stabilnosti i stabilnosti prema Me\u0111unarodnoj konferenciji o harmonizaciji<\/li>\n<li style=\"font-weight: 400;\" aria-level=\"1\">Validacija mikrobiolo\u0161kih metoda<\/li>\n<li style=\"font-weight: 400;\" aria-level=\"1\">In vitro ispitivanje osloba\u0111anja (IVRT)<\/li>\n<li style=\"font-weight: 400;\" aria-level=\"1\">ICH za zonu II, IVa, IVb, US&amp;EU, polupropusne proizvode. Komore za stabilnost.<\/li>\n<li style=\"font-weight: 400;\" aria-level=\"1\">Konsultantske usluge (npr. GAP, obuka, revizija)<\/li>\n<\/ul>\n<p>\n<\/div><\/div>\n\t\t<\/div><div class=\"tabPane\">\n\t\t\t<div class=\"tabAccordionTitle\"><span>Slu\u017eba odeljenja za validaciju<\/span><\/div>\n\t\t\t<div class=\"tabAccordionContent\"><div class=\"btText\" ><\/p>\n<ul>\n<li style=\"font-weight: 400;\" aria-level=\"1\">Validacija \u010di\u0161c\u0301enja<\/li>\n<li style=\"font-weight: 400;\" aria-level=\"1\">Validacija proizvodnog procesa i procesa pakovanja<\/li>\n<\/ul>\n<p>\n<\/div><\/div>\n\t\t<\/div><div class=\"tabPane\">\n\t\t\t<div class=\"tabAccordionTitle\"><span>Slu\u017eba za regulatorna pitanja<\/span><\/div>\n\t\t\t<div class=\"tabAccordionContent\"><div class=\"btText\" ><\/p>\n<ul>\n<li style=\"font-weight: 400;\" aria-level=\"1\">Saveti o regulatornoj strategiji registracije<\/li>\n<li style=\"font-weight: 400;\" aria-level=\"1\">Saveti u vezi sa pitanjima hemije, proizvodnje i kontrole (CMC) u vezi sa fazom razvoja, proizvodnjom, ispitivanjem kontrole kvaliteta<\/li>\n<li style=\"font-weight: 400;\" aria-level=\"1\">Specifikacije i stabilnost proizvoda<\/li>\n<li style=\"font-weight: 400;\" aria-level=\"1\">Procena rizika od nitrozamina i elementarne ne\u010distoc\u0301e prema ICH Q3D<\/li>\n<li style=\"font-weight: 400;\" aria-level=\"1\">Toksikolo\u0161ka procena negativnog kontrolnog izlaganja (NCE) i dozvoljenog dnevnog izlaganja (PDE)<\/li>\n<li style=\"font-weight: 400;\" aria-level=\"1\">Saveti o klini\u010dkim pitanjima u vezi sa proizvodnjom ispitivanih medicinskih proizvoda<\/li>\n<li style=\"font-weight: 400;\" aria-level=\"1\">Podr\u0161ka u pripremi op\u0161teg tehni\u010dkog dokumenta (CTD)<\/li>\n<li style=\"font-weight: 400;\" aria-level=\"1\">Podr\u0161ka u pripremi dokumenta o ispitivanim medicinskim proizvodima (IMPD)<\/li>\n<li style=\"font-weight: 400;\" aria-level=\"1\">Priprema odgovora regulatornim telima<\/li>\n<\/ul>\n<p>\n<\/div><\/div>\n\t\t<\/div><\/div><\/div><\/div><\/div><\/div><\/div><\/div><\/div><\/div><\/section><\/p>\n","protected":false},"excerpt":{"rendered":"","protected":false},"author":4,"featured_media":5305,"parent":0,"menu_order":0,"comment_status":"closed","ping_status":"closed","template":"","meta":{"footnotes":""},"class_list":["post-5618","page","type-page","status-publish","has-post-thumbnail","hentry"],"_links":{"self":[{"href":"https:\/\/old.zdravlje.co.rs\/sr\/wp-json\/wp\/v2\/pages\/5618","targetHints":{"allow":["GET"]}}],"collection":[{"href":"https:\/\/old.zdravlje.co.rs\/sr\/wp-json\/wp\/v2\/pages"}],"about":[{"href":"https:\/\/old.zdravlje.co.rs\/sr\/wp-json\/wp\/v2\/types\/page"}],"author":[{"embeddable":true,"href":"https:\/\/old.zdravlje.co.rs\/sr\/wp-json\/wp\/v2\/users\/4"}],"replies":[{"embeddable":true,"href":"https:\/\/old.zdravlje.co.rs\/sr\/wp-json\/wp\/v2\/comments?post=5618"}],"version-history":[{"count":1,"href":"https:\/\/old.zdravlje.co.rs\/sr\/wp-json\/wp\/v2\/pages\/5618\/revisions"}],"predecessor-version":[{"id":5754,"href":"https:\/\/old.zdravlje.co.rs\/sr\/wp-json\/wp\/v2\/pages\/5618\/revisions\/5754"}],"wp:featuredmedia":[{"embeddable":true,"href":"https:\/\/old.zdravlje.co.rs\/sr\/wp-json\/wp\/v2\/media\/5305"}],"wp:attachment":[{"href":"https:\/\/old.zdravlje.co.rs\/sr\/wp-json\/wp\/v2\/media?parent=5618"}],"curies":[{"name":"wp","href":"https:\/\/api.w.org\/{rel}","templated":true}]}}