{"id":6427,"date":"2024-12-14T17:50:37","date_gmt":"2024-12-14T16:50:37","guid":{"rendered":"https:\/\/old.zdravlje.co.rs\/karijere-2\/"},"modified":"2025-01-14T13:59:15","modified_gmt":"2025-01-14T12:59:15","slug":"karijera","status":"publish","type":"page","link":"https:\/\/old.zdravlje.co.rs\/sr\/karijera\/","title":{"rendered":"Karijera"},"content":{"rendered":"<p><section id=\"bt_section69f49d1a2c3fc\" data-parallax=\"0\" data-parallax-offset=\"0\" class=\"boldSection btDarkSkin gutter boxed btTopVertical btParallax wBackground cover wBackground cover\" style=\"background-image:url('https:\/\/old.zdravlje.co.rs\/wp-content\/uploads\/2024\/12\/zdravlje-careers_1.jpg');\"><div class=\"port\"><div class=\"boldCell\"><div class=\"boldCellInner\"><div class=\"boldRow \" ><div class=\"boldRowInner\"><div class=\"rowItem col-md-12 col-ms-12  btTextCenter btMiddleVertical btNoPadding\"  data-width=\"12\"><div class=\"rowItemContent\" ><div class=\"btClear btSeparator topSpaced bottomSpaced noBorder\" ><hr><\/div><header class=\"header btClear extralarge  bold\" ><div class=\"dash\"><h1><span class=\"headline\">Zajedno, stvaramo Zdraviju budu\u0107nost!<\/span><\/h1><\/div><\/header><div class=\"btClear btSeparator topSemiSpaced noBorder\" ><hr><\/div><div class=\"boldRow \" ><div class=\"boldRowInner\"><div class=\"rowItem rowInnerItem col-sm-12  btTextLeft\"  ><div class=\"rowItemContent\"><div class=\"btText\" ><\/p>\n<p style=\"text-align: left; font-size: 18px;\"><span style=\"color: #ffffff;\">Ve\u0107 71 godinu, Zdravlje zauzima istaknuto mesto u farmaceutskoj industriji, spajaju\u0107i bogatu tradiciju s inovativnom vizijom budu\u0107nosti.<\/span><\/p>\n<p style=\"text-align: left; font-size: 18px;\"><span style=\"color: #ffffff;\">Na\u0161 rad temelji se na osnovnim vrednostima koje nas vode u svemu \u0161to radimo \u2013 kvalitetu, inovativnosti i poverenju. Pridru\u017eite nam se dok pomeramo granice, osna\u017eujemo tim i zajedno stvaramo Zdraviju budu\u0107nost! <\/span><\/p>\n<p>\n<\/div><\/div><\/div><\/div><\/div><div class=\"boldRow \" ><div class=\"boldRowInner\"><div class=\"rowItem rowInnerItem col-sm-12  btTextCenter inherit\"  ><div class=\"rowItemContent\"><div class=\"btClear btSeparator topSemiSpaced noBorder\" ><hr><\/div><a href=\"https:\/\/old.zdravlje.co.rs\/sr\/o-nama\/\" class=\"btBtn btBtn btnFilledStyle btnAlternateColor btnBig btnNormalWidth btnRightPosition btnNoIcon\" ><span class=\"btnInnerText\">Otkrijte na\u0161u pri\u010du<\/span><\/a><a href=\"#jobs\" class=\"btBtn btBtn btnFilledStyle btnAlternateColor btnBig btnNormalWidth btnRightPosition btnNoIcon\" ><span class=\"btnInnerText\">Istra\u017ei poslove<\/span><\/a><div class=\"btClear btSeparator topSemiSpaced noBorder\" ><hr><\/div><\/div><\/div><\/div><\/div><\/div><\/div><\/div><\/div><\/div><\/div><\/div><\/section><section id=\"bt_section69f49d1a2dd8c\"  class=\"boldSection topSemiSpaced bottomSemiSpaced btDarkSkin btAccentColorBackground gutter boxed inherit\" ><div class=\"port\"><div class=\"boldCell\"><div class=\"boldCellInner\"><div class=\"boldRow \" ><div class=\"boldRowInner\"><div class=\"rowItem col-md-12 col-ms-12  btTextLeft animate animate-fadein inherit\"  data-width=\"12\"><div class=\"rowItemContent\" ><div class=\"boldRow  btDoubleRowSpacing\" ><div class=\"boldRowInner\"><div class=\"rowItem rowInnerItem col-sm-6  btTextLeft btMiddleVertical\"  ><div class=\"rowItemContent\"><div class=\"btClear btSeparator bottomSmallSpaced noBorder\" ><hr><\/div><div class=\"btText\" ><\/p>\n<p style=\"font-weight: 400;\">Na\u0161i ljudi su pokreta\u010dka snaga Zdravlja i klju\u010d na\u0161eg uspeha!<\/p>\n<p style=\"font-weight: 400;\">U videu, na\u0161i zaposleni su podelili svoju perspektivu o tome \u0161ta Zdravlje za njih predstavlja. Govorili su o razlozima zbog kojih su se pridru\u017eili kompaniji, trenucima ponosa i na\u010dinu na koji svakodnevno unose kreativnost i inovativnost u svoj rad. Njihove pri\u010de oslikavaju timski duh i pozitivnu energiju koja nas pokre\u0107e ka zajedni\u010dkom cilju \u2013 zdravijoj budu\u0107nosti.<\/p>\n<p style=\"font-weight: 400;\">Pogledajte video!<\/p>\n<p>\n<\/div><\/div><\/div><div class=\"rowItem rowInnerItem col-sm-6  btTextCenter inherit\"  ><div class=\"rowItemContent\"><div class=\"btClear btSeparator bottomSmallSpaced noBorder\" ><hr><\/div><div class=\"btText\" ><\/p>\n<p><iframe title=\"YouTube video player\" src=\"https:\/\/www.youtube.com\/embed\/5WpbpPvMXLQ?si=WgBCw6kHNFg9vfKB\" width=\"100%\" frameborder=\"0\" allowfullscreen=\"allowfullscreen\"><span data-mce-type=\"bookmark\" style=\"display: inline-block; width: 0px; overflow: hidden; line-height: 0;\" class=\"mce_SELRES_start\"><\/span><span data-mce-type=\"bookmark\" style=\"display: inline-block; width: 0px; overflow: hidden; line-height: 0;\" class=\"mce_SELRES_start\"><\/span><\/iframe><\/p>\n<p>\n<\/div><\/div><\/div><\/div><\/div><\/div><\/div><\/div><\/div><\/div><\/div><\/div><\/section><section id=\"bt_section69f49d1a2e2c4\"  class=\"boldSection topSemiSpaced bottomSemiSpaced btDarkSkin btAccentColorBackground inherit\" style=\"display:none; !important\"><div class=\"port\"><div class=\"boldCell\"><div class=\"boldCellInner\"><div class=\"boldRow \" ><div class=\"boldRowInner\"><div class=\"rowItem col-md-12 col-ms-12  btTextLeft animate animate-fadein inherit\"  data-width=\"12\"><div class=\"rowItemContent\" ><div class=\"slided autoSliderHeight\"  data-slick='{}' data-simple_arrows=\"no\"><div class=\"slidedItem firstItem\"  data-thumb=\"\"><div class=\"btSliderPort wBackground cover\" style=\"background-image: url('')\"><div class=\"btSliderCell\" data-slick=\"yes\"><div class=\"btSlideGutter\"><div class=\"btSlidePane\"><header class=\"header btClear extralarge  bold\" ><div class=\"dash\"><h1><span class=\"headline\">Our locations<\/span><\/h1><\/div><\/header><div class=\"boldRow  btDoubleRowSpacing\" ><div class=\"boldRowInner\"><div class=\"rowItem rowInnerItem col-sm-6  btTextLeft btTopVertical animate animate-fadein\"  ><div class=\"rowItemContent\"><header class=\"header btClear large  regular\" ><div class=\"dash\"><h2><span class=\"headline\">Leskovac<\/span><\/h2><\/div><\/header><div class=\"bpgPhoto btDefaultHoverType\" ><div class = \"btImage\"><img decoding=\"async\" src=\"https:\/\/old.zdravlje.co.rs\/wp-content\/uploads\/2024\/12\/zdravlje-placeholder.jpg\" alt=\"\" title=\"\"><\/div><\/div><div class=\"btClear btSeparator bottomSmallSpaced noBorder\" ><hr><\/div><div class=\"btText\" ><\/p>\n<p>Sa sedi\u0161tem u Leskovcu, na\u0161 CDMO sajt funkcioni\u0161e u pet klju\u010dnih objekata: proizvodnja, laboratorije kvaliteta, lanac snabdevanja, in\u017eenjering i menad\u017ement, podsti\u010duc\u0301i inovacije i isporu\u010dujuc\u0301i visokokvalitetne proizvode na\u0161im partnerima.<\/p>\n<p>\n<\/div><\/div><\/div><div class=\"rowItem rowInnerItem col-sm-6  btTextLeft btTopVertical animate animate-fadein\"  ><div class=\"rowItemContent\"><header class=\"header btClear large  regular\" ><div class=\"dash\"><h2><span class=\"headline\">Beograd<\/span><\/h2><\/div><\/header><div class=\"bpgPhoto btDefaultHoverType\" ><div class = \"btImage\"><img decoding=\"async\" src=\"https:\/\/old.zdravlje.co.rs\/wp-content\/uploads\/2024\/12\/zdravlje-placeholder.jpg\" alt=\"\" title=\"\"><\/div><\/div><div class=\"btClear btSeparator bottomSmallSpaced noBorder\" ><hr><\/div><div class=\"btText\" ><\/p>\n<p>Na\u0161a beogradska kancelarija, sme\u0161tena na trec\u0301em spratu kultne zgrade BIGZ-a, ima klju\u010dne funkcije podr\u0161ke pored na\u0161eg komercijalnog odeljenja. Ovde na\u0161i timovi za prodaju, marketing i klju\u010dne naloge zajedno rade na unapre\u0111enju poslovanja i ja\u010danju partnerstava kroz portfolio Zdravlje.<\/p>\n<p>\n<\/div><\/div><\/div><\/div><\/div><\/div><\/div><\/div><\/div><\/div><\/div><\/div><\/div><\/div><\/div><\/div><\/div><\/div><\/section><section id=\"bt_section69f49d1a2ef87\"  class=\"boldSection topSemiSpaced bottomSmallSpaced btDarkSkin btAccentColorBackground gutter boxed inherit\" ><div class=\"port\"><div class=\"boldCell\"><div class=\"boldCellInner\"><div class=\"boldRow \" ><div class=\"boldRowInner\"><div class=\"rowItem col-md-12 col-ms-12  btTextLeft animate animate-fadein inherit\"  data-width=\"12\"><div class=\"rowItemContent\" ><header class=\"header btClear extralarge  bold\" ><div class=\"dash\"><h1><span class=\"headline\">Tim i kultura<\/span><\/h1><\/div><\/header><\/div><\/div><\/div><\/div><div class=\"boldRow \" ><div class=\"boldRowInner\"><div class=\"rowItem col-md-4 col-ms-12 btTextLeft animate animate-fadein inherit\"  data-width=\"4\"><div class=\"rowItemContent\" ><div class=\"bpgPhoto btZoomInHoverType\" ><div class = \"btImage\"><img decoding=\"async\" src=\"https:\/\/old.zdravlje.co.rs\/wp-content\/uploads\/2024\/12\/zdravlje-careers-team_1-1.jpg\" alt=\"\" title=\"\"><\/div><\/div><div class=\"btClear btSeparator topExtraSmallSpaced noBorder\" ><hr><\/div><div class=\"btText\" ><\/p>\n<p style=\"text-align: center;\"><strong><span style=\"color: #03bde5; font-size: 18px;\">Cenimo stru\u010dnost i kvalitet<\/span><\/strong><\/p>\n<p>Na\u0161 tim \u010dine talentovani profesionalci koji svakog dana daju svoj maksimum. U Zdravlju cenimo razli\u010ditosti i vrednujemo jedinstvene ve\u0161tine i znanja koje svaki \u010dlan tima donosi.<\/p>\n<p>\n<\/div><\/div><\/div><div class=\"rowItem col-md-4 col-ms-12 btTextLeft animate animate-fadein inherit\"  data-width=\"4\"><div class=\"rowItemContent\" ><div class=\"bpgPhoto btZoomInHoverType\" ><div class = \"btImage\"><img decoding=\"async\" src=\"https:\/\/old.zdravlje.co.rs\/wp-content\/uploads\/2024\/12\/zdravlje-careers-team_2.jpg\" alt=\"\" title=\"\"><\/div><\/div><div class=\"btClear btSeparator topExtraSmallSpaced noBorder\" ><hr><\/div><div class=\"btText\" ><\/p>\n<p style=\"text-align: center;\"><strong><span style=\"color: #03bde5; font-size: 18px;\">Podsti\u010demo rast i inovacije<\/span><\/strong><\/p>\n<p>Gradimo kulturu koja inspiri\u0161e kreativnost i inovativnost, motivi\u0161u\u0107i na\u0161e zaposlene da pomeraju granice i istra\u017euju nove mogu\u0107nosti. Bez obzira na to da li ste na po\u010detku karijere ili ve\u0107 iskusni stru\u010dnjak, pru\u017eamo vam podr\u0161ku, resurse i okru\u017eenje u kojem mo\u017eete ostvariti svoj puni potencijal.<\/p>\n<p>\n<\/div><\/div><\/div><div class=\"rowItem col-md-4 col-ms-12 btTextLeft animate animate-fadein inherit\"  data-width=\"4\"><div class=\"rowItemContent\" ><div class=\"bpgPhoto btZoomInHoverType\" ><div class = \"btImage\"><img decoding=\"async\" src=\"https:\/\/old.zdravlje.co.rs\/wp-content\/uploads\/2024\/12\/zdravlje-careers-team_3-1.jpg\" alt=\"\" title=\"\"><\/div><\/div><div class=\"btClear btSeparator topExtraSmallSpaced noBorder\" ><hr><\/div><div class=\"btText\" ><\/p>\n<p style=\"text-align: center;\"><strong><span style=\"color: #03bde5; font-size: 18px;\">Verujemo u snagu saradnje<\/span><\/strong><\/p>\n<p>Negujemo timski duh u kojem razli\u010dite ideje dolaze do izra\u017eaja, stvaraju\u0107i inovativna re\u0161enja i zajedni\u010dki uspeh. Kada radimo zajedno, udru\u017eujemo svoje snage, me\u0111usobno se podr\u017eavamo i stvaramo radno okru\u017eenje u kojem svi imaju priliku da napreduju.<\/p>\n<p>\n<\/div><\/div><\/div><\/div><\/div><\/div><\/div><\/div><\/section><section id=\"jobs\" data-parallax=\"0\" data-parallax-offset=\"0\" class=\"boldSection btDarkSkin gutter boxed btTopVertical btParallax wBackground cover wBackground cover\" style=\"background-image:url('https:\/\/old.zdravlje.co.rs\/wp-content\/uploads\/2024\/12\/zdravlje-open-positions.jpg');\"><div class=\"port\"><div class=\"boldCell\"><div class=\"boldCellInner\"><div class=\"boldRow \" ><div class=\"boldRowInner\"><div class=\"rowItem col-md-12 col-ms-12  btTextCenter btMiddleVertical btNoPadding\"  data-width=\"12\"><div class=\"rowItemContent\" ><div class=\"btClear btSeparator topSpaced noBorder\" ><hr><\/div><header class=\"header btClear extralarge  bold\" ><div class=\"dash\"><h1><span class=\"headline\">Rad u Zdravlju<\/span><\/h1><\/div><\/header><div class=\"btClear btSeparator topSemiSpaced noBorder\" ><hr><\/div><div class=\"boldRow \" ><div class=\"boldRowInner\"><div class=\"rowItem rowInnerItem col-sm-12  btTextCenter inherit\"  ><div class=\"rowItemContent\"><div class=\"btText\" ><\/p>\n<p style=\"font-size: 18px; text-align: center;\"><span style=\"color: #ffffff;\">U Zdravlju uvek tra\u017eimo posve\u0107ene profesionalce koji \u017eele da doprinesu na\u0161oj misiji.<\/span><\/p>\n<p style=\"font-size: 18px; text-align: center;\"><span style=\"color: #ffffff;\">Ako trenutno ne prona\u0111ete poziciju koja odgovara va\u0161im ve\u0161tinama, slobodno po\u0161aljite op\u0161tu prijavu. Kontaktira\u0107emo vas kada se otvori prilika koja odgovara va\u0161em profilu i dosada\u0161njem iskustvu. <\/span><\/p>\n<p style=\"font-size: 18px; text-align: center;\"><span style=\"color: #ffffff;\">Zapo\u010dnite svoju karijeru u Zdravlju ve\u0107 danas!<\/span><\/p>\n<p>\n<\/div><div class=\"btClear btSeparator topSemiSpaced noBorder\" ><hr><\/div><a href=\"mailto:hr@zdravlje.co.rs\" class=\"btBtn btBtn btnOutlineStyle btnNormalColor btnBig btnFullWidth btnInlinePosition btnNoIcon\" ><span class=\"btnInnerText\">Op\u0161ta prijava<\/span><\/a><div class=\"btClear btSeparator topSpaced noBorder\" ><hr><\/div><\/div><\/div><\/div><\/div><\/div><\/div><\/div><\/div><\/div><\/div><\/div><\/section><section id=\"bt_section69f49d1a30c01\"  class=\"boldSection topSemiSpaced bottomSemiSpaced btDarkSkin btAccentColorBackground gutter boxed btMiddleVertical\" style=\"text-align: left; display:none; !important\"><div class=\"port\"><div class=\"boldCell\"><div class=\"boldCellInner\"><div class=\"boldRow \" ><div class=\"boldRowInner\"><div class=\"rowItem col-md-12 col-ms-12  btTextCenter inherit\"  data-width=\"12\"><div class=\"rowItemContent\" ><header class=\"header btClear large  bold\" ><div class=\"dash\"><h2><span class=\"headline\">Open positions<\/span><\/h2><\/div><\/header><div class=\"btClear btSeparator topSmallSpaced noBorder\" ><hr><\/div><\/div><\/div><\/div><\/div><div class=\"boldRow \" ><div class=\"boldRowInner\"><div class=\"rowItem col-md-4 col-ms-12 btTextLeft inherit\"  data-width=\"4\"><div class=\"rowItemContent\" ><div class=\"btText\" ><\/p>\n<h5 style=\"text-align: center;\"><span style=\"color: #ffffff;\"><a style=\"color: #ffffff;\" href=\"https:\/\/old.zdravlje.co.rs\/template-job\/\"><strong>In\u017eenjer elektroodr\u017eavanja<\/strong><\/a><\/span><\/h5>\n<h6 style=\"text-align: center;\"><span style=\"color: #ffffff;\">Leskovac<\/span><\/h6>\n<p>\n<\/div><\/div><\/div><div class=\"rowItem col-md-4 col-ms-12 btTextLeft inherit\"  data-width=\"4\"><div class=\"rowItemContent\" ><div class=\"btText\" ><\/p>\n<h5 style=\"text-align: center;\"><span style=\"color: #ffffff;\"><a style=\"color: #ffffff;\" href=\"https:\/\/old.zdravlje.co.rs\/template-job\/\"><strong>Vi\u0161i ra\u010dunovo\u0111a<\/strong><\/a><\/span><\/h5>\n<h6 style=\"text-align: center;\"><span style=\"color: #ffffff;\">Leskovac<\/span><\/h6>\n<p>\n<\/div><\/div><\/div><div class=\"rowItem col-md-4 col-ms-12 btTextLeft inherit\"  data-width=\"4\"><div class=\"rowItemContent\" ><div class=\"btText\" ><\/p>\n<h5 style=\"text-align: center;\"><span style=\"color: #ffffff;\"><a style=\"color: #ffffff;\" href=\"https:\/\/old.zdravlje.co.rs\/template-job\/\"><strong>Medicinski predstavnik<\/strong><\/a><\/span><\/h5>\n<h6 style=\"text-align: center;\"><span style=\"color: #ffffff;\">Beograd<\/span><\/h6>\n<p>\n<\/div><\/div><\/div><\/div><\/div><\/div><\/div><\/div><\/section><section id=\"bt_section69f49d1a3124b\"  class=\"boldSection topSemiSpaced bottomSemiSpaced btDarkSkin btAccentColorBackground gutter boxed btMiddleVertical\" style=\"text-align: left\"><div class=\"port\"><div class=\"boldCell\"><div class=\"boldCellInner\"><div class=\"boldRow \" ><div class=\"boldRowInner\"><div class=\"rowItem col-md-4 col-ms-12 btTextLeft inherit\"  data-width=\"4\"><div class=\"rowItemContent\" ><div class=\"btText\" ><\/p>\n<blockquote>\n<p style=\"text-align: right;\">Biljana Ili\u0107<br \/>\nMenad\u017eer Z\u017dS i BZNR<\/p>\n<\/blockquote>\n<p>Zdravlje je moj jedini poslodavac ve\u0107 skoro 25 godina. Reputacija ove kompanije donosi priznanja i po\u0161tovanje od raznih institucija, ali i pru\u017ea ose\u0107aj sigurnosti.<\/p>\n<p>\n<\/div><\/div><\/div><div class=\"rowItem col-md-4 col-ms-12 btTextLeft inherit\"  data-width=\"4\"><div class=\"rowItemContent\" ><div class=\"btText\" ><\/p>\n<blockquote>\n<p style=\"text-align: right;\">Mirjana Krsti\u0107<br \/>\nOdgovorna osoba za razvoj i usagla\u0161enost<\/p>\n<\/blockquote>\n<p>Sna\u017ena timska podr\u0161ka koju dobijam u Zdravlju \u010dini rad u ovoj kompaniji pravom privilegijom. Radujem se daljem usavr\u0161avanju i profesionalnom razvoju.<\/p>\n<p>\n<\/div><\/div><\/div><div class=\"rowItem col-md-4 col-ms-12 btTextLeft inherit\"  data-width=\"4\"><div class=\"rowItemContent\" ><div class=\"btText\" ><\/p>\n<blockquote>\n<p style=\"text-align: right;\">Stefan Po\u017ear<br \/>\nKonsultant za poslovne informacione sisteme<\/p>\n<\/blockquote>\n<p>Ubrzo nakon \u0161to sam se pridru\u017eio Zdravlju, imao sam \u010dast da radim sa kolegama na va\u017enim projektima, dele\u0107i svoje znanje i pru\u017eaju\u0107i doprinos rastu kompanije.<\/p>\n<p>\n<\/div><\/div><\/div><\/div><\/div><\/div><\/div><\/div><\/section><section id=\"bt_section69f49d1a31a9a\" data-parallax=\"0\" data-parallax-offset=\"0\" class=\"boldSection bottomSemiSpaced btDarkSkin gutter boxed btMiddleVertical btParallax wBackground cover wBackground cover\" style=\"background-color:#f4f4f4  !important;background-image:url('https:\/\/old.zdravlje.co.rs\/wp-content\/uploads\/2024\/12\/zdravlje-careers-connect.jpg');\"><div class=\"port\"><div class=\"boldCell\"><div class=\"boldCellInner\"><div class=\"boldRow \" ><div class=\"boldRowInner\"><div class=\"rowItem col-md-12 col-ms-12  btTextCenter btMiddleVertical btNoPadding\"  data-width=\"12\"><div class=\"rowItemContent\" ><div class=\"btClear btSeparator topSpaced noBorder\" ><hr><\/div><div class=\"btText\" ><\/p>\n<p style=\"text-align: center; font-size: 18px;\"><span style=\"color: #ffffff;\">Pove\u017eite se sa nama i budite u toku sa novim prilikama! <\/span><\/p>\n<p style=\"text-align: center; font-size: 18px;\"><span style=\"color: #ffffff;\">Pratite nas na na\u0161im dru\u0161tvenim mre\u017eama i saznajte vi\u0161e o Zdravlju i otvorenim pozicijama.<\/span><\/p>\n<p>\n<\/div><div class=\"btClear btSeparator bottomSpaced noBorder\" ><hr><\/div><\/div><\/div><\/div><\/div><div class=\"boldRow \" ><div class=\"boldRowInner\"><div class=\"rowItem col-md-4 col-ms-12 btTextCenter btMiddleVertical\"  data-width=\"4\"><div class=\"rowItemContent\" ><span class=\"btIco btIcoDefaultType btIcoLargeSize btIcoDefaultColor btIconCircleShape\"><a href=\"https:\/\/rs.linkedin.com\/company\/zdravlje\"  target=\"no_target\" data-ico-fa=\"&#xf08c;\" class=\"btIcoHolder\"><\/a><\/span><\/div><\/div><div class=\"rowItem col-md-4 col-ms-12 btTextCenter btMiddleVertical\"  data-width=\"4\"><div class=\"rowItemContent\" ><span class=\"btIco btIcoDefaultType btIcoLargeSize btIcoDefaultColor btIconCircleShape\"><a href=\"https:\/\/www.facebook.com\/zdravozdravlje.rs\/\"  target=\"no_target\" data-ico-fa=\"&#xf082;\" class=\"btIcoHolder\"><\/a><\/span><\/div><\/div><div class=\"rowItem col-md-4 col-ms-12 btTextCenter btMiddleVertical\"  data-width=\"4\"><div class=\"rowItemContent\" ><span class=\"btIco btIcoDefaultType btIcoLargeSize btIcoDefaultColor btIconCircleShape\"><a href=\"https:\/\/www.instagram.com\/zdravozdravlje.rs\/\"  target=\"no_target\" data-ico-fa=\"&#xf16d;\" class=\"btIcoHolder\"><\/a><\/span><\/div><\/div><\/div><\/div><div class=\"boldRow \" ><div class=\"boldRowInner\"><div class=\"rowItem col-md-12 col-ms-12  btTextLeft\"  data-width=\"12\"><div class=\"rowItemContent\" ><div class=\"btClear btSeparator bottomSpaced noBorder\" ><hr><\/div><\/div><\/div><\/div><\/div><\/div><\/div><\/div><\/section><\/p>\n","protected":false},"excerpt":{"rendered":"","protected":false},"author":7,"featured_media":0,"parent":0,"menu_order":0,"comment_status":"closed","ping_status":"closed","template":"","meta":{"footnotes":""},"class_list":["post-6427","page","type-page","status-publish","hentry"],"_links":{"self":[{"href":"https:\/\/old.zdravlje.co.rs\/sr\/wp-json\/wp\/v2\/pages\/6427","targetHints":{"allow":["GET"]}}],"collection":[{"href":"https:\/\/old.zdravlje.co.rs\/sr\/wp-json\/wp\/v2\/pages"}],"about":[{"href":"https:\/\/old.zdravlje.co.rs\/sr\/wp-json\/wp\/v2\/types\/page"}],"author":[{"embeddable":true,"href":"https:\/\/old.zdravlje.co.rs\/sr\/wp-json\/wp\/v2\/users\/7"}],"replies":[{"embeddable":true,"href":"https:\/\/old.zdravlje.co.rs\/sr\/wp-json\/wp\/v2\/comments?post=6427"}],"version-history":[{"count":6,"href":"https:\/\/old.zdravlje.co.rs\/sr\/wp-json\/wp\/v2\/pages\/6427\/revisions"}],"predecessor-version":[{"id":6435,"href":"https:\/\/old.zdravlje.co.rs\/sr\/wp-json\/wp\/v2\/pages\/6427\/revisions\/6435"}],"wp:attachment":[{"href":"https:\/\/old.zdravlje.co.rs\/sr\/wp-json\/wp\/v2\/media?parent=6427"}],"curies":[{"name":"wp","href":"https:\/\/api.w.org\/{rel}","templated":true}]}}